{"id":205896,"date":"2019-03-07T10:11:27","date_gmt":"2019-03-07T09:11:27","guid":{"rendered":"https:\/\/shop.oliobonamini.com\/prodotto\/100-italian-organic-extra-virgin-olive-oil\/"},"modified":"2026-04-28T16:39:24","modified_gmt":"2026-04-28T14:39:24","slug":"100-italian-organic-extra-virgin-olive-oil","status":"publish","type":"product","link":"https:\/\/shop.oliobonamini.com\/en\/prodotto\/100-italian-organic-extra-virgin-olive-oil\/","title":{"rendered":"100% Italian Organic Extra Virgin Olive Oil"},"content":{"rendered":"<h3 class=\"p1\">The 100% Italian organic oil has an ethical and environmental certification. Protecting the environment is not a slogan. In questo caso \u00e8 la certezza che \u00e8 possibile produrre in agricoltura in armonia con le risorse disponibili garantendo un futuro alla fertilit\u00e0 della terra.<\/h3>\n<p><strong><em>2024\/2025 harvest for 0,50L size<br \/>\n2025\/2026 harvest for 0,75L size<\/em><\/strong><\/p>\n<p class=\"p1\"><strong>Variety<\/strong>: typical varieties of Italian olives<br \/>\n<strong>Olives production area<\/strong>: in the Verona province and\/or in the best areas of olives vocation<br \/>\n<strong>Production period<\/strong>: middle of november<br \/>\n<strong>Pressing method<\/strong>: cold extraction with a continuous press<br \/>\n<strong>Acidity<\/strong>: max 0,3%<br \/>\n<strong>Colour<\/strong>: golden yellow with shades of green<br \/>\n<strong>Taste<\/strong>: medium fruity<br \/>\n<strong>Cooking advice<\/strong>: use raw on pasta recipes, on white meats and fresh veggies<\/p>\n<p class=\"p1\"><em>Controlled by ICEA Institute for the Ethical and Environmental Certification \u2013 Operator Code: IT BIO 006 E1464<br \/>\n<\/em><\/p>\n<p><strong><em>Shipping in 48-72h<\/em><\/strong><!--more--><\/p>\n","protected":false},"excerpt":{"rendered":"<p>The 100% Italian organic oil has an ethical and environmental certification. Protecting the environment is not a slogan. In questo caso \u00e8 la certezza che \u00e8 possibile produrre in agricoltura in armonia con le risorse disponibili garantendo un futuro alla fertilit\u00e0 della terra. 2024\/2025 harvest for 0,50L size 2025\/2026 harvest for 0,75L size Variety: typical [&hellip;]<\/p>\n","protected":false},"featured_media":205898,"comment_status":"closed","ping_status":"closed","template":"","meta":{"_acf_changed":false},"product_brand":[],"product_cat":[124],"product_tag":[],"class_list":{"0":"post-205896","1":"product","2":"type-product","3":"status-publish","4":"has-post-thumbnail","6":"product_cat-certified","8":"first","9":"instock","10":"taxable","11":"shipping-taxable","12":"purchasable","13":"product-type-variable"},"acf":[],"_links":{"self":[{"href":"https:\/\/shop.oliobonamini.com\/en\/wp-json\/wp\/v2\/product\/205896","targetHints":{"allow":["GET"]}}],"collection":[{"href":"https:\/\/shop.oliobonamini.com\/en\/wp-json\/wp\/v2\/product"}],"about":[{"href":"https:\/\/shop.oliobonamini.com\/en\/wp-json\/wp\/v2\/types\/product"}],"replies":[{"embeddable":true,"href":"https:\/\/shop.oliobonamini.com\/en\/wp-json\/wp\/v2\/comments?post=205896"}],"version-history":[{"count":3,"href":"https:\/\/shop.oliobonamini.com\/en\/wp-json\/wp\/v2\/product\/205896\/revisions"}],"predecessor-version":[{"id":207417,"href":"https:\/\/shop.oliobonamini.com\/en\/wp-json\/wp\/v2\/product\/205896\/revisions\/207417"}],"wp:featuredmedia":[{"embeddable":true,"href":"https:\/\/shop.oliobonamini.com\/en\/wp-json\/wp\/v2\/media\/205898"}],"wp:attachment":[{"href":"https:\/\/shop.oliobonamini.com\/en\/wp-json\/wp\/v2\/media?parent=205896"}],"wp:term":[{"taxonomy":"product_brand","embeddable":true,"href":"https:\/\/shop.oliobonamini.com\/en\/wp-json\/wp\/v2\/product_brand?post=205896"},{"taxonomy":"product_cat","embeddable":true,"href":"https:\/\/shop.oliobonamini.com\/en\/wp-json\/wp\/v2\/product_cat?post=205896"},{"taxonomy":"product_tag","embeddable":true,"href":"https:\/\/shop.oliobonamini.com\/en\/wp-json\/wp\/v2\/product_tag?post=205896"}],"curies":[{"name":"wp","href":"https:\/\/api.w.org\/{rel}","templated":true}]}}