{"id":95703,"date":"2022-03-08T16:42:09","date_gmt":"2022-03-08T15:42:09","guid":{"rendered":"https:\/\/shop.oliobonamini.com\/?post_type=product&#038;p=95703"},"modified":"2023-11-16T12:23:19","modified_gmt":"2023-11-16T11:23:19","slug":"olive-bella-di-cerignola-schiacciate-piccanti-in-vaso","status":"publish","type":"product","link":"https:\/\/shop.oliobonamini.com\/de\/prodotto\/olive-bella-di-cerignola-schiacciate-piccanti-in-vaso\/","title":{"rendered":"Bella Di Cerignola w\u00fcrzige Oliven &#8211; Krug"},"content":{"rendered":"<p>Die besten ausgew\u00e4hlten Oliven, zerkleinert und mit nativem Oliven\u00f6l extra und Peperoni gew\u00fcrzt.<\/p>\n<p><strong>Zutaten<\/strong>: Bella Di Cerignola gr\u00fcne Oliven, natives Oliven\u00f6l extra, Salz, Chili, Wei\u00dfweinessig und Kr\u00e4uter.<\/p>\n<p>Beh\u00e4lter: 580 ml.<\/p>","protected":false},"excerpt":{"rendered":"<p>Die besten ausgew\u00e4hlten Oliven, zerkleinert und mit nativem Oliven\u00f6l extra und Peperoni gew\u00fcrzt. Zutaten: Bella Di Cerignola gr\u00fcne Oliven, natives Oliven\u00f6l extra, Salz, Chili, Wei\u00dfweinessig und Kr\u00e4uter. Beh\u00e4lter: 580 ml.<\/p>\n","protected":false},"featured_media":95704,"comment_status":"open","ping_status":"closed","template":"","meta":{"_acf_changed":false},"product_brand":[],"product_cat":[33,34],"product_tag":[],"class_list":{"0":"post-95703","1":"product","2":"type-product","3":"status-publish","4":"has-post-thumbnail","6":"product_cat-le-specialita","7":"product_cat-olive","9":"first","10":"instock","11":"taxable","12":"shipping-taxable","13":"purchasable","14":"product-type-simple"},"acf":[],"_links":{"self":[{"href":"https:\/\/shop.oliobonamini.com\/de\/wp-json\/wp\/v2\/product\/95703","targetHints":{"allow":["GET"]}}],"collection":[{"href":"https:\/\/shop.oliobonamini.com\/de\/wp-json\/wp\/v2\/product"}],"about":[{"href":"https:\/\/shop.oliobonamini.com\/de\/wp-json\/wp\/v2\/types\/product"}],"replies":[{"embeddable":true,"href":"https:\/\/shop.oliobonamini.com\/de\/wp-json\/wp\/v2\/comments?post=95703"}],"wp:featuredmedia":[{"embeddable":true,"href":"https:\/\/shop.oliobonamini.com\/de\/wp-json\/wp\/v2\/media\/95704"}],"wp:attachment":[{"href":"https:\/\/shop.oliobonamini.com\/de\/wp-json\/wp\/v2\/media?parent=95703"}],"wp:term":[{"taxonomy":"product_brand","embeddable":true,"href":"https:\/\/shop.oliobonamini.com\/de\/wp-json\/wp\/v2\/product_brand?post=95703"},{"taxonomy":"product_cat","embeddable":true,"href":"https:\/\/shop.oliobonamini.com\/de\/wp-json\/wp\/v2\/product_cat?post=95703"},{"taxonomy":"product_tag","embeddable":true,"href":"https:\/\/shop.oliobonamini.com\/de\/wp-json\/wp\/v2\/product_tag?post=95703"}],"curies":[{"name":"wp","href":"https:\/\/api.w.org\/{rel}","templated":true}]}}