{"id":93,"date":"2019-03-11T11:06:18","date_gmt":"2019-03-11T10:06:18","guid":{"rendered":"http:\/\/shop.oliobonamini.com\/?post_type=product&#038;p=93"},"modified":"2025-11-21T10:05:43","modified_gmt":"2025-11-21T09:05:43","slug":"fusilli","status":"publish","type":"product","link":"https:\/\/shop.oliobonamini.com\/de\/prodotto\/fusilli\/","title":{"rendered":"Pasta &#8211; Fusilli"},"content":{"rendered":"<p>Die ganze italienische Erfahrung bei der Auswahl der besten Gro\u00dfen und bei der langsamen handwerchlichen Verarbeitung ist in dieser Pasta f\u00fcr den t\u00e4glichen Bebrauch enthalten.<\/p>\n<p><strong>Zutaten:\u00a0<\/strong>Hartweizengrie\u00df und Wasser.<\/p>\n<p>Beh\u00e4lter: 500 gr.<\/p>","protected":false},"excerpt":{"rendered":"<p>Die ganze italienische Erfahrung bei der Auswahl der besten Gro\u00dfen und bei der langsamen handwerchlichen Verarbeitung ist in dieser Pasta f\u00fcr den t\u00e4glichen Bebrauch enthalten. Zutaten:\u00a0Hartweizengrie\u00df und Wasser. Beh\u00e4lter: 500 gr.<\/p>\n","protected":false},"featured_media":94,"comment_status":"closed","ping_status":"closed","template":"","meta":{"_acf_changed":false},"product_brand":[],"product_cat":[24],"product_tag":[],"class_list":{"0":"post-93","1":"product","2":"type-product","3":"status-publish","4":"has-post-thumbnail","6":"product_cat-pasta","8":"first","9":"instock","10":"taxable","11":"shipping-taxable","12":"purchasable","13":"product-type-simple"},"acf":[],"_links":{"self":[{"href":"https:\/\/shop.oliobonamini.com\/de\/wp-json\/wp\/v2\/product\/93","targetHints":{"allow":["GET"]}}],"collection":[{"href":"https:\/\/shop.oliobonamini.com\/de\/wp-json\/wp\/v2\/product"}],"about":[{"href":"https:\/\/shop.oliobonamini.com\/de\/wp-json\/wp\/v2\/types\/product"}],"replies":[{"embeddable":true,"href":"https:\/\/shop.oliobonamini.com\/de\/wp-json\/wp\/v2\/comments?post=93"}],"wp:featuredmedia":[{"embeddable":true,"href":"https:\/\/shop.oliobonamini.com\/de\/wp-json\/wp\/v2\/media\/94"}],"wp:attachment":[{"href":"https:\/\/shop.oliobonamini.com\/de\/wp-json\/wp\/v2\/media?parent=93"}],"wp:term":[{"taxonomy":"product_brand","embeddable":true,"href":"https:\/\/shop.oliobonamini.com\/de\/wp-json\/wp\/v2\/product_brand?post=93"},{"taxonomy":"product_cat","embeddable":true,"href":"https:\/\/shop.oliobonamini.com\/de\/wp-json\/wp\/v2\/product_cat?post=93"},{"taxonomy":"product_tag","embeddable":true,"href":"https:\/\/shop.oliobonamini.com\/de\/wp-json\/wp\/v2\/product_tag?post=93"}],"curies":[{"name":"wp","href":"https:\/\/api.w.org\/{rel}","templated":true}]}}