{"id":92,"date":"2019-03-11T11:02:17","date_gmt":"2019-03-11T10:02:17","guid":{"rendered":"http:\/\/shop.oliobonamini.com\/?post_type=product&#038;p=92"},"modified":"2026-02-11T09:15:57","modified_gmt":"2026-02-11T08:15:57","slug":"tartufo","status":"publish","type":"product","link":"https:\/\/shop.oliobonamini.com\/de\/prodotto\/tartufo\/","title":{"rendered":"Tr\u00fcffel &#8211; nat\u00fcrlich aromatisiertes Oliven\u00f6l 250ML"},"content":{"rendered":"<p>Die Kombination dieser aromatisierten Rohw\u00fcrze auf frischer hausgemachter Pasta oder Risotto ist exquisit, immer kombiniert mit anderen Zutaten mit einem ebenso ausgewogenen Geschmack. Hervorragend zu Weichk\u00e4se, Pilzcarpaccio oder zur Zubereitung von Eiern in all ihren Formen. Gr\u00fcnes Licht f\u00fcr wei\u00dfe Pizza!<\/p>\n<p><strong>Zutaten<\/strong>: 98% natives Oliven\u00f6l extra und nat\u00fcrliches Tr\u00fcffelaroma.<\/p>","protected":false},"excerpt":{"rendered":"<p>Die Kombination dieser aromatisierten Rohw\u00fcrze auf frischer hausgemachter Pasta oder Risotto ist exquisit, immer kombiniert mit anderen Zutaten mit einem ebenso ausgewogenen Geschmack. Hervorragend zu Weichk\u00e4se, Pilzcarpaccio oder zur Zubereitung von Eiern in all ihren Formen. Gr\u00fcnes Licht f\u00fcr wei\u00dfe Pizza! Zutaten: 98% natives Oliven\u00f6l extra und nat\u00fcrliches Tr\u00fcffelaroma.<\/p>\n","protected":false},"featured_media":45574,"comment_status":"closed","ping_status":"closed","template":"","meta":{"_acf_changed":false},"product_brand":[],"product_cat":[23],"product_tag":[],"class_list":{"0":"post-92","1":"product","2":"type-product","3":"status-publish","4":"has-post-thumbnail","6":"product_cat-aceti-condimenti","8":"first","9":"instock","10":"taxable","11":"shipping-taxable","12":"purchasable","13":"product-type-simple"},"acf":[],"_links":{"self":[{"href":"https:\/\/shop.oliobonamini.com\/de\/wp-json\/wp\/v2\/product\/92","targetHints":{"allow":["GET"]}}],"collection":[{"href":"https:\/\/shop.oliobonamini.com\/de\/wp-json\/wp\/v2\/product"}],"about":[{"href":"https:\/\/shop.oliobonamini.com\/de\/wp-json\/wp\/v2\/types\/product"}],"replies":[{"embeddable":true,"href":"https:\/\/shop.oliobonamini.com\/de\/wp-json\/wp\/v2\/comments?post=92"}],"wp:featuredmedia":[{"embeddable":true,"href":"https:\/\/shop.oliobonamini.com\/de\/wp-json\/wp\/v2\/media\/45574"}],"wp:attachment":[{"href":"https:\/\/shop.oliobonamini.com\/de\/wp-json\/wp\/v2\/media?parent=92"}],"wp:term":[{"taxonomy":"product_brand","embeddable":true,"href":"https:\/\/shop.oliobonamini.com\/de\/wp-json\/wp\/v2\/product_brand?post=92"},{"taxonomy":"product_cat","embeddable":true,"href":"https:\/\/shop.oliobonamini.com\/de\/wp-json\/wp\/v2\/product_cat?post=92"},{"taxonomy":"product_tag","embeddable":true,"href":"https:\/\/shop.oliobonamini.com\/de\/wp-json\/wp\/v2\/product_tag?post=92"}],"curies":[{"name":"wp","href":"https:\/\/api.w.org\/{rel}","templated":true}]}}