{"id":91,"date":"2019-03-11T11:01:34","date_gmt":"2019-03-11T10:01:34","guid":{"rendered":"http:\/\/shop.oliobonamini.com\/?post_type=product&#038;p=91"},"modified":"2026-02-13T17:19:57","modified_gmt":"2026-02-13T16:19:57","slug":"rosmarino","status":"publish","type":"product","link":"https:\/\/shop.oliobonamini.com\/de\/prodotto\/rosmarino\/","title":{"rendered":"Rosmarin &#8211; nat\u00fcrlich aromatisiertes Oliven\u00f6l 250ML"},"content":{"rendered":"<p>Ein scharfes und aromatisches natives Oliven\u00f6l extra, das perfekt zu Bratkartoffeln, H\u00fclsenfr\u00fcchten, Tomatensaucen, gebackenem K\u00fcrbis und ersten G\u00e4ngen mit wei\u00dfem und\/oder rotem Fleisch passt. Es ist auch besonders n\u00fctzlich bei der Zubereitung von Marinaden f\u00fcr rotes Fleisch vor dem Grillen oder Grillen.<\/p>\n<p><strong>Zutaten<\/strong>: 98% natives Oliven\u00f6l extra, nat\u00fcrliches Aroma von Rosmarin und getrocknetem Rosmarin.<\/p>","protected":false},"excerpt":{"rendered":"<p>Ein scharfes und aromatisches natives Oliven\u00f6l extra, das perfekt zu Bratkartoffeln, H\u00fclsenfr\u00fcchten, Tomatensaucen, gebackenem K\u00fcrbis und ersten G\u00e4ngen mit wei\u00dfem und\/oder rotem Fleisch passt. Es ist auch besonders n\u00fctzlich bei der Zubereitung von Marinaden f\u00fcr rotes Fleisch vor dem Grillen oder Grillen. Zutaten: 98% natives Oliven\u00f6l extra, nat\u00fcrliches Aroma von Rosmarin und getrocknetem Rosmarin.<\/p>\n","protected":false},"featured_media":45576,"comment_status":"closed","ping_status":"closed","template":"","meta":{"_acf_changed":false},"product_brand":[],"product_cat":[23],"product_tag":[],"class_list":{"0":"post-91","1":"product","2":"type-product","3":"status-publish","4":"has-post-thumbnail","6":"product_cat-aceti-condimenti","8":"first","9":"instock","10":"taxable","11":"shipping-taxable","12":"purchasable","13":"product-type-simple"},"acf":[],"_links":{"self":[{"href":"https:\/\/shop.oliobonamini.com\/de\/wp-json\/wp\/v2\/product\/91","targetHints":{"allow":["GET"]}}],"collection":[{"href":"https:\/\/shop.oliobonamini.com\/de\/wp-json\/wp\/v2\/product"}],"about":[{"href":"https:\/\/shop.oliobonamini.com\/de\/wp-json\/wp\/v2\/types\/product"}],"replies":[{"embeddable":true,"href":"https:\/\/shop.oliobonamini.com\/de\/wp-json\/wp\/v2\/comments?post=91"}],"wp:featuredmedia":[{"embeddable":true,"href":"https:\/\/shop.oliobonamini.com\/de\/wp-json\/wp\/v2\/media\/45576"}],"wp:attachment":[{"href":"https:\/\/shop.oliobonamini.com\/de\/wp-json\/wp\/v2\/media?parent=91"}],"wp:term":[{"taxonomy":"product_brand","embeddable":true,"href":"https:\/\/shop.oliobonamini.com\/de\/wp-json\/wp\/v2\/product_brand?post=91"},{"taxonomy":"product_cat","embeddable":true,"href":"https:\/\/shop.oliobonamini.com\/de\/wp-json\/wp\/v2\/product_cat?post=91"},{"taxonomy":"product_tag","embeddable":true,"href":"https:\/\/shop.oliobonamini.com\/de\/wp-json\/wp\/v2\/product_tag?post=91"}],"curies":[{"name":"wp","href":"https:\/\/api.w.org\/{rel}","templated":true}]}}