{"id":89,"date":"2019-03-11T11:00:06","date_gmt":"2019-03-11T10:00:06","guid":{"rendered":"http:\/\/shop.oliobonamini.com\/?post_type=product&#038;p=89"},"modified":"2024-02-23T18:00:39","modified_gmt":"2024-02-23T17:00:39","slug":"origano","status":"publish","type":"product","link":"https:\/\/shop.oliobonamini.com\/de\/prodotto\/origano\/","title":{"rendered":"Oregano &#8211; nat\u00fcrlich aromatisiertes Oliven\u00f6l 250ML"},"content":{"rendered":"<p>Es ist einfach zu verwenden, genau wie alle anderen aromatischen Kr\u00e4uter. Er ist n\u00e4mlich der ideale Begleiter f\u00fcr Tomaten und Sommergem\u00fcse wie Auberginen, Zucchini und Paprika. Aber auch K\u00e4se, Kartoffeln und Wildgerichte sind eine weitere erfolgreiche Kombinationswahl f\u00fcr dieses aromatisierte Oliven\u00f6l.<\/p>\n<p><strong>Zutaten<\/strong>: Oliven\u00f6l extra vergine 98%, nat\u00fcrliches Aroma von Oregano und getrocknetem Oregano.<\/p>","protected":false},"excerpt":{"rendered":"<p>Es ist einfach zu verwenden, genau wie alle anderen aromatischen Kr\u00e4uter. Er ist n\u00e4mlich der ideale Begleiter f\u00fcr Tomaten und Sommergem\u00fcse wie Auberginen, Zucchini und Paprika. Aber auch K\u00e4se, Kartoffeln und Wildgerichte sind eine weitere erfolgreiche Kombinationswahl f\u00fcr dieses aromatisierte Oliven\u00f6l. Zutaten: Oliven\u00f6l extra vergine 98%, nat\u00fcrliches Aroma von Oregano und getrocknetem Oregano.<\/p>\n","protected":false},"featured_media":45578,"comment_status":"closed","ping_status":"closed","template":"","meta":{"_acf_changed":false},"product_brand":[],"product_cat":[23,67],"product_tag":[],"class_list":{"0":"post-89","1":"product","2":"type-product","3":"status-publish","4":"has-post-thumbnail","6":"product_cat-aceti-condimenti","7":"product_cat-free-gift","9":"first","10":"instock","11":"taxable","12":"shipping-taxable","13":"purchasable","14":"product-type-simple"},"acf":[],"_links":{"self":[{"href":"https:\/\/shop.oliobonamini.com\/de\/wp-json\/wp\/v2\/product\/89","targetHints":{"allow":["GET"]}}],"collection":[{"href":"https:\/\/shop.oliobonamini.com\/de\/wp-json\/wp\/v2\/product"}],"about":[{"href":"https:\/\/shop.oliobonamini.com\/de\/wp-json\/wp\/v2\/types\/product"}],"replies":[{"embeddable":true,"href":"https:\/\/shop.oliobonamini.com\/de\/wp-json\/wp\/v2\/comments?post=89"}],"wp:featuredmedia":[{"embeddable":true,"href":"https:\/\/shop.oliobonamini.com\/de\/wp-json\/wp\/v2\/media\/45578"}],"wp:attachment":[{"href":"https:\/\/shop.oliobonamini.com\/de\/wp-json\/wp\/v2\/media?parent=89"}],"wp:term":[{"taxonomy":"product_brand","embeddable":true,"href":"https:\/\/shop.oliobonamini.com\/de\/wp-json\/wp\/v2\/product_brand?post=89"},{"taxonomy":"product_cat","embeddable":true,"href":"https:\/\/shop.oliobonamini.com\/de\/wp-json\/wp\/v2\/product_cat?post=89"},{"taxonomy":"product_tag","embeddable":true,"href":"https:\/\/shop.oliobonamini.com\/de\/wp-json\/wp\/v2\/product_tag?post=89"}],"curies":[{"name":"wp","href":"https:\/\/api.w.org\/{rel}","templated":true}]}}