{"id":88,"date":"2019-03-11T10:59:16","date_gmt":"2019-03-11T09:59:16","guid":{"rendered":"http:\/\/shop.oliobonamini.com\/?post_type=product&#038;p=88"},"modified":"2026-03-05T14:56:05","modified_gmt":"2026-03-05T13:56:05","slug":"limone","status":"publish","type":"product","link":"https:\/\/shop.oliobonamini.com\/de\/prodotto\/limone\/","title":{"rendered":"Zitrone &#8211; nat\u00fcrlich aromatisiertes Oliven\u00f6l 250ML"},"content":{"rendered":"<p>Dieses \u00d6l erweist sich als ein zartes und schmackhaftes Gew\u00fcrz, sogar \u00fcberraschend. Hervorragend geeignet, um Carpaccio aus rohem Fleisch und Fisch, gemischten gegrillten Fischen aus dem See und\/oder Meer, wei\u00dfem Fleisch, saisonalen Salaten und kalten Nudeln eine besondere Note zu verleihen. Sehr n\u00fctzlich bei der Zubereitung des klassischen weich getr\u00e4nkten Kuchens zum Fr\u00fchst\u00fcck.<\/p>\n<p><strong>Zutaten<\/strong>: 98% natives Oliven\u00f6l extra und 2% nat\u00fcrliches Zitronenaroma.<\/p>","protected":false},"excerpt":{"rendered":"<p>Dieses \u00d6l erweist sich als ein zartes und schmackhaftes Gew\u00fcrz, sogar \u00fcberraschend. Hervorragend geeignet, um Carpaccio aus rohem Fleisch und Fisch, gemischten gegrillten Fischen aus dem See und\/oder Meer, wei\u00dfem Fleisch, saisonalen Salaten und kalten Nudeln eine besondere Note zu verleihen. Sehr n\u00fctzlich bei der Zubereitung des klassischen weich getr\u00e4nkten Kuchens zum Fr\u00fchst\u00fcck. Zutaten: 98% [&hellip;]<\/p>\n","protected":false},"featured_media":45579,"comment_status":"closed","ping_status":"closed","template":"","meta":{"_acf_changed":false},"product_brand":[],"product_cat":[23],"product_tag":[],"class_list":{"0":"post-88","1":"product","2":"type-product","3":"status-publish","4":"has-post-thumbnail","6":"product_cat-aceti-condimenti","8":"first","9":"instock","10":"taxable","11":"shipping-taxable","12":"purchasable","13":"product-type-variable"},"acf":[],"_links":{"self":[{"href":"https:\/\/shop.oliobonamini.com\/de\/wp-json\/wp\/v2\/product\/88","targetHints":{"allow":["GET"]}}],"collection":[{"href":"https:\/\/shop.oliobonamini.com\/de\/wp-json\/wp\/v2\/product"}],"about":[{"href":"https:\/\/shop.oliobonamini.com\/de\/wp-json\/wp\/v2\/types\/product"}],"replies":[{"embeddable":true,"href":"https:\/\/shop.oliobonamini.com\/de\/wp-json\/wp\/v2\/comments?post=88"}],"wp:featuredmedia":[{"embeddable":true,"href":"https:\/\/shop.oliobonamini.com\/de\/wp-json\/wp\/v2\/media\/45579"}],"wp:attachment":[{"href":"https:\/\/shop.oliobonamini.com\/de\/wp-json\/wp\/v2\/media?parent=88"}],"wp:term":[{"taxonomy":"product_brand","embeddable":true,"href":"https:\/\/shop.oliobonamini.com\/de\/wp-json\/wp\/v2\/product_brand?post=88"},{"taxonomy":"product_cat","embeddable":true,"href":"https:\/\/shop.oliobonamini.com\/de\/wp-json\/wp\/v2\/product_cat?post=88"},{"taxonomy":"product_tag","embeddable":true,"href":"https:\/\/shop.oliobonamini.com\/de\/wp-json\/wp\/v2\/product_tag?post=88"}],"curies":[{"name":"wp","href":"https:\/\/api.w.org\/{rel}","templated":true}]}}