{"id":87,"date":"2019-03-11T10:58:02","date_gmt":"2019-03-11T09:58:02","guid":{"rendered":"http:\/\/shop.oliobonamini.com\/?post_type=product&#038;p=87"},"modified":"2025-07-16T14:40:35","modified_gmt":"2025-07-16T12:40:35","slug":"basilico","status":"publish","type":"product","link":"https:\/\/shop.oliobonamini.com\/de\/prodotto\/basilico\/","title":{"rendered":"Basilikum &#8211; nat\u00fcrlich aromatisiertes Oliven\u00f6l 250ML"},"content":{"rendered":"<p>Ideal f\u00fcr delikate Frisch- und Sommersaucen und Pasta mit frischen Tomaten, hervorragend im Caprese-Salat.<\/p>\n<p><strong>Zutaten<\/strong>: Oliven\u00f6l extra vergine 98%, nat\u00fcrliches Aroma von Basilikum 2% und getrocknetem Basilikum.<\/p>","protected":false},"excerpt":{"rendered":"<p>Ideal f\u00fcr delikate Frisch- und Sommersaucen und Pasta mit frischen Tomaten, hervorragend im Caprese-Salat. Zutaten: Oliven\u00f6l extra vergine 98%, nat\u00fcrliches Aroma von Basilikum 2% und getrocknetem Basilikum.<\/p>\n","protected":false},"featured_media":45580,"comment_status":"closed","ping_status":"closed","template":"","meta":{"_acf_changed":false},"product_brand":[],"product_cat":[23],"product_tag":[],"class_list":{"0":"post-87","1":"product","2":"type-product","3":"status-publish","4":"has-post-thumbnail","6":"product_cat-aceti-condimenti","8":"first","9":"instock","10":"taxable","11":"shipping-taxable","12":"purchasable","13":"product-type-simple"},"acf":[],"_links":{"self":[{"href":"https:\/\/shop.oliobonamini.com\/de\/wp-json\/wp\/v2\/product\/87","targetHints":{"allow":["GET"]}}],"collection":[{"href":"https:\/\/shop.oliobonamini.com\/de\/wp-json\/wp\/v2\/product"}],"about":[{"href":"https:\/\/shop.oliobonamini.com\/de\/wp-json\/wp\/v2\/types\/product"}],"replies":[{"embeddable":true,"href":"https:\/\/shop.oliobonamini.com\/de\/wp-json\/wp\/v2\/comments?post=87"}],"wp:featuredmedia":[{"embeddable":true,"href":"https:\/\/shop.oliobonamini.com\/de\/wp-json\/wp\/v2\/media\/45580"}],"wp:attachment":[{"href":"https:\/\/shop.oliobonamini.com\/de\/wp-json\/wp\/v2\/media?parent=87"}],"wp:term":[{"taxonomy":"product_brand","embeddable":true,"href":"https:\/\/shop.oliobonamini.com\/de\/wp-json\/wp\/v2\/product_brand?post=87"},{"taxonomy":"product_cat","embeddable":true,"href":"https:\/\/shop.oliobonamini.com\/de\/wp-json\/wp\/v2\/product_cat?post=87"},{"taxonomy":"product_tag","embeddable":true,"href":"https:\/\/shop.oliobonamini.com\/de\/wp-json\/wp\/v2\/product_tag?post=87"}],"curies":[{"name":"wp","href":"https:\/\/api.w.org\/{rel}","templated":true}]}}