{"id":866,"date":"2019-12-18T17:18:22","date_gmt":"2019-12-18T16:18:22","guid":{"rendered":"https:\/\/shop.oliobonamini.com\/?post_type=product&#038;p=866"},"modified":"2026-02-09T15:32:04","modified_gmt":"2026-02-09T14:32:04","slug":"or-de-noires","status":"publish","type":"product","link":"https:\/\/shop.oliobonamini.com\/de\/prodotto\/or-de-noires\/","title":{"rendered":"OR DE NOIRES \u00d6L"},"content":{"rendered":"<p><\/p>\n<h3>Or de Noires ist ein natives Oliven\u00f6l extra, das ausschlie\u00dflich aus der besten Auswahl an sonnendurchfluteten, schwarzen Oliven hergestellt wird.<\/h3>\n<p><em><strong>Olivenernte 2025\/2026<\/strong><\/em><\/p>\n<p><img decoding=\"async\" class=\"alignnone wp-image-143174\" src=\"https:\/\/shop.oliobonamini.com\/wp-content\/uploads\/2019\/12\/ODN.jpg\" alt=\"\" width=\"220\" height=\"209\" srcset=\"https:\/\/shop.oliobonamini.com\/wp-content\/uploads\/2019\/12\/ODN.jpg 1754w, https:\/\/shop.oliobonamini.com\/wp-content\/uploads\/2019\/12\/ODN-300x285.jpg 300w, https:\/\/shop.oliobonamini.com\/wp-content\/uploads\/2019\/12\/ODN-1024x973.jpg 1024w, https:\/\/shop.oliobonamini.com\/wp-content\/uploads\/2019\/12\/ODN-768x730.jpg 768w, https:\/\/shop.oliobonamini.com\/wp-content\/uploads\/2019\/12\/ODN-1536x1460.jpg 1536w, https:\/\/shop.oliobonamini.com\/wp-content\/uploads\/2019\/12\/ODN-13x12.jpg 13w\" sizes=\"(max-width: 220px) 100vw, 220px\" \/><img fetchpriority=\"high\" decoding=\"async\" class=\"alignnone wp-image-98242\" src=\"https:\/\/shop.oliobonamini.com\/wp-content\/uploads\/2019\/03\/LabelSegnalatoOli2022.jpg\" alt=\"\" width=\"260\" height=\"206\" srcset=\"https:\/\/shop.oliobonamini.com\/wp-content\/uploads\/2019\/03\/LabelSegnalatoOli2022.jpg 490w, https:\/\/shop.oliobonamini.com\/wp-content\/uploads\/2019\/03\/LabelSegnalatoOli2022-300x237.jpg 300w, https:\/\/shop.oliobonamini.com\/wp-content\/uploads\/2019\/03\/LabelSegnalatoOli2022-16x12.jpg 16w\" sizes=\"(max-width: 260px) 100vw, 260px\" \/><img decoding=\"async\" class=\"alignnone wp-image-2318\" src=\"https:\/\/shop.oliobonamini.com\/wp-content\/uploads\/2020\/09\/117983535_3441971292493210_2484727137913609240_n-300x251.jpg\" alt=\"\" width=\"264\" height=\"221\" srcset=\"https:\/\/shop.oliobonamini.com\/wp-content\/uploads\/2020\/09\/117983535_3441971292493210_2484727137913609240_n-300x251.jpg 300w, https:\/\/shop.oliobonamini.com\/wp-content\/uploads\/2020\/09\/117983535_3441971292493210_2484727137913609240_n-768x644.jpg 768w, https:\/\/shop.oliobonamini.com\/wp-content\/uploads\/2020\/09\/117983535_3441971292493210_2484727137913609240_n.jpg 940w\" sizes=\"(max-width: 264px) 100vw, 264px\" \/><\/p>\n<p><strong>Sorte<\/strong>: Leccino und Grignano<br \/>\n<strong>Olivenanbaugebiet<\/strong>: Provinz Verona und\/oder in den besten Olivenanbaugebieten<br \/>\n<strong>Produktionszeitraum<\/strong>: Ende Oktober<br \/>\n<strong>Pressverfahren<\/strong>: kalt mit einem kontinuierlichen System<br \/>\n<strong>S\u00e4ure<\/strong>: 0,2 % max<br \/>\n<strong>Farbe<\/strong>: goldgelb<br \/>\n<strong>Geschmack<\/strong>: leicht fruchtig mit s\u00fc\u00dfen Mandelnoten und einer leichten krautigen Sensation<br \/>\n<strong>Anwendungsempfehlung<\/strong>: Geeignet f\u00fcr Fisch- und helle Fleischgerichte, hervorragend zu gekochtem Gem\u00fcse, frischem K\u00e4se und wei\u00dfen Saucen<\/p>","protected":false},"excerpt":{"rendered":"<p>Or de Noires ist ein natives Oliven\u00f6l extra, das ausschlie\u00dflich aus der besten Auswahl an sonnendurchfluteten, schwarzen Oliven hergestellt wird. Olivenernte 2025\/2026 Sorte: Leccino und Grignano Olivenanbaugebiet: Provinz Verona und\/oder in den besten Olivenanbaugebieten Produktionszeitraum: Ende Oktober Pressverfahren: kalt mit einem kontinuierlichen System S\u00e4ure: 0,2 % max Farbe: goldgelb Geschmack: leicht fruchtig mit s\u00fc\u00dfen Mandelnoten [&hellip;]<\/p>\n","protected":false},"featured_media":867,"comment_status":"closed","ping_status":"closed","template":"","meta":{"_acf_changed":false},"product_brand":[],"product_cat":[20],"product_tag":[],"class_list":{"0":"post-866","1":"product","2":"type-product","3":"status-publish","4":"has-post-thumbnail","6":"product_cat-le-selezioni","8":"first","9":"instock","10":"taxable","11":"shipping-taxable","12":"purchasable","13":"product-type-variable"},"acf":[],"_links":{"self":[{"href":"https:\/\/shop.oliobonamini.com\/de\/wp-json\/wp\/v2\/product\/866","targetHints":{"allow":["GET"]}}],"collection":[{"href":"https:\/\/shop.oliobonamini.com\/de\/wp-json\/wp\/v2\/product"}],"about":[{"href":"https:\/\/shop.oliobonamini.com\/de\/wp-json\/wp\/v2\/types\/product"}],"replies":[{"embeddable":true,"href":"https:\/\/shop.oliobonamini.com\/de\/wp-json\/wp\/v2\/comments?post=866"}],"wp:featuredmedia":[{"embeddable":true,"href":"https:\/\/shop.oliobonamini.com\/de\/wp-json\/wp\/v2\/media\/867"}],"wp:attachment":[{"href":"https:\/\/shop.oliobonamini.com\/de\/wp-json\/wp\/v2\/media?parent=866"}],"wp:term":[{"taxonomy":"product_brand","embeddable":true,"href":"https:\/\/shop.oliobonamini.com\/de\/wp-json\/wp\/v2\/product_brand?post=866"},{"taxonomy":"product_cat","embeddable":true,"href":"https:\/\/shop.oliobonamini.com\/de\/wp-json\/wp\/v2\/product_cat?post=866"},{"taxonomy":"product_tag","embeddable":true,"href":"https:\/\/shop.oliobonamini.com\/de\/wp-json\/wp\/v2\/product_tag?post=866"}],"curies":[{"name":"wp","href":"https:\/\/api.w.org\/{rel}","templated":true}]}}