{"id":86,"date":"2019-03-11T10:56:57","date_gmt":"2019-03-11T09:56:57","guid":{"rendered":"http:\/\/shop.oliobonamini.com\/?post_type=product&#038;p=86"},"modified":"2026-04-07T14:43:28","modified_gmt":"2026-04-07T12:43:28","slug":"olio-aromatizzato-allaglio","status":"publish","type":"product","link":"https:\/\/shop.oliobonamini.com\/de\/prodotto\/olio-aromatizzato-allaglio\/","title":{"rendered":"Knoblauch &#8211; nat\u00fcrlich aromatisiertes Oliven\u00f6l 250ML"},"content":{"rendered":"<p>Als eine der \u00e4ltesten Zutaten der italienischen K\u00fcche wird dieses aromatisierte \u00d6l vorgeschlagen, das sich in der K\u00fcche perfekt zum Braten, als Gew\u00fcrz f\u00fcr gegrilltes Gem\u00fcse, bei der Zubereitung von Marinaden im Allgemeinen, gegrilltem Fisch, Eint\u00f6pfen oder gemischten Suppen eignet.<\/p>\n<p><strong>Zutaten<\/strong>: 98% natives Oliven\u00f6l extra, 2% nat\u00fcrliches Knoblaucharoma und getrockneter Knoblauch.<\/p>","protected":false},"excerpt":{"rendered":"<p>Als eine der \u00e4ltesten Zutaten der italienischen K\u00fcche wird dieses aromatisierte \u00d6l vorgeschlagen, das sich in der K\u00fcche perfekt zum Braten, als Gew\u00fcrz f\u00fcr gegrilltes Gem\u00fcse, bei der Zubereitung von Marinaden im Allgemeinen, gegrilltem Fisch, Eint\u00f6pfen oder gemischten Suppen eignet. Zutaten: 98% natives Oliven\u00f6l extra, 2% nat\u00fcrliches Knoblaucharoma und getrockneter Knoblauch.<\/p>\n","protected":false},"featured_media":45581,"comment_status":"closed","ping_status":"closed","template":"","meta":{"_acf_changed":false},"product_brand":[],"product_cat":[23],"product_tag":[],"class_list":{"0":"post-86","1":"product","2":"type-product","3":"status-publish","4":"has-post-thumbnail","6":"product_cat-aceti-condimenti","8":"first","9":"instock","10":"taxable","11":"shipping-taxable","12":"purchasable","13":"product-type-variable"},"acf":[],"_links":{"self":[{"href":"https:\/\/shop.oliobonamini.com\/de\/wp-json\/wp\/v2\/product\/86","targetHints":{"allow":["GET"]}}],"collection":[{"href":"https:\/\/shop.oliobonamini.com\/de\/wp-json\/wp\/v2\/product"}],"about":[{"href":"https:\/\/shop.oliobonamini.com\/de\/wp-json\/wp\/v2\/types\/product"}],"replies":[{"embeddable":true,"href":"https:\/\/shop.oliobonamini.com\/de\/wp-json\/wp\/v2\/comments?post=86"}],"wp:featuredmedia":[{"embeddable":true,"href":"https:\/\/shop.oliobonamini.com\/de\/wp-json\/wp\/v2\/media\/45581"}],"wp:attachment":[{"href":"https:\/\/shop.oliobonamini.com\/de\/wp-json\/wp\/v2\/media?parent=86"}],"wp:term":[{"taxonomy":"product_brand","embeddable":true,"href":"https:\/\/shop.oliobonamini.com\/de\/wp-json\/wp\/v2\/product_brand?post=86"},{"taxonomy":"product_cat","embeddable":true,"href":"https:\/\/shop.oliobonamini.com\/de\/wp-json\/wp\/v2\/product_cat?post=86"},{"taxonomy":"product_tag","embeddable":true,"href":"https:\/\/shop.oliobonamini.com\/de\/wp-json\/wp\/v2\/product_tag?post=86"}],"curies":[{"name":"wp","href":"https:\/\/api.w.org\/{rel}","templated":true}]}}