{"id":85,"date":"2019-03-11T10:56:02","date_gmt":"2019-03-11T09:56:02","guid":{"rendered":"http:\/\/shop.oliobonamini.com\/?post_type=product&#038;p=85"},"modified":"2026-01-15T14:16:06","modified_gmt":"2026-01-15T13:16:06","slug":"aceto-di-vino-rosso","status":"publish","type":"product","link":"https:\/\/shop.oliobonamini.com\/de\/prodotto\/aceto-di-vino-rosso\/","title":{"rendered":"Rotweinessig 0,50L"},"content":{"rendered":"<p>Gewonnen, indem der Wein in Barriques vergoren wird, ein Prozess, der ihm eine hohe Qualit\u00e4t verleiht.<\/p>\n<p><strong>Anwendung<\/strong>: Es eignet sich f\u00fcr Artischocken- oder Krautsalate mit Zusatz von Trockenfr\u00fcchten und in der K\u00fcche eignet es sich hervorragend f\u00fcr die Zubereitung von geschmortem rotem Fleisch, Wild und Braten.<\/p>\n<p>&nbsp;<\/p>","protected":false},"excerpt":{"rendered":"<p>Gewonnen, indem der Wein in Barriques vergoren wird, ein Prozess, der ihm eine hohe Qualit\u00e4t verleiht. Anwendung: Es eignet sich f\u00fcr Artischocken- oder Krautsalate mit Zusatz von Trockenfr\u00fcchten und in der K\u00fcche eignet es sich hervorragend f\u00fcr die Zubereitung von geschmortem rotem Fleisch, Wild und Braten. &nbsp;<\/p>\n","protected":false},"featured_media":76,"comment_status":"closed","ping_status":"closed","template":"","meta":{"_acf_changed":false},"product_brand":[],"product_cat":[23],"product_tag":[],"class_list":{"0":"post-85","1":"product","2":"type-product","3":"status-publish","4":"has-post-thumbnail","6":"product_cat-aceti-condimenti","8":"first","9":"instock","10":"taxable","11":"shipping-taxable","12":"purchasable","13":"product-type-simple"},"acf":[],"_links":{"self":[{"href":"https:\/\/shop.oliobonamini.com\/de\/wp-json\/wp\/v2\/product\/85","targetHints":{"allow":["GET"]}}],"collection":[{"href":"https:\/\/shop.oliobonamini.com\/de\/wp-json\/wp\/v2\/product"}],"about":[{"href":"https:\/\/shop.oliobonamini.com\/de\/wp-json\/wp\/v2\/types\/product"}],"replies":[{"embeddable":true,"href":"https:\/\/shop.oliobonamini.com\/de\/wp-json\/wp\/v2\/comments?post=85"}],"wp:featuredmedia":[{"embeddable":true,"href":"https:\/\/shop.oliobonamini.com\/de\/wp-json\/wp\/v2\/media\/76"}],"wp:attachment":[{"href":"https:\/\/shop.oliobonamini.com\/de\/wp-json\/wp\/v2\/media?parent=85"}],"wp:term":[{"taxonomy":"product_brand","embeddable":true,"href":"https:\/\/shop.oliobonamini.com\/de\/wp-json\/wp\/v2\/product_brand?post=85"},{"taxonomy":"product_cat","embeddable":true,"href":"https:\/\/shop.oliobonamini.com\/de\/wp-json\/wp\/v2\/product_cat?post=85"},{"taxonomy":"product_tag","embeddable":true,"href":"https:\/\/shop.oliobonamini.com\/de\/wp-json\/wp\/v2\/product_tag?post=85"}],"curies":[{"name":"wp","href":"https:\/\/api.w.org\/{rel}","templated":true}]}}