{"id":812,"date":"2019-11-14T10:16:22","date_gmt":"2019-11-14T09:16:22","guid":{"rendered":"https:\/\/shop.oliobonamini.com\/?post_type=product&#038;p=812"},"modified":"2026-02-05T15:53:27","modified_gmt":"2026-02-05T14:53:27","slug":"santa-giustina-novello-100-italiano","status":"publish","type":"product","link":"https:\/\/shop.oliobonamini.com\/de\/prodotto\/santa-giustina-novello-100-italiano\/","title":{"rendered":"Nicht Filtriert Santa Giustina 100% Italienisch"},"content":{"rendered":"<p><\/p>\n<h3>Santa Giustina Non Filtrato ist ein natives Oliven\u00f6l extra, das aus perfekt reifen Fr\u00fcchten hergestellt wird und ein duftendes Gef\u00fchl von Frische mit einem aromatischen und kr\u00e4ftigen Geschmack vermittelt. UNGEFILTERTE Version<\/h3>\n<p><em><strong>Olivenernte 2025-2026<\/strong><\/em><\/p>\n<p><strong>Sorte<\/strong>: Frantoio, Leccino, Moraiolo und Peranzana<br \/>\n<strong>Produktionsbereich<\/strong>: Verona Provinz<br \/>\n<strong>Produktionszeitraum<\/strong>: Anfang November<br \/>\n<strong>Pressung<\/strong>: Kaltpressung<br \/>\n<strong>S\u00e4uregehalt<\/strong>: 0,2% max<br \/>\n<strong>Farbe<\/strong>: Gelb- hellgr\u00fcn<br \/>\n<strong>Geschmack<\/strong>: duftender Geschmack von Bl\u00e4ttern und frischen Fr\u00fcchten mit einem entscheidenden und aromatischen Geschmack<br \/>\n<strong>Empfohlene Verwendung:<\/strong> auf Bruschetta, aber auch auf gegrilltem rotem Fleisch und Salat, auf H\u00fclsenfruchtsuppen und auf gekochtem Gem\u00fcse mit bitterem Nachgeschmack wie Chicor\u00e9e, Rucola und Radicchio<\/p>","protected":false},"excerpt":{"rendered":"<p>Santa Giustina Non Filtrato ist ein natives Oliven\u00f6l extra, das aus perfekt reifen Fr\u00fcchten hergestellt wird und ein duftendes Gef\u00fchl von Frische mit einem aromatischen und kr\u00e4ftigen Geschmack vermittelt. UNGEFILTERTE Version Olivenernte 2025-2026 Sorte: Frantoio, Leccino, Moraiolo und Peranzana Produktionsbereich: Verona Provinz Produktionszeitraum: Anfang November Pressung: Kaltpressung S\u00e4uregehalt: 0,2% max Farbe: Gelb- hellgr\u00fcn Geschmack: duftender [&hellip;]<\/p>\n","protected":false},"featured_media":819,"comment_status":"closed","ping_status":"closed","template":"","meta":{"_acf_changed":false},"product_brand":[],"product_cat":[20],"product_tag":[],"class_list":{"0":"post-812","1":"product","2":"type-product","3":"status-publish","4":"has-post-thumbnail","6":"product_cat-le-selezioni","8":"first","9":"instock","10":"sale","11":"taxable","12":"shipping-taxable","13":"purchasable","14":"product-type-simple"},"acf":[],"_links":{"self":[{"href":"https:\/\/shop.oliobonamini.com\/de\/wp-json\/wp\/v2\/product\/812","targetHints":{"allow":["GET"]}}],"collection":[{"href":"https:\/\/shop.oliobonamini.com\/de\/wp-json\/wp\/v2\/product"}],"about":[{"href":"https:\/\/shop.oliobonamini.com\/de\/wp-json\/wp\/v2\/types\/product"}],"replies":[{"embeddable":true,"href":"https:\/\/shop.oliobonamini.com\/de\/wp-json\/wp\/v2\/comments?post=812"}],"wp:featuredmedia":[{"embeddable":true,"href":"https:\/\/shop.oliobonamini.com\/de\/wp-json\/wp\/v2\/media\/819"}],"wp:attachment":[{"href":"https:\/\/shop.oliobonamini.com\/de\/wp-json\/wp\/v2\/media?parent=812"}],"wp:term":[{"taxonomy":"product_brand","embeddable":true,"href":"https:\/\/shop.oliobonamini.com\/de\/wp-json\/wp\/v2\/product_brand?post=812"},{"taxonomy":"product_cat","embeddable":true,"href":"https:\/\/shop.oliobonamini.com\/de\/wp-json\/wp\/v2\/product_cat?post=812"},{"taxonomy":"product_tag","embeddable":true,"href":"https:\/\/shop.oliobonamini.com\/de\/wp-json\/wp\/v2\/product_tag?post=812"}],"curies":[{"name":"wp","href":"https:\/\/api.w.org\/{rel}","templated":true}]}}