{"id":73,"date":"2019-03-11T10:54:15","date_gmt":"2019-03-11T09:54:15","guid":{"rendered":"http:\/\/shop.oliobonamini.com\/?post_type=product&#038;p=73"},"modified":"2026-02-13T17:21:14","modified_gmt":"2026-02-13T16:21:14","slug":"aceto-balsamico-di-modena-i-g-p-etichetta-oro","status":"publish","type":"product","link":"https:\/\/shop.oliobonamini.com\/de\/prodotto\/aceto-balsamico-di-modena-i-g-p-etichetta-oro\/","title":{"rendered":"Balsamico-Essig aus Modena I.G.P. Goldenes Etikett"},"content":{"rendered":"<p>Raffiniertes Gew\u00fcrz mit intensiven und durchdringenden Aromen, 10 Jahre im Fass gereift, angenehm samtig, vielseitig einsetzbar in der K\u00fcche.<\/p>\n<p><strong>Anwendung<\/strong>: Ideal zu gegrilltem und gebratenem Fleisch, rohen Thunfischsteaks, reifem K\u00e4se. K\u00f6stlich auf Vanilleeis!<\/p>\n<p>&nbsp;<\/p>","protected":false},"excerpt":{"rendered":"<p>Raffiniertes Gew\u00fcrz mit intensiven und durchdringenden Aromen, 10 Jahre im Fass gereift, angenehm samtig, vielseitig einsetzbar in der K\u00fcche. Anwendung: Ideal zu gegrilltem und gebratenem Fleisch, rohen Thunfischsteaks, reifem K\u00e4se. K\u00f6stlich auf Vanilleeis! &nbsp;<\/p>\n","protected":false},"featured_media":218,"comment_status":"closed","ping_status":"closed","template":"","meta":{"_acf_changed":false},"product_brand":[],"product_cat":[23],"product_tag":[],"class_list":{"0":"post-73","1":"product","2":"type-product","3":"status-publish","4":"has-post-thumbnail","6":"product_cat-aceti-condimenti","8":"first","9":"instock","10":"taxable","11":"shipping-taxable","12":"purchasable","13":"product-type-simple"},"acf":[],"_links":{"self":[{"href":"https:\/\/shop.oliobonamini.com\/de\/wp-json\/wp\/v2\/product\/73","targetHints":{"allow":["GET"]}}],"collection":[{"href":"https:\/\/shop.oliobonamini.com\/de\/wp-json\/wp\/v2\/product"}],"about":[{"href":"https:\/\/shop.oliobonamini.com\/de\/wp-json\/wp\/v2\/types\/product"}],"replies":[{"embeddable":true,"href":"https:\/\/shop.oliobonamini.com\/de\/wp-json\/wp\/v2\/comments?post=73"}],"wp:featuredmedia":[{"embeddable":true,"href":"https:\/\/shop.oliobonamini.com\/de\/wp-json\/wp\/v2\/media\/218"}],"wp:attachment":[{"href":"https:\/\/shop.oliobonamini.com\/de\/wp-json\/wp\/v2\/media?parent=73"}],"wp:term":[{"taxonomy":"product_brand","embeddable":true,"href":"https:\/\/shop.oliobonamini.com\/de\/wp-json\/wp\/v2\/product_brand?post=73"},{"taxonomy":"product_cat","embeddable":true,"href":"https:\/\/shop.oliobonamini.com\/de\/wp-json\/wp\/v2\/product_cat?post=73"},{"taxonomy":"product_tag","embeddable":true,"href":"https:\/\/shop.oliobonamini.com\/de\/wp-json\/wp\/v2\/product_tag?post=73"}],"curies":[{"name":"wp","href":"https:\/\/api.w.org\/{rel}","templated":true}]}}