{"id":72,"date":"2019-03-11T10:22:21","date_gmt":"2019-03-11T09:22:21","guid":{"rendered":"http:\/\/shop.oliobonamini.com\/?post_type=product&#038;p=72"},"modified":"2026-02-06T15:42:35","modified_gmt":"2026-02-06T14:42:35","slug":"sugo-alle-olive","status":"publish","type":"product","link":"https:\/\/shop.oliobonamini.com\/de\/prodotto\/sugo-alle-olive\/","title":{"rendered":"Olivensauce"},"content":{"rendered":"<p>Einige einfache Zutaten f\u00fcr eine gebrauchsfertige Sauce, die in letzter Minute f\u00fcr ger\u00f6stetes Brot und Toast verwendet werden kann.<\/p>\n<p><strong>Zutaten<\/strong>: Tomaten, Oliven, Zwiebel, Kapern und Oliven\u00f6l extra.<\/p>\n<p>Beh\u00e4lter: 280 gr.<\/p>","protected":false},"excerpt":{"rendered":"<p>Einige einfache Zutaten f\u00fcr eine gebrauchsfertige Sauce, die in letzter Minute f\u00fcr ger\u00f6stetes Brot und Toast verwendet werden kann. Zutaten: Tomaten, Oliven, Zwiebel, Kapern und Oliven\u00f6l extra. Beh\u00e4lter: 280 gr.<\/p>\n","protected":false},"featured_media":158196,"comment_status":"closed","ping_status":"closed","template":"","meta":{"_acf_changed":false},"product_brand":[],"product_cat":[36],"product_tag":[],"class_list":{"0":"post-72","1":"product","2":"type-product","3":"status-publish","4":"has-post-thumbnail","6":"product_cat-sughi-pomodoro","8":"first","9":"instock","10":"taxable","11":"shipping-taxable","12":"purchasable","13":"product-type-simple"},"acf":[],"_links":{"self":[{"href":"https:\/\/shop.oliobonamini.com\/de\/wp-json\/wp\/v2\/product\/72","targetHints":{"allow":["GET"]}}],"collection":[{"href":"https:\/\/shop.oliobonamini.com\/de\/wp-json\/wp\/v2\/product"}],"about":[{"href":"https:\/\/shop.oliobonamini.com\/de\/wp-json\/wp\/v2\/types\/product"}],"replies":[{"embeddable":true,"href":"https:\/\/shop.oliobonamini.com\/de\/wp-json\/wp\/v2\/comments?post=72"}],"wp:featuredmedia":[{"embeddable":true,"href":"https:\/\/shop.oliobonamini.com\/de\/wp-json\/wp\/v2\/media\/158196"}],"wp:attachment":[{"href":"https:\/\/shop.oliobonamini.com\/de\/wp-json\/wp\/v2\/media?parent=72"}],"wp:term":[{"taxonomy":"product_brand","embeddable":true,"href":"https:\/\/shop.oliobonamini.com\/de\/wp-json\/wp\/v2\/product_brand?post=72"},{"taxonomy":"product_cat","embeddable":true,"href":"https:\/\/shop.oliobonamini.com\/de\/wp-json\/wp\/v2\/product_cat?post=72"},{"taxonomy":"product_tag","embeddable":true,"href":"https:\/\/shop.oliobonamini.com\/de\/wp-json\/wp\/v2\/product_tag?post=72"}],"curies":[{"name":"wp","href":"https:\/\/api.w.org\/{rel}","templated":true}]}}