{"id":71,"date":"2019-03-11T10:21:43","date_gmt":"2019-03-11T09:21:43","guid":{"rendered":"http:\/\/shop.oliobonamini.com\/?post_type=product&#038;p=71"},"modified":"2026-02-06T15:41:59","modified_gmt":"2026-02-06T14:41:59","slug":"sugo-al-basilico","status":"publish","type":"product","link":"https:\/\/shop.oliobonamini.com\/de\/prodotto\/sugo-al-basilico\/","title":{"rendered":"Basilikumsauce"},"content":{"rendered":"<p>Einige einfache Zutaten f\u00fcr eine gebrauchsfertige Sauce, die im letzten Moment f\u00fcr ger\u00f6stetes Brot und Toast verwendet werden kann.<\/p>\n<p><strong>Zutaten<\/strong>: Tomaten, Basilikum, Zwiebel und Oliven\u00f6l extra.<\/p>\n<p>Beh\u00e4lter: 280 gr.<\/p>","protected":false},"excerpt":{"rendered":"<p>Einige einfache Zutaten f\u00fcr eine gebrauchsfertige Sauce, die im letzten Moment f\u00fcr ger\u00f6stetes Brot und Toast verwendet werden kann. Zutaten: Tomaten, Basilikum, Zwiebel und Oliven\u00f6l extra. Beh\u00e4lter: 280 gr.<\/p>\n","protected":false},"featured_media":158204,"comment_status":"closed","ping_status":"closed","template":"","meta":{"_acf_changed":false},"product_brand":[],"product_cat":[36],"product_tag":[],"class_list":{"0":"post-71","1":"product","2":"type-product","3":"status-publish","4":"has-post-thumbnail","6":"product_cat-sughi-pomodoro","8":"first","9":"instock","10":"taxable","11":"shipping-taxable","12":"purchasable","13":"product-type-simple"},"acf":[],"_links":{"self":[{"href":"https:\/\/shop.oliobonamini.com\/de\/wp-json\/wp\/v2\/product\/71","targetHints":{"allow":["GET"]}}],"collection":[{"href":"https:\/\/shop.oliobonamini.com\/de\/wp-json\/wp\/v2\/product"}],"about":[{"href":"https:\/\/shop.oliobonamini.com\/de\/wp-json\/wp\/v2\/types\/product"}],"replies":[{"embeddable":true,"href":"https:\/\/shop.oliobonamini.com\/de\/wp-json\/wp\/v2\/comments?post=71"}],"wp:featuredmedia":[{"embeddable":true,"href":"https:\/\/shop.oliobonamini.com\/de\/wp-json\/wp\/v2\/media\/158204"}],"wp:attachment":[{"href":"https:\/\/shop.oliobonamini.com\/de\/wp-json\/wp\/v2\/media?parent=71"}],"wp:term":[{"taxonomy":"product_brand","embeddable":true,"href":"https:\/\/shop.oliobonamini.com\/de\/wp-json\/wp\/v2\/product_brand?post=71"},{"taxonomy":"product_cat","embeddable":true,"href":"https:\/\/shop.oliobonamini.com\/de\/wp-json\/wp\/v2\/product_cat?post=71"},{"taxonomy":"product_tag","embeddable":true,"href":"https:\/\/shop.oliobonamini.com\/de\/wp-json\/wp\/v2\/product_tag?post=71"}],"curies":[{"name":"wp","href":"https:\/\/api.w.org\/{rel}","templated":true}]}}