{"id":70,"date":"2019-03-11T10:20:14","date_gmt":"2019-03-11T09:20:14","guid":{"rendered":"http:\/\/shop.oliobonamini.com\/?post_type=product&#038;p=70"},"modified":"2026-02-06T15:43:23","modified_gmt":"2026-02-06T14:43:23","slug":"pomodoro-essiccato","status":"publish","type":"product","link":"https:\/\/shop.oliobonamini.com\/de\/prodotto\/pomodoro-essiccato\/","title":{"rendered":"Getrockneten Tomaten in Nativem Oliven\u00f6l Extra"},"content":{"rendered":"<p>Tomaten, die bei voller Reife geerntet, geschnitten und an der Sonne getrocknet werden. Konserviert in nativem Oliven\u00f6l extra und aromatischen Kr\u00e4tern werden sie zu einer widerstehlichen Vorspeise.<\/p>\n<p><strong>Zutaten<\/strong>: Sonnengetrocknete Tomaten, natives Oliven\u00f6l extra, Knoblauch, Chilischote, Kapern und Petersilie.<\/p>\n<p>Beh\u00e4lter: 280 gr.<\/p>\n<p>&nbsp;<\/p>\n<p>&nbsp;<\/p>\n<p>&nbsp;<\/p>","protected":false},"excerpt":{"rendered":"<p>Tomaten, die bei voller Reife geerntet, geschnitten und an der Sonne getrocknet werden. Konserviert in nativem Oliven\u00f6l extra und aromatischen Kr\u00e4tern werden sie zu einer widerstehlichen Vorspeise. Zutaten: Sonnengetrocknete Tomaten, natives Oliven\u00f6l extra, Knoblauch, Chilischote, Kapern und Petersilie. Beh\u00e4lter: 280 gr. &nbsp; &nbsp; &nbsp;<\/p>\n","protected":false},"featured_media":158199,"comment_status":"closed","ping_status":"closed","template":"","meta":{"_acf_changed":false},"product_brand":[],"product_cat":[22],"product_tag":[],"class_list":{"0":"post-70","1":"product","2":"type-product","3":"status-publish","4":"has-post-thumbnail","6":"product_cat-sottoli","8":"first","9":"instock","10":"taxable","11":"shipping-taxable","12":"purchasable","13":"product-type-simple"},"acf":[],"_links":{"self":[{"href":"https:\/\/shop.oliobonamini.com\/de\/wp-json\/wp\/v2\/product\/70","targetHints":{"allow":["GET"]}}],"collection":[{"href":"https:\/\/shop.oliobonamini.com\/de\/wp-json\/wp\/v2\/product"}],"about":[{"href":"https:\/\/shop.oliobonamini.com\/de\/wp-json\/wp\/v2\/types\/product"}],"replies":[{"embeddable":true,"href":"https:\/\/shop.oliobonamini.com\/de\/wp-json\/wp\/v2\/comments?post=70"}],"wp:featuredmedia":[{"embeddable":true,"href":"https:\/\/shop.oliobonamini.com\/de\/wp-json\/wp\/v2\/media\/158199"}],"wp:attachment":[{"href":"https:\/\/shop.oliobonamini.com\/de\/wp-json\/wp\/v2\/media?parent=70"}],"wp:term":[{"taxonomy":"product_brand","embeddable":true,"href":"https:\/\/shop.oliobonamini.com\/de\/wp-json\/wp\/v2\/product_brand?post=70"},{"taxonomy":"product_cat","embeddable":true,"href":"https:\/\/shop.oliobonamini.com\/de\/wp-json\/wp\/v2\/product_cat?post=70"},{"taxonomy":"product_tag","embeddable":true,"href":"https:\/\/shop.oliobonamini.com\/de\/wp-json\/wp\/v2\/product_tag?post=70"}],"curies":[{"name":"wp","href":"https:\/\/api.w.org\/{rel}","templated":true}]}}