{"id":69,"date":"2019-03-11T10:18:51","date_gmt":"2019-03-11T09:18:51","guid":{"rendered":"http:\/\/shop.oliobonamini.com\/?post_type=product&#038;p=69"},"modified":"2025-08-28T17:07:42","modified_gmt":"2025-08-28T15:07:42","slug":"pesto","status":"publish","type":"product","link":"https:\/\/shop.oliobonamini.com\/de\/prodotto\/pesto\/","title":{"rendered":"Basilikum Pesto"},"content":{"rendered":"<p>Hergestellt auf traditionelle Weise, ausschlie\u00dflich mit frischem Basilikum und extra nativem Oliven\u00f6l, ideal zum W\u00fcrzen von Pastagerichten mit langen Nudeln.<\/p>\n<p><strong>Zutaten:\u00a0<\/strong>Genuesisches Basilikum PDO 35%, natives Oliven\u00f6l extra 30%, Cashewn\u00fcsse, Grana Padano K\u00e4se und Pecorino K\u00e4se, Knoblauch, Pinienkerne und Salz.<\/p>\n<p>Beh\u00e4lter: 180 gr.<\/p>\n<p>&nbsp;<\/p>","protected":false},"excerpt":{"rendered":"<p>Hergestellt auf traditionelle Weise, ausschlie\u00dflich mit frischem Basilikum und extra nativem Oliven\u00f6l, ideal zum W\u00fcrzen von Pastagerichten mit langen Nudeln. Zutaten:\u00a0Genuesisches Basilikum PDO 35%, natives Oliven\u00f6l extra 30%, Cashewn\u00fcsse, Grana Padano K\u00e4se und Pecorino K\u00e4se, Knoblauch, Pinienkerne und Salz. Beh\u00e4lter: 180 gr. &nbsp;<\/p>\n","protected":false},"featured_media":51740,"comment_status":"closed","ping_status":"closed","template":"","meta":{"_acf_changed":false},"product_brand":[],"product_cat":[35],"product_tag":[],"class_list":{"0":"post-69","1":"product","2":"type-product","3":"status-publish","4":"has-post-thumbnail","6":"product_cat-salse","8":"first","9":"instock","10":"taxable","11":"shipping-taxable","12":"purchasable","13":"product-type-simple"},"acf":[],"_links":{"self":[{"href":"https:\/\/shop.oliobonamini.com\/de\/wp-json\/wp\/v2\/product\/69","targetHints":{"allow":["GET"]}}],"collection":[{"href":"https:\/\/shop.oliobonamini.com\/de\/wp-json\/wp\/v2\/product"}],"about":[{"href":"https:\/\/shop.oliobonamini.com\/de\/wp-json\/wp\/v2\/types\/product"}],"replies":[{"embeddable":true,"href":"https:\/\/shop.oliobonamini.com\/de\/wp-json\/wp\/v2\/comments?post=69"}],"wp:featuredmedia":[{"embeddable":true,"href":"https:\/\/shop.oliobonamini.com\/de\/wp-json\/wp\/v2\/media\/51740"}],"wp:attachment":[{"href":"https:\/\/shop.oliobonamini.com\/de\/wp-json\/wp\/v2\/media?parent=69"}],"wp:term":[{"taxonomy":"product_brand","embeddable":true,"href":"https:\/\/shop.oliobonamini.com\/de\/wp-json\/wp\/v2\/product_brand?post=69"},{"taxonomy":"product_cat","embeddable":true,"href":"https:\/\/shop.oliobonamini.com\/de\/wp-json\/wp\/v2\/product_cat?post=69"},{"taxonomy":"product_tag","embeddable":true,"href":"https:\/\/shop.oliobonamini.com\/de\/wp-json\/wp\/v2\/product_tag?post=69"}],"curies":[{"name":"wp","href":"https:\/\/api.w.org\/{rel}","templated":true}]}}