{"id":68,"date":"2019-03-11T10:17:26","date_gmt":"2019-03-11T09:17:26","guid":{"rendered":"http:\/\/shop.oliobonamini.com\/?post_type=product&#038;p=68"},"modified":"2025-05-23T09:24:14","modified_gmt":"2025-05-23T07:24:14","slug":"peperoni-farciti-tonno-e-capperi","status":"publish","type":"product","link":"https:\/\/shop.oliobonamini.com\/de\/prodotto\/peperoni-farciti-tonno-e-capperi\/","title":{"rendered":"Gef\u00fcllte Paprikaschoten mit Thunfisch und Kapern in Nativem Oliven\u00f6l Extra"},"content":{"rendered":"<p>Von der Auswahl der Paprikaschoten des gleichen Kalibers und der sorgf\u00e4ltigen manuellen Verarbeitung des Leerens und Auff\u00fcllens mit Thunfisch und Kaperncreme, erhalten wir diese k\u00f6stliche Vorspeise, die in gutem extra nativem Oliven\u00f6l konserviert wird.<\/p>\n<p><strong>Zutaten: <\/strong>rote Paprika, Thunfisch, Kapern, natives Oliven\u00f6l extra, Knoblauch und Petersilie.<\/p>\n<p>Beh\u00e4lter: 280 gr.<\/p>\n<p>&nbsp;<\/p>","protected":false},"excerpt":{"rendered":"<p>Von der Auswahl der Paprikaschoten des gleichen Kalibers und der sorgf\u00e4ltigen manuellen Verarbeitung des Leerens und Auff\u00fcllens mit Thunfisch und Kaperncreme, erhalten wir diese k\u00f6stliche Vorspeise, die in gutem extra nativem Oliven\u00f6l konserviert wird. Zutaten: rote Paprika, Thunfisch, Kapern, natives Oliven\u00f6l extra, Knoblauch und Petersilie. Beh\u00e4lter: 280 gr. &nbsp;<\/p>\n","protected":false},"featured_media":158200,"comment_status":"closed","ping_status":"closed","template":"","meta":{"_acf_changed":false},"product_brand":[],"product_cat":[22],"product_tag":[],"class_list":{"0":"post-68","1":"product","2":"type-product","3":"status-publish","4":"has-post-thumbnail","6":"product_cat-sottoli","8":"first","9":"instock","10":"taxable","11":"shipping-taxable","12":"purchasable","13":"product-type-simple"},"acf":[],"_links":{"self":[{"href":"https:\/\/shop.oliobonamini.com\/de\/wp-json\/wp\/v2\/product\/68","targetHints":{"allow":["GET"]}}],"collection":[{"href":"https:\/\/shop.oliobonamini.com\/de\/wp-json\/wp\/v2\/product"}],"about":[{"href":"https:\/\/shop.oliobonamini.com\/de\/wp-json\/wp\/v2\/types\/product"}],"replies":[{"embeddable":true,"href":"https:\/\/shop.oliobonamini.com\/de\/wp-json\/wp\/v2\/comments?post=68"}],"wp:featuredmedia":[{"embeddable":true,"href":"https:\/\/shop.oliobonamini.com\/de\/wp-json\/wp\/v2\/media\/158200"}],"wp:attachment":[{"href":"https:\/\/shop.oliobonamini.com\/de\/wp-json\/wp\/v2\/media?parent=68"}],"wp:term":[{"taxonomy":"product_brand","embeddable":true,"href":"https:\/\/shop.oliobonamini.com\/de\/wp-json\/wp\/v2\/product_brand?post=68"},{"taxonomy":"product_cat","embeddable":true,"href":"https:\/\/shop.oliobonamini.com\/de\/wp-json\/wp\/v2\/product_cat?post=68"},{"taxonomy":"product_tag","embeddable":true,"href":"https:\/\/shop.oliobonamini.com\/de\/wp-json\/wp\/v2\/product_tag?post=68"}],"curies":[{"name":"wp","href":"https:\/\/api.w.org\/{rel}","templated":true}]}}