{"id":67,"date":"2019-03-11T10:15:51","date_gmt":"2019-03-11T09:15:51","guid":{"rendered":"http:\/\/shop.oliobonamini.com\/?post_type=product&#038;p=67"},"modified":"2026-04-03T08:32:01","modified_gmt":"2026-04-03T06:32:01","slug":"giardiniera","status":"publish","type":"product","link":"https:\/\/shop.oliobonamini.com\/de\/prodotto\/giardiniera\/","title":{"rendered":"Gemischtes Gem\u00fcse in Nativem Oliven\u00f6l Extra"},"content":{"rendered":"<p>Gemischtes Gem\u00fcse schneidet wie ein Messer wie zu Hause. In Wasser und Essig gekocht und in nativem Oliven\u00f6l extra konserviert, bleiben sie knackig und k\u00f6stlich. Ausgezeichnete Begleitung zu Wurstwaren.<\/p>\n<p>Zutaten: Fenchel, Karotten, Pfeffer, Sellerie, Zwiebel und natives Oliven\u00f6l extra.<\/p>\n<p>Beh\u00e4lter: 280 gr.<\/p>\n<p>&nbsp;<\/p>","protected":false},"excerpt":{"rendered":"<p>Gemischtes Gem\u00fcse schneidet wie ein Messer wie zu Hause. In Wasser und Essig gekocht und in nativem Oliven\u00f6l extra konserviert, bleiben sie knackig und k\u00f6stlich. Ausgezeichnete Begleitung zu Wurstwaren. Zutaten: Fenchel, Karotten, Pfeffer, Sellerie, Zwiebel und natives Oliven\u00f6l extra. Beh\u00e4lter: 280 gr. &nbsp;<\/p>\n","protected":false},"featured_media":158201,"comment_status":"closed","ping_status":"closed","template":"","meta":{"_acf_changed":false},"product_brand":[],"product_cat":[22],"product_tag":[],"class_list":{"0":"post-67","1":"product","2":"type-product","3":"status-publish","4":"has-post-thumbnail","6":"product_cat-sottoli","8":"first","9":"outofstock","10":"taxable","11":"shipping-taxable","12":"purchasable","13":"product-type-simple"},"acf":[],"_links":{"self":[{"href":"https:\/\/shop.oliobonamini.com\/de\/wp-json\/wp\/v2\/product\/67","targetHints":{"allow":["GET"]}}],"collection":[{"href":"https:\/\/shop.oliobonamini.com\/de\/wp-json\/wp\/v2\/product"}],"about":[{"href":"https:\/\/shop.oliobonamini.com\/de\/wp-json\/wp\/v2\/types\/product"}],"replies":[{"embeddable":true,"href":"https:\/\/shop.oliobonamini.com\/de\/wp-json\/wp\/v2\/comments?post=67"}],"wp:featuredmedia":[{"embeddable":true,"href":"https:\/\/shop.oliobonamini.com\/de\/wp-json\/wp\/v2\/media\/158201"}],"wp:attachment":[{"href":"https:\/\/shop.oliobonamini.com\/de\/wp-json\/wp\/v2\/media?parent=67"}],"wp:term":[{"taxonomy":"product_brand","embeddable":true,"href":"https:\/\/shop.oliobonamini.com\/de\/wp-json\/wp\/v2\/product_brand?post=67"},{"taxonomy":"product_cat","embeddable":true,"href":"https:\/\/shop.oliobonamini.com\/de\/wp-json\/wp\/v2\/product_cat?post=67"},{"taxonomy":"product_tag","embeddable":true,"href":"https:\/\/shop.oliobonamini.com\/de\/wp-json\/wp\/v2\/product_tag?post=67"}],"curies":[{"name":"wp","href":"https:\/\/api.w.org\/{rel}","templated":true}]}}