{"id":66,"date":"2019-03-11T10:14:29","date_gmt":"2019-03-11T09:14:29","guid":{"rendered":"http:\/\/shop.oliobonamini.com\/?post_type=product&#038;p=66"},"modified":"2025-12-10T12:23:01","modified_gmt":"2025-12-10T11:23:01","slug":"funghi-champignon","status":"publish","type":"product","link":"https:\/\/shop.oliobonamini.com\/de\/prodotto\/funghi-champignon\/","title":{"rendered":"Champignon Pilzen in Nativem Oliven\u00f6l Extra"},"content":{"rendered":"<p>Fleischig, fest und mit einem unverwechselbaren Duft. Sobald sie gepfl\u00fcckt sind, werden sie gereinigt und in extra nativem Oliven\u00f6l gelagert. Idealer Begleiter zu Salami oder Salaten.<\/p>\n<p><strong>Zutaten<\/strong>: Champignon, natives Oliven\u00f6l extra, Knoblauch, Chilischote und Petersilie.<\/p>\n<p>Beh\u00e4lter: 280 gr.<\/p>","protected":false},"excerpt":{"rendered":"<p>Fleischig, fest und mit einem unverwechselbaren Duft. Sobald sie gepfl\u00fcckt sind, werden sie gereinigt und in extra nativem Oliven\u00f6l gelagert. Idealer Begleiter zu Salami oder Salaten. Zutaten: Champignon, natives Oliven\u00f6l extra, Knoblauch, Chilischote und Petersilie. Beh\u00e4lter: 280 gr.<\/p>\n","protected":false},"featured_media":158202,"comment_status":"closed","ping_status":"closed","template":"","meta":{"_acf_changed":false},"product_brand":[],"product_cat":[22],"product_tag":[],"class_list":{"0":"post-66","1":"product","2":"type-product","3":"status-publish","4":"has-post-thumbnail","6":"product_cat-sottoli","8":"first","9":"instock","10":"taxable","11":"shipping-taxable","12":"purchasable","13":"product-type-simple"},"acf":[],"_links":{"self":[{"href":"https:\/\/shop.oliobonamini.com\/de\/wp-json\/wp\/v2\/product\/66","targetHints":{"allow":["GET"]}}],"collection":[{"href":"https:\/\/shop.oliobonamini.com\/de\/wp-json\/wp\/v2\/product"}],"about":[{"href":"https:\/\/shop.oliobonamini.com\/de\/wp-json\/wp\/v2\/types\/product"}],"replies":[{"embeddable":true,"href":"https:\/\/shop.oliobonamini.com\/de\/wp-json\/wp\/v2\/comments?post=66"}],"wp:featuredmedia":[{"embeddable":true,"href":"https:\/\/shop.oliobonamini.com\/de\/wp-json\/wp\/v2\/media\/158202"}],"wp:attachment":[{"href":"https:\/\/shop.oliobonamini.com\/de\/wp-json\/wp\/v2\/media?parent=66"}],"wp:term":[{"taxonomy":"product_brand","embeddable":true,"href":"https:\/\/shop.oliobonamini.com\/de\/wp-json\/wp\/v2\/product_brand?post=66"},{"taxonomy":"product_cat","embeddable":true,"href":"https:\/\/shop.oliobonamini.com\/de\/wp-json\/wp\/v2\/product_cat?post=66"},{"taxonomy":"product_tag","embeddable":true,"href":"https:\/\/shop.oliobonamini.com\/de\/wp-json\/wp\/v2\/product_tag?post=66"}],"curies":[{"name":"wp","href":"https:\/\/api.w.org\/{rel}","templated":true}]}}