{"id":65,"date":"2019-03-11T10:12:15","date_gmt":"2019-03-11T09:12:15","guid":{"rendered":"http:\/\/shop.oliobonamini.com\/?post_type=product&#038;p=65"},"modified":"2025-04-10T12:12:05","modified_gmt":"2025-04-10T10:12:05","slug":"filetti-di-tonno","status":"publish","type":"product","link":"https:\/\/shop.oliobonamini.com\/de\/prodotto\/filetti-di-tonno\/","title":{"rendered":"Thunfisch"},"content":{"rendered":"<p>F\u00fcr beste Thunfisch Filets ausgew\u00e4hlten besten Teile von Thunfisch direkt in den Fanggr\u00fcnden verarbeitet. Lagerung in Oliven\u00f6l verleiht dem Produkt einen einzigartigen Geschmack . Ideal als Vorspeise, in Salaten oder als zweite zu bereichern.<\/p>\n<p><strong>Zutaten<\/strong>: Thunfischfilets, natives Oliven\u00f6l extra und Salz.<\/p>\n<p>Beh\u00e4lter: 200 gr.<\/p>\n<p>&nbsp;<\/p>","protected":false},"excerpt":{"rendered":"<p>F\u00fcr beste Thunfisch Filets ausgew\u00e4hlten besten Teile von Thunfisch direkt in den Fanggr\u00fcnden verarbeitet. Lagerung in Oliven\u00f6l verleiht dem Produkt einen einzigartigen Geschmack . Ideal als Vorspeise, in Salaten oder als zweite zu bereichern. Zutaten: Thunfischfilets, natives Oliven\u00f6l extra und Salz. Beh\u00e4lter: 200 gr. &nbsp;<\/p>\n","protected":false},"featured_media":154236,"comment_status":"closed","ping_status":"closed","template":"","meta":{"_acf_changed":false},"product_brand":[],"product_cat":[37],"product_tag":[],"class_list":{"0":"post-65","1":"product","2":"type-product","3":"status-publish","4":"has-post-thumbnail","6":"product_cat-mare","8":"first","9":"instock","10":"taxable","11":"shipping-taxable","12":"purchasable","13":"product-type-simple"},"acf":[],"_links":{"self":[{"href":"https:\/\/shop.oliobonamini.com\/de\/wp-json\/wp\/v2\/product\/65","targetHints":{"allow":["GET"]}}],"collection":[{"href":"https:\/\/shop.oliobonamini.com\/de\/wp-json\/wp\/v2\/product"}],"about":[{"href":"https:\/\/shop.oliobonamini.com\/de\/wp-json\/wp\/v2\/types\/product"}],"replies":[{"embeddable":true,"href":"https:\/\/shop.oliobonamini.com\/de\/wp-json\/wp\/v2\/comments?post=65"}],"wp:featuredmedia":[{"embeddable":true,"href":"https:\/\/shop.oliobonamini.com\/de\/wp-json\/wp\/v2\/media\/154236"}],"wp:attachment":[{"href":"https:\/\/shop.oliobonamini.com\/de\/wp-json\/wp\/v2\/media?parent=65"}],"wp:term":[{"taxonomy":"product_brand","embeddable":true,"href":"https:\/\/shop.oliobonamini.com\/de\/wp-json\/wp\/v2\/product_brand?post=65"},{"taxonomy":"product_cat","embeddable":true,"href":"https:\/\/shop.oliobonamini.com\/de\/wp-json\/wp\/v2\/product_cat?post=65"},{"taxonomy":"product_tag","embeddable":true,"href":"https:\/\/shop.oliobonamini.com\/de\/wp-json\/wp\/v2\/product_tag?post=65"}],"curies":[{"name":"wp","href":"https:\/\/api.w.org\/{rel}","templated":true}]}}