{"id":52,"date":"2019-03-08T11:55:58","date_gmt":"2019-03-08T10:55:58","guid":{"rendered":"http:\/\/shop.oliobonamini.com\/?post_type=product&#038;p=52"},"modified":"2026-01-17T17:23:00","modified_gmt":"2026-01-17T16:23:00","slug":"longazeria-100-italiano","status":"publish","type":"product","link":"https:\/\/shop.oliobonamini.com\/de\/prodotto\/longazeria-100-italiano\/","title":{"rendered":"Longazeria 100% Italienisch \u00d6l 1,00L"},"content":{"rendered":"<p><\/p>\n<h3>Longazeria ist ein 100 % italienisches \u00d6l, frisch und duftend, ideal f\u00fcr den t\u00e4glichen Genuss in runder Form, sowohl roh als auch gekocht.<\/h3>\n<p><strong><em>Olivenernte 2025\/2026<\/em><\/strong><\/p>\n<p><strong>Sorte<\/strong>: Typische italienische Olivensorten<br \/>\n<b>Produktionsbereich:\u00a0<\/b>Verona Provinz<br \/>\n<strong>Produktionszeitraum<\/strong>: November und Dezember<br \/>\n<b>Pressung: <\/b>Kaltpressung<br \/>\n<strong>S\u00e4uregehalt<\/strong>: max 0,3%<br \/>\n<strong>Farbe<\/strong>: hell gr\u00fcn<br \/>\n<strong>Geschmack<\/strong>: lecker und duftend mit einem sehrangenehmen fruchtigen Duft<br \/>\n<strong>Kochtipps<\/strong>:an jedem Tag gekocht oder rohen Lebensmitteln<\/p>","protected":false},"excerpt":{"rendered":"<p>Longazeria ist ein 100 % italienisches \u00d6l, frisch und duftend, ideal f\u00fcr den t\u00e4glichen Genuss in runder Form, sowohl roh als auch gekocht. Olivenernte 2025\/2026 Sorte: Typische italienische Olivensorten Produktionsbereich:\u00a0Verona Provinz Produktionszeitraum: November und Dezember Pressung: Kaltpressung S\u00e4uregehalt: max 0,3% Farbe: hell gr\u00fcn Geschmack: lecker und duftend mit einem sehrangenehmen fruchtigen Duft Kochtipps:an jedem Tag [&hellip;]<\/p>\n","protected":false},"featured_media":39,"comment_status":"closed","ping_status":"closed","template":"","meta":{"_acf_changed":false},"product_brand":[],"product_cat":[21],"product_tag":[],"class_list":{"0":"post-52","1":"product","2":"type-product","3":"status-publish","4":"has-post-thumbnail","6":"product_cat-i-quotidiani","8":"first","9":"instock","10":"taxable","11":"shipping-taxable","12":"purchasable","13":"product-type-variable"},"acf":[],"_links":{"self":[{"href":"https:\/\/shop.oliobonamini.com\/de\/wp-json\/wp\/v2\/product\/52","targetHints":{"allow":["GET"]}}],"collection":[{"href":"https:\/\/shop.oliobonamini.com\/de\/wp-json\/wp\/v2\/product"}],"about":[{"href":"https:\/\/shop.oliobonamini.com\/de\/wp-json\/wp\/v2\/types\/product"}],"replies":[{"embeddable":true,"href":"https:\/\/shop.oliobonamini.com\/de\/wp-json\/wp\/v2\/comments?post=52"}],"wp:featuredmedia":[{"embeddable":true,"href":"https:\/\/shop.oliobonamini.com\/de\/wp-json\/wp\/v2\/media\/39"}],"wp:attachment":[{"href":"https:\/\/shop.oliobonamini.com\/de\/wp-json\/wp\/v2\/media?parent=52"}],"wp:term":[{"taxonomy":"product_brand","embeddable":true,"href":"https:\/\/shop.oliobonamini.com\/de\/wp-json\/wp\/v2\/product_brand?post=52"},{"taxonomy":"product_cat","embeddable":true,"href":"https:\/\/shop.oliobonamini.com\/de\/wp-json\/wp\/v2\/product_cat?post=52"},{"taxonomy":"product_tag","embeddable":true,"href":"https:\/\/shop.oliobonamini.com\/de\/wp-json\/wp\/v2\/product_tag?post=52"}],"curies":[{"name":"wp","href":"https:\/\/api.w.org\/{rel}","templated":true}]}}