{"id":50,"date":"2019-03-08T11:50:29","date_gmt":"2019-03-08T10:50:29","guid":{"rendered":"http:\/\/shop.oliobonamini.com\/?post_type=product&#038;p=50"},"modified":"2026-02-04T14:01:38","modified_gmt":"2026-02-04T13:01:38","slug":"san-felice-100-italiano","status":"publish","type":"product","link":"https:\/\/shop.oliobonamini.com\/de\/prodotto\/san-felice-100-italiano\/","title":{"rendered":"San Felice 100% Italienisch \u00d6l"},"content":{"rendered":"<p><\/p>\n<h3>Das 100 % italienische San-Felice-\u00d6l ist ein frisches und sehr ausgewogenes \u00d6l. Authentizit\u00e4t und Wohlbefinden sind die Merkmale dieses \u00d6ls, das in der K\u00fcche einfach zu verwenden ist und zu jedem rohen oder gekochten Gericht auf dem Alltagstisch passt.<\/h3>\n<p><strong><em>Olivenernte 2025\/2026\u00a0<\/em><\/strong><\/p>\n<p><strong>Sorte<\/strong>: Typische italienische Olivensorten<br \/>\n<b>Produktionsbereich:\u00a0<\/b>Verona Provinz<br \/>\n<strong>Produktionszeitraum<\/strong>: November und Dezember<br \/>\n<b>Pressung: <\/b>Kaltpressung<br \/>\n<strong>S\u00e4uregehalt<\/strong>: max 0,3%<br \/>\n<strong>Farbe<\/strong>: hell gr\u00fcn<br \/>\n<strong>Geschmack<\/strong>: lecker und duftend mit einem sehr angenehmen fruchtigen Geruch<br \/>\n<strong>Kochtipps<\/strong>:an jedem Tag gekocht oder rohen Lebensmitteln<\/p>","protected":false},"excerpt":{"rendered":"<p>Das 100 % italienische San-Felice-\u00d6l ist ein frisches und sehr ausgewogenes \u00d6l. Authentizit\u00e4t und Wohlbefinden sind die Merkmale dieses \u00d6ls, das in der K\u00fcche einfach zu verwenden ist und zu jedem rohen oder gekochten Gericht auf dem Alltagstisch passt. Olivenernte 2025\/2026\u00a0 Sorte: Typische italienische Olivensorten Produktionsbereich:\u00a0Verona Provinz Produktionszeitraum: November und Dezember Pressung: Kaltpressung S\u00e4uregehalt: max [&hellip;]<\/p>\n","protected":false},"featured_media":41,"comment_status":"closed","ping_status":"closed","template":"","meta":{"_acf_changed":false},"product_brand":[],"product_cat":[21],"product_tag":[],"class_list":{"0":"post-50","1":"product","2":"type-product","3":"status-publish","4":"has-post-thumbnail","6":"product_cat-i-quotidiani","8":"first","9":"instock","10":"taxable","11":"shipping-taxable","12":"purchasable","13":"product-type-variable"},"acf":[],"_links":{"self":[{"href":"https:\/\/shop.oliobonamini.com\/de\/wp-json\/wp\/v2\/product\/50","targetHints":{"allow":["GET"]}}],"collection":[{"href":"https:\/\/shop.oliobonamini.com\/de\/wp-json\/wp\/v2\/product"}],"about":[{"href":"https:\/\/shop.oliobonamini.com\/de\/wp-json\/wp\/v2\/types\/product"}],"replies":[{"embeddable":true,"href":"https:\/\/shop.oliobonamini.com\/de\/wp-json\/wp\/v2\/comments?post=50"}],"wp:featuredmedia":[{"embeddable":true,"href":"https:\/\/shop.oliobonamini.com\/de\/wp-json\/wp\/v2\/media\/41"}],"wp:attachment":[{"href":"https:\/\/shop.oliobonamini.com\/de\/wp-json\/wp\/v2\/media?parent=50"}],"wp:term":[{"taxonomy":"product_brand","embeddable":true,"href":"https:\/\/shop.oliobonamini.com\/de\/wp-json\/wp\/v2\/product_brand?post=50"},{"taxonomy":"product_cat","embeddable":true,"href":"https:\/\/shop.oliobonamini.com\/de\/wp-json\/wp\/v2\/product_cat?post=50"},{"taxonomy":"product_tag","embeddable":true,"href":"https:\/\/shop.oliobonamini.com\/de\/wp-json\/wp\/v2\/product_tag?post=50"}],"curies":[{"name":"wp","href":"https:\/\/api.w.org\/{rel}","templated":true}]}}