{"id":48,"date":"2019-03-08T11:45:45","date_gmt":"2019-03-08T10:45:45","guid":{"rendered":"http:\/\/shop.oliobonamini.com\/?post_type=product&#038;p=48"},"modified":"2026-01-15T17:17:16","modified_gmt":"2026-01-15T16:17:16","slug":"olio-extravergine-d-oliva-santa-giustina-italiano","status":"publish","type":"product","link":"https:\/\/shop.oliobonamini.com\/de\/prodotto\/olio-extravergine-d-oliva-santa-giustina-italiano\/","title":{"rendered":"Santa Giustina 100% Italienisch \u00d6l"},"content":{"rendered":"<p><\/p>\n<h3>Santa Giustina ist ein extra natives \u00d6l, das aus perfekt reifen Fr\u00fcchten hergestellt wird und ein duftendes Gef\u00fchl der Frische mit einem aromatischen und kr\u00e4ftigen Geschmack vermittelt.<\/h3>\n<p><strong><em>Olivenernte 2025\/2026<\/em><\/strong><\/p>\n<h3><img decoding=\"async\" class=\"alignnone size-medium wp-image-37344\" style=\"font-size: 16px;\" src=\"https:\/\/shop.oliobonamini.com\/wp-content\/uploads\/2019\/03\/0001-300x212.jpg\" alt=\"\" width=\"300\" height=\"212\" srcset=\"https:\/\/shop.oliobonamini.com\/wp-content\/uploads\/2019\/03\/0001-300x212.jpg 300w, https:\/\/shop.oliobonamini.com\/wp-content\/uploads\/2019\/03\/0001-1024x724.jpg 1024w, https:\/\/shop.oliobonamini.com\/wp-content\/uploads\/2019\/03\/0001-768x543.jpg 768w, https:\/\/shop.oliobonamini.com\/wp-content\/uploads\/2019\/03\/0001-1536x1086.jpg 1536w, https:\/\/shop.oliobonamini.com\/wp-content\/uploads\/2019\/03\/0001-2048x1448.jpg 2048w\" sizes=\"(max-width: 300px) 100vw, 300px\" \/><\/h3>\n<p><strong>Sorte<\/strong>: Frantoio, Leccino, Moraiolo und Peranzana<br \/>\n<strong>Produktionsbereich<\/strong>: Verona Provinz<br \/>\n<strong>Produktionszeitraum<\/strong>: Anfang November<br \/>\n<strong>Pressung<\/strong>: Kaltpressung<br \/>\n<strong>S\u00e4uregehalt<\/strong>: 0,2% max<br \/>\n<strong>Farbe<\/strong>: Gelb- hellgr\u00fcn<br \/>\n<strong>Geschmack<\/strong>: duftender Geschmack von Bl\u00e4ttern und frischen Fr\u00fcchten mit einem entscheidenden und aromatischen Geschmack<br \/>\n<strong>Empfohlene Verwendung:<\/strong> auf Bruschetta, aber auch auf gegrilltem rotem Fleisch und Salat, auf H\u00fclsenfruchtsuppen und auf gekochtem Gem\u00fcse mit bitterem Nachgeschmack wie Chicor\u00e9e, Rucola und Radicchio<\/p>","protected":false},"excerpt":{"rendered":"<p>Santa Giustina ist ein extra natives \u00d6l, das aus perfekt reifen Fr\u00fcchten hergestellt wird und ein duftendes Gef\u00fchl der Frische mit einem aromatischen und kr\u00e4ftigen Geschmack vermittelt. Olivenernte 2025\/2026 Sorte: Frantoio, Leccino, Moraiolo und Peranzana Produktionsbereich: Verona Provinz Produktionszeitraum: Anfang November Pressung: Kaltpressung S\u00e4uregehalt: 0,2% max Farbe: Gelb- hellgr\u00fcn Geschmack: duftender Geschmack von Bl\u00e4ttern und [&hellip;]<\/p>\n","protected":false},"featured_media":42,"comment_status":"closed","ping_status":"closed","template":"","meta":{"_acf_changed":false},"product_brand":[],"product_cat":[20],"product_tag":[],"class_list":{"0":"post-48","1":"product","2":"type-product","3":"status-publish","4":"has-post-thumbnail","6":"product_cat-le-selezioni","8":"first","9":"instock","10":"taxable","11":"shipping-taxable","12":"purchasable","13":"product-type-variable"},"acf":[],"_links":{"self":[{"href":"https:\/\/shop.oliobonamini.com\/de\/wp-json\/wp\/v2\/product\/48","targetHints":{"allow":["GET"]}}],"collection":[{"href":"https:\/\/shop.oliobonamini.com\/de\/wp-json\/wp\/v2\/product"}],"about":[{"href":"https:\/\/shop.oliobonamini.com\/de\/wp-json\/wp\/v2\/types\/product"}],"replies":[{"embeddable":true,"href":"https:\/\/shop.oliobonamini.com\/de\/wp-json\/wp\/v2\/comments?post=48"}],"wp:featuredmedia":[{"embeddable":true,"href":"https:\/\/shop.oliobonamini.com\/de\/wp-json\/wp\/v2\/media\/42"}],"wp:attachment":[{"href":"https:\/\/shop.oliobonamini.com\/de\/wp-json\/wp\/v2\/media?parent=48"}],"wp:term":[{"taxonomy":"product_brand","embeddable":true,"href":"https:\/\/shop.oliobonamini.com\/de\/wp-json\/wp\/v2\/product_brand?post=48"},{"taxonomy":"product_cat","embeddable":true,"href":"https:\/\/shop.oliobonamini.com\/de\/wp-json\/wp\/v2\/product_cat?post=48"},{"taxonomy":"product_tag","embeddable":true,"href":"https:\/\/shop.oliobonamini.com\/de\/wp-json\/wp\/v2\/product_tag?post=48"}],"curies":[{"name":"wp","href":"https:\/\/api.w.org\/{rel}","templated":true}]}}