{"id":46,"date":"2019-03-08T11:40:21","date_gmt":"2019-03-08T10:40:21","guid":{"rendered":"http:\/\/shop.oliobonamini.com\/?post_type=product&#038;p=46"},"modified":"2026-04-03T10:10:38","modified_gmt":"2026-04-03T08:10:38","slug":"grignano-100-italiano","status":"publish","type":"product","link":"https:\/\/shop.oliobonamini.com\/de\/prodotto\/grignano-100-italiano\/","title":{"rendered":"100% italienische Grignano Monocultivar \u00d6l"},"content":{"rendered":"<p><\/p>\n<h3>Monocultivar Grignano ist ein \u00d6l, das aus der typischen einheimischen Olivensorte Grignano hergestellt wird und die Grundlage unseres D.O.P. Veneto Valpolicella, aber in diesem Fall wird es in Reinheit verwendet.<\/h3>\n<p><em><strong>Oliven\u00f6lkampagne 2025\/2026<\/strong><\/em><\/p>\n<p><img loading=\"lazy\" decoding=\"async\" class=\"alignnone  wp-image-205227\" src=\"https:\/\/shop.oliobonamini.com\/wp-content\/uploads\/2019\/03\/Label3foglie_light-fruity_2026-27.png\" alt=\"\" width=\"191\" height=\"158\" srcset=\"https:\/\/shop.oliobonamini.com\/wp-content\/uploads\/2019\/03\/Label3foglie_light-fruity_2026-27.png 417w, https:\/\/shop.oliobonamini.com\/wp-content\/uploads\/2019\/03\/Label3foglie_light-fruity_2026-27-300x248.png 300w\" sizes=\"(max-width: 191px) 100vw, 191px\" \/><img loading=\"lazy\" decoding=\"async\" class=\"alignnone wp-image-205211\" src=\"https:\/\/shop.oliobonamini.com\/wp-content\/uploads\/2019\/03\/00_Bollino_5Gocce2026_tracciato_page-0001-removebg-preview-1.png\" alt=\"\" width=\"138\" height=\"138\" srcset=\"https:\/\/shop.oliobonamini.com\/wp-content\/uploads\/2019\/03\/00_Bollino_5Gocce2026_tracciato_page-0001-removebg-preview-1.png 500w, https:\/\/shop.oliobonamini.com\/wp-content\/uploads\/2019\/03\/00_Bollino_5Gocce2026_tracciato_page-0001-removebg-preview-1-300x300.png 300w, https:\/\/shop.oliobonamini.com\/wp-content\/uploads\/2019\/03\/00_Bollino_5Gocce2026_tracciato_page-0001-removebg-preview-1-150x150.png 150w, https:\/\/shop.oliobonamini.com\/wp-content\/uploads\/2019\/03\/00_Bollino_5Gocce2026_tracciato_page-0001-removebg-preview-1-100x100.png 100w\" sizes=\"(max-width: 138px) 100vw, 138px\" \/><img decoding=\"async\" class=\"alignnone wp-image-143169\" src=\"https:\/\/shop.oliobonamini.com\/wp-content\/uploads\/2019\/03\/DIPLOMI-GOLD-53_page-0001.jpg\" alt=\"\" width=\"215\" height=\"152\" srcset=\"https:\/\/shop.oliobonamini.com\/wp-content\/uploads\/2019\/03\/DIPLOMI-GOLD-53_page-0001.jpg 1755w, https:\/\/shop.oliobonamini.com\/wp-content\/uploads\/2019\/03\/DIPLOMI-GOLD-53_page-0001-300x212.jpg 300w, https:\/\/shop.oliobonamini.com\/wp-content\/uploads\/2019\/03\/DIPLOMI-GOLD-53_page-0001-1024x724.jpg 1024w, https:\/\/shop.oliobonamini.com\/wp-content\/uploads\/2019\/03\/DIPLOMI-GOLD-53_page-0001-768x543.jpg 768w, https:\/\/shop.oliobonamini.com\/wp-content\/uploads\/2019\/03\/DIPLOMI-GOLD-53_page-0001-1536x1085.jpg 1536w, https:\/\/shop.oliobonamini.com\/wp-content\/uploads\/2019\/03\/DIPLOMI-GOLD-53_page-0001-16x12.jpg 16w\" sizes=\"(max-width: 215px) 100vw, 215px\" \/><img loading=\"lazy\" decoding=\"async\" class=\"alignnone wp-image-143167\" src=\"https:\/\/shop.oliobonamini.com\/wp-content\/uploads\/2019\/03\/LOS-ANGELES-INTERNATIONAL-COMPETITION-GRIGNANO-1-rotated.jpg\" alt=\"\" width=\"224\" height=\"158\" srcset=\"https:\/\/shop.oliobonamini.com\/wp-content\/uploads\/2019\/03\/LOS-ANGELES-INTERNATIONAL-COMPETITION-GRIGNANO-1-rotated.jpg 2339w, https:\/\/shop.oliobonamini.com\/wp-content\/uploads\/2019\/03\/LOS-ANGELES-INTERNATIONAL-COMPETITION-GRIGNANO-1-300x212.jpg 300w, https:\/\/shop.oliobonamini.com\/wp-content\/uploads\/2019\/03\/LOS-ANGELES-INTERNATIONAL-COMPETITION-GRIGNANO-1-1024x724.jpg 1024w, https:\/\/shop.oliobonamini.com\/wp-content\/uploads\/2019\/03\/LOS-ANGELES-INTERNATIONAL-COMPETITION-GRIGNANO-1-768x543.jpg 768w, https:\/\/shop.oliobonamini.com\/wp-content\/uploads\/2019\/03\/LOS-ANGELES-INTERNATIONAL-COMPETITION-GRIGNANO-1-1536x1086.jpg 1536w, https:\/\/shop.oliobonamini.com\/wp-content\/uploads\/2019\/03\/LOS-ANGELES-INTERNATIONAL-COMPETITION-GRIGNANO-1-2048x1448.jpg 2048w, https:\/\/shop.oliobonamini.com\/wp-content\/uploads\/2019\/03\/LOS-ANGELES-INTERNATIONAL-COMPETITION-GRIGNANO-1-16x12.jpg 16w\" sizes=\"(max-width: 224px) 100vw, 224px\" \/> <img loading=\"lazy\" decoding=\"async\" class=\"alignnone wp-image-143168\" src=\"https:\/\/shop.oliobonamini.com\/wp-content\/uploads\/2019\/03\/The-WH-Award-Rosso-6-1.jpg\" alt=\"\" width=\"213\" height=\"151\" srcset=\"https:\/\/shop.oliobonamini.com\/wp-content\/uploads\/2019\/03\/The-WH-Award-Rosso-6-1.jpg 2339w, https:\/\/shop.oliobonamini.com\/wp-content\/uploads\/2019\/03\/The-WH-Award-Rosso-6-1-300x212.jpg 300w, https:\/\/shop.oliobonamini.com\/wp-content\/uploads\/2019\/03\/The-WH-Award-Rosso-6-1-1024x724.jpg 1024w, https:\/\/shop.oliobonamini.com\/wp-content\/uploads\/2019\/03\/The-WH-Award-Rosso-6-1-768x543.jpg 768w, https:\/\/shop.oliobonamini.com\/wp-content\/uploads\/2019\/03\/The-WH-Award-Rosso-6-1-1536x1086.jpg 1536w, https:\/\/shop.oliobonamini.com\/wp-content\/uploads\/2019\/03\/The-WH-Award-Rosso-6-1-2048x1448.jpg 2048w, https:\/\/shop.oliobonamini.com\/wp-content\/uploads\/2019\/03\/The-WH-Award-Rosso-6-1-16x12.jpg 16w\" sizes=\"(max-width: 213px) 100vw, 213px\" \/> <img loading=\"lazy\" decoding=\"async\" class=\"alignnone wp-image-143170\" src=\"https:\/\/shop.oliobonamini.com\/wp-content\/uploads\/2019\/03\/Bibenda-2019-1-scaled.jpg\" alt=\"\" width=\"110\" height=\"152\" srcset=\"https:\/\/shop.oliobonamini.com\/wp-content\/uploads\/2019\/03\/Bibenda-2019-1-scaled.jpg 1853w, https:\/\/shop.oliobonamini.com\/wp-content\/uploads\/2019\/03\/Bibenda-2019-1-217x300.jpg 217w, https:\/\/shop.oliobonamini.com\/wp-content\/uploads\/2019\/03\/Bibenda-2019-1-741x1024.jpg 741w, https:\/\/shop.oliobonamini.com\/wp-content\/uploads\/2019\/03\/Bibenda-2019-1-768x1061.jpg 768w, https:\/\/shop.oliobonamini.com\/wp-content\/uploads\/2019\/03\/Bibenda-2019-1-1112x1536.jpg 1112w, https:\/\/shop.oliobonamini.com\/wp-content\/uploads\/2019\/03\/Bibenda-2019-1-1483x2048.jpg 1483w, https:\/\/shop.oliobonamini.com\/wp-content\/uploads\/2019\/03\/Bibenda-2019-1-9x12.jpg 9w, https:\/\/shop.oliobonamini.com\/wp-content\/uploads\/2019\/03\/Bibenda-2019-1-300x414.jpg 300w\" sizes=\"(max-width: 110px) 100vw, 110px\" \/><\/p>\n<p><strong>Sorte<\/strong>: Grignano 100%<br \/>\n<strong>Produktionsbereich<\/strong>: Val d\u2019Illasi (Verona Provinz)<br \/>\n<strong>Produktionszeitraum<\/strong>: Ende Oktober<br \/>\n<b>Pressung: <\/b>Kaltpressung<br \/>\n<strong>S\u00e4uregehalt<\/strong>: max 0,2% max<br \/>\n<strong>Farbe<\/strong>: gl\u00e4nzende gr\u00fcn<br \/>\n<strong>Geschmack<\/strong>: frisch mit einem Hauch von Gras und gr\u00fcnem Apfel. Es bringt seine fruchtige Ladung und seine nat\u00fcrliche Weichheit zum Ausdruck<br \/>\n<strong>Empfohlene Verwendung:<\/strong> roh auf Meeresfr\u00fcchtesalaten, ged\u00fcnsteten Schalentieren, gebratenem Gem\u00fcse, Pilzsuppen, ersten G\u00e4ngen mit Schalentieren, gegrilltem Fisch, wei\u00dfem Fleisch und frischem K\u00e4se<\/p>","protected":false},"excerpt":{"rendered":"<p>Monocultivar Grignano ist ein \u00d6l, das aus der typischen einheimischen Olivensorte Grignano hergestellt wird und die Grundlage unseres D.O.P. Veneto Valpolicella, aber in diesem Fall wird es in Reinheit verwendet. Oliven\u00f6lkampagne 2025\/2026 Sorte: Grignano 100% Produktionsbereich: Val d\u2019Illasi (Verona Provinz) Produktionszeitraum: Ende Oktober Pressung: Kaltpressung S\u00e4uregehalt: max 0,2% max Farbe: gl\u00e4nzende gr\u00fcn Geschmack: frisch mit [&hellip;]<\/p>\n","protected":false},"featured_media":38,"comment_status":"closed","ping_status":"closed","template":"","meta":{"_acf_changed":false},"product_brand":[],"product_cat":[19],"product_tag":[],"class_list":{"0":"post-46","1":"product","2":"type-product","3":"status-publish","4":"has-post-thumbnail","6":"product_cat-i-cru","8":"first","9":"instock","10":"taxable","11":"shipping-taxable","12":"purchasable","13":"product-type-variable"},"acf":[],"_links":{"self":[{"href":"https:\/\/shop.oliobonamini.com\/de\/wp-json\/wp\/v2\/product\/46","targetHints":{"allow":["GET"]}}],"collection":[{"href":"https:\/\/shop.oliobonamini.com\/de\/wp-json\/wp\/v2\/product"}],"about":[{"href":"https:\/\/shop.oliobonamini.com\/de\/wp-json\/wp\/v2\/types\/product"}],"replies":[{"embeddable":true,"href":"https:\/\/shop.oliobonamini.com\/de\/wp-json\/wp\/v2\/comments?post=46"}],"wp:featuredmedia":[{"embeddable":true,"href":"https:\/\/shop.oliobonamini.com\/de\/wp-json\/wp\/v2\/media\/38"}],"wp:attachment":[{"href":"https:\/\/shop.oliobonamini.com\/de\/wp-json\/wp\/v2\/media?parent=46"}],"wp:term":[{"taxonomy":"product_brand","embeddable":true,"href":"https:\/\/shop.oliobonamini.com\/de\/wp-json\/wp\/v2\/product_brand?post=46"},{"taxonomy":"product_cat","embeddable":true,"href":"https:\/\/shop.oliobonamini.com\/de\/wp-json\/wp\/v2\/product_cat?post=46"},{"taxonomy":"product_tag","embeddable":true,"href":"https:\/\/shop.oliobonamini.com\/de\/wp-json\/wp\/v2\/product_tag?post=46"}],"curies":[{"name":"wp","href":"https:\/\/api.w.org\/{rel}","templated":true}]}}