{"id":45584,"date":"2021-05-18T15:46:52","date_gmt":"2021-05-18T13:46:52","guid":{"rendered":"https:\/\/shop.oliobonamini.com\/?post_type=product&#038;p=45584"},"modified":"2024-10-21T17:43:41","modified_gmt":"2024-10-21T15:43:41","slug":"condimento-alimentare-bianco-025l","status":"publish","type":"product","link":"https:\/\/shop.oliobonamini.com\/de\/prodotto\/condimento-alimentare-bianco-025l\/","title":{"rendered":"Wei\u00dfweinessig 0,25L"},"content":{"rendered":"<p>Wei\u00dfes Gew\u00fcrz aus der Kombination von Trebbiano-Traubenmost und Wei\u00dfweinessig.<br \/>\nFrisches und junges Dressing, ideal zum Zubereiten von Saucen, Marinaden oder zum Dressing von Salaten, Fisch und Fleisch.<\/p>\n<p><strong>Zutaten:<\/strong> gekochter und fermentierter Most aus Trebbiano-Trauben und Wei\u00dfweinessig.<\/p>","protected":false},"excerpt":{"rendered":"<p>Wei\u00dfes Gew\u00fcrz aus der Kombination von Trebbiano-Traubenmost und Wei\u00dfweinessig. Frisches und junges Dressing, ideal zum Zubereiten von Saucen, Marinaden oder zum Dressing von Salaten, Fisch und Fleisch. Zutaten: gekochter und fermentierter Most aus Trebbiano-Trauben und Wei\u00dfweinessig.<\/p>\n","protected":false},"featured_media":45587,"comment_status":"open","ping_status":"closed","template":"","meta":{"_acf_changed":false},"product_brand":[],"product_cat":[23],"product_tag":[],"class_list":{"0":"post-45584","1":"product","2":"type-product","3":"status-publish","4":"has-post-thumbnail","6":"product_cat-aceti-condimenti","8":"first","9":"instock","10":"taxable","11":"shipping-taxable","12":"purchasable","13":"product-type-simple"},"acf":[],"_links":{"self":[{"href":"https:\/\/shop.oliobonamini.com\/de\/wp-json\/wp\/v2\/product\/45584","targetHints":{"allow":["GET"]}}],"collection":[{"href":"https:\/\/shop.oliobonamini.com\/de\/wp-json\/wp\/v2\/product"}],"about":[{"href":"https:\/\/shop.oliobonamini.com\/de\/wp-json\/wp\/v2\/types\/product"}],"replies":[{"embeddable":true,"href":"https:\/\/shop.oliobonamini.com\/de\/wp-json\/wp\/v2\/comments?post=45584"}],"wp:featuredmedia":[{"embeddable":true,"href":"https:\/\/shop.oliobonamini.com\/de\/wp-json\/wp\/v2\/media\/45587"}],"wp:attachment":[{"href":"https:\/\/shop.oliobonamini.com\/de\/wp-json\/wp\/v2\/media?parent=45584"}],"wp:term":[{"taxonomy":"product_brand","embeddable":true,"href":"https:\/\/shop.oliobonamini.com\/de\/wp-json\/wp\/v2\/product_brand?post=45584"},{"taxonomy":"product_cat","embeddable":true,"href":"https:\/\/shop.oliobonamini.com\/de\/wp-json\/wp\/v2\/product_cat?post=45584"},{"taxonomy":"product_tag","embeddable":true,"href":"https:\/\/shop.oliobonamini.com\/de\/wp-json\/wp\/v2\/product_tag?post=45584"}],"curies":[{"name":"wp","href":"https:\/\/api.w.org\/{rel}","templated":true}]}}