{"id":45,"date":"2019-03-08T11:37:00","date_gmt":"2019-03-08T10:37:00","guid":{"rendered":"http:\/\/shop.oliobonamini.com\/?post_type=product&#038;p=45"},"modified":"2026-04-03T10:08:45","modified_gmt":"2026-04-03T08:08:45","slug":"campo-di-casa-100-italiano","status":"publish","type":"product","link":"https:\/\/shop.oliobonamini.com\/de\/prodotto\/campo-di-casa-100-italiano\/","title":{"rendered":"100% italienische Campo di Casa \u00d6l"},"content":{"rendered":"<p><\/p>\n<h3>950 Olivenb\u00e4ume<br \/>\n13 Wahrheiten<br \/>\n1 einzigartiger Geschmack<\/h3>\n<h3>Campo di Casa ist ein \u00d6l mit weichen und s\u00fc\u00dfen Noten, das auf territorialer Ebene stark ausgepr\u00e4gt ist.<br \/>\nTats\u00e4chlich stellt die Form des Etiketts den Olivenhain dar, der die \u00d6lm\u00fchle umgibt und aus 950 Olivenb\u00e4umen besteht, in denen die 13 Olivensorten angebaut werden, aus denen dieses Cru-\u00d6l besteht, und aus denen sie stammen.<\/h3>\n<p><em><strong>Olivenernte 2025-2026<\/strong><\/em><\/p>\n<p><img loading=\"lazy\" decoding=\"async\" class=\"alignnone  wp-image-205228\" src=\"https:\/\/shop.oliobonamini.com\/wp-content\/uploads\/2019\/03\/Label_Rated-by_2026-27.jpg\" alt=\"\" width=\"205\" height=\"170\" srcset=\"https:\/\/shop.oliobonamini.com\/wp-content\/uploads\/2019\/03\/Label_Rated-by_2026-27.jpg 415w, https:\/\/shop.oliobonamini.com\/wp-content\/uploads\/2019\/03\/Label_Rated-by_2026-27-300x249.jpg 300w\" sizes=\"(max-width: 205px) 100vw, 205px\" \/><img decoding=\"async\" class=\"alignnone wp-image-204157\" src=\"https:\/\/shop.oliobonamini.com\/wp-content\/uploads\/2019\/03\/Progetto-senza-titolo-1.png\" alt=\"\" width=\"133\" height=\"166\" srcset=\"https:\/\/shop.oliobonamini.com\/wp-content\/uploads\/2019\/03\/Progetto-senza-titolo-1.png 1080w, https:\/\/shop.oliobonamini.com\/wp-content\/uploads\/2019\/03\/Progetto-senza-titolo-1-240x300.png 240w, https:\/\/shop.oliobonamini.com\/wp-content\/uploads\/2019\/03\/Progetto-senza-titolo-1-819x1024.png 819w, https:\/\/shop.oliobonamini.com\/wp-content\/uploads\/2019\/03\/Progetto-senza-titolo-1-768x960.png 768w, https:\/\/shop.oliobonamini.com\/wp-content\/uploads\/2019\/03\/Progetto-senza-titolo-1-300x375.png 300w\" sizes=\"(max-width: 133px) 100vw, 133px\" \/><img decoding=\"async\" class=\"alignnone wp-image-204029\" src=\"https:\/\/shop.oliobonamini.com\/wp-content\/uploads\/2019\/03\/LODO-2024_page-0001.jpg\" alt=\"\" width=\"236\" height=\"167\" srcset=\"https:\/\/shop.oliobonamini.com\/wp-content\/uploads\/2019\/03\/LODO-2024_page-0001.jpg 1754w, https:\/\/shop.oliobonamini.com\/wp-content\/uploads\/2019\/03\/LODO-2024_page-0001-300x212.jpg 300w, https:\/\/shop.oliobonamini.com\/wp-content\/uploads\/2019\/03\/LODO-2024_page-0001-1024x725.jpg 1024w, https:\/\/shop.oliobonamini.com\/wp-content\/uploads\/2019\/03\/LODO-2024_page-0001-768x543.jpg 768w, https:\/\/shop.oliobonamini.com\/wp-content\/uploads\/2019\/03\/LODO-2024_page-0001-1536x1087.jpg 1536w, https:\/\/shop.oliobonamini.com\/wp-content\/uploads\/2019\/03\/LODO-2024_page-0001-16x12.jpg 16w\" sizes=\"(max-width: 236px) 100vw, 236px\" \/><img loading=\"lazy\" decoding=\"async\" class=\"alignnone wp-image-204028\" src=\"https:\/\/shop.oliobonamini.com\/wp-content\/uploads\/2019\/03\/Food-ROSSO-143_page-0001.jpg\" alt=\"\" width=\"238\" height=\"168\" srcset=\"https:\/\/shop.oliobonamini.com\/wp-content\/uploads\/2019\/03\/Food-ROSSO-143_page-0001.jpg 1755w, https:\/\/shop.oliobonamini.com\/wp-content\/uploads\/2019\/03\/Food-ROSSO-143_page-0001-300x212.jpg 300w, https:\/\/shop.oliobonamini.com\/wp-content\/uploads\/2019\/03\/Food-ROSSO-143_page-0001-1024x724.jpg 1024w, https:\/\/shop.oliobonamini.com\/wp-content\/uploads\/2019\/03\/Food-ROSSO-143_page-0001-768x543.jpg 768w, https:\/\/shop.oliobonamini.com\/wp-content\/uploads\/2019\/03\/Food-ROSSO-143_page-0001-1536x1086.jpg 1536w, https:\/\/shop.oliobonamini.com\/wp-content\/uploads\/2019\/03\/Food-ROSSO-143_page-0001-16x12.jpg 16w\" sizes=\"(max-width: 238px) 100vw, 238px\" \/><img loading=\"lazy\" decoding=\"async\" class=\"alignnone wp-image-157003\" src=\"https:\/\/shop.oliobonamini.com\/wp-content\/uploads\/2019\/03\/labelsegnalatooli2023web.png\" alt=\"\" width=\"235\" height=\"185\" srcset=\"https:\/\/shop.oliobonamini.com\/wp-content\/uploads\/2019\/03\/labelsegnalatooli2023web.png 490w, https:\/\/shop.oliobonamini.com\/wp-content\/uploads\/2019\/03\/labelsegnalatooli2023web-300x237.png 300w, https:\/\/shop.oliobonamini.com\/wp-content\/uploads\/2019\/03\/labelsegnalatooli2023web-16x12.png 16w\" sizes=\"(max-width: 235px) 100vw, 235px\" \/><img loading=\"lazy\" decoding=\"async\" class=\"alignnone wp-image-98243\" src=\"https:\/\/shop.oliobonamini.com\/wp-content\/uploads\/2019\/03\/LabelRatedbyOli2022.jpg\" alt=\"\" width=\"247\" height=\"195\" srcset=\"https:\/\/shop.oliobonamini.com\/wp-content\/uploads\/2019\/03\/LabelRatedbyOli2022.jpg 490w, https:\/\/shop.oliobonamini.com\/wp-content\/uploads\/2019\/03\/LabelRatedbyOli2022-300x237.jpg 300w, https:\/\/shop.oliobonamini.com\/wp-content\/uploads\/2019\/03\/LabelRatedbyOli2022-16x12.jpg 16w\" sizes=\"(max-width: 247px) 100vw, 247px\" \/><\/p>\n<p><strong>Sorte<\/strong>: Grignano, Frantoio, Leccino, Pendolino, Maurino, Arbequina, Gorgazzo, Rasara, Casaliva, Bianchera, Arbosana, Itrana e Coratina.<br \/>\n<strong>Produktionsbereich<\/strong>: Es stammt ausschlie\u00dflich aus dem Olivenhain, der die Olivenm\u00fchle umgibt. Koordinaten N 45 \u00b0 27 \u201919,1\u2019 E 11 \u00b0 10 \u201909,5<br \/>\n<strong>Produktionszeitraum<\/strong>: Ende Oktober<br \/>\n<strong>Pressung<\/strong>: Kaltpressung<br \/>\n<b>S\u00e4uregehalt<\/b>: 0,21%<br \/>\n<strong>Farbe<\/strong>: von gelb zu gr\u00fcn<br \/>\n<strong>Geschmack<\/strong>: ausgewogen mit einem Hauch frischer Fr\u00fcchte<br \/>\n<strong>Kochtipps<\/strong>: auf Fisch, auf Pasta, frischem K\u00e4se und gekochten Gem\u00fcse<\/p>\n<pre id=\"tw-target-text\" class=\"tw-data-text tw-ta tw-text-small\" dir=\"ltr\" data-placeholder=\"Traduzione\" data-fulltext=\"\"><\/pre>\n<p><\/p>","protected":false},"excerpt":{"rendered":"<p>950 Olivenb\u00e4ume 13 Wahrheiten 1 einzigartiger Geschmack Campo di Casa ist ein \u00d6l mit weichen und s\u00fc\u00dfen Noten, das auf territorialer Ebene stark ausgepr\u00e4gt ist. Tats\u00e4chlich stellt die Form des Etiketts den Olivenhain dar, der die \u00d6lm\u00fchle umgibt und aus 950 Olivenb\u00e4umen besteht, in denen die 13 Olivensorten angebaut werden, aus denen dieses Cru-\u00d6l besteht, [&hellip;]<\/p>\n","protected":false},"featured_media":102554,"comment_status":"closed","ping_status":"closed","template":"","meta":{"_acf_changed":false},"product_brand":[],"product_cat":[19],"product_tag":[],"class_list":{"0":"post-45","1":"product","2":"type-product","3":"status-publish","4":"has-post-thumbnail","6":"product_cat-i-cru","8":"first","9":"instock","10":"taxable","11":"shipping-taxable","12":"purchasable","13":"product-type-variable"},"acf":[],"_links":{"self":[{"href":"https:\/\/shop.oliobonamini.com\/de\/wp-json\/wp\/v2\/product\/45","targetHints":{"allow":["GET"]}}],"collection":[{"href":"https:\/\/shop.oliobonamini.com\/de\/wp-json\/wp\/v2\/product"}],"about":[{"href":"https:\/\/shop.oliobonamini.com\/de\/wp-json\/wp\/v2\/types\/product"}],"replies":[{"embeddable":true,"href":"https:\/\/shop.oliobonamini.com\/de\/wp-json\/wp\/v2\/comments?post=45"}],"wp:featuredmedia":[{"embeddable":true,"href":"https:\/\/shop.oliobonamini.com\/de\/wp-json\/wp\/v2\/media\/102554"}],"wp:attachment":[{"href":"https:\/\/shop.oliobonamini.com\/de\/wp-json\/wp\/v2\/media?parent=45"}],"wp:term":[{"taxonomy":"product_brand","embeddable":true,"href":"https:\/\/shop.oliobonamini.com\/de\/wp-json\/wp\/v2\/product_brand?post=45"},{"taxonomy":"product_cat","embeddable":true,"href":"https:\/\/shop.oliobonamini.com\/de\/wp-json\/wp\/v2\/product_cat?post=45"},{"taxonomy":"product_tag","embeddable":true,"href":"https:\/\/shop.oliobonamini.com\/de\/wp-json\/wp\/v2\/product_tag?post=45"}],"curies":[{"name":"wp","href":"https:\/\/api.w.org\/{rel}","templated":true}]}}