{"id":30,"date":"2019-03-07T10:56:40","date_gmt":"2019-03-07T09:56:40","guid":{"rendered":"http:\/\/shop.oliobonamini.com\/?post_type=product&#038;p=30"},"modified":"2025-10-14T12:12:58","modified_gmt":"2025-10-14T10:12:58","slug":"garda-d-o-p","status":"publish","type":"product","link":"https:\/\/shop.oliobonamini.com\/de\/prodotto\/garda-d-o-p\/","title":{"rendered":"Garda DOP \u00d6l"},"content":{"rendered":"<p><\/p>\n<h3>Das native Oliven\u00f6l Extra Garda DOP zeichnet sich durch seinen nat\u00fcrlich delikaten Geschmack und seine Eleganz aus.<\/h3>\n<p><strong>Oliven\u00f6l-Kampagne 2024\/2025<\/strong><\/p>\n<p><img decoding=\"async\" class=\"alignnone wp-image-143166\" src=\"https:\/\/shop.oliobonamini.com\/wp-content\/uploads\/2019\/03\/DIPLOMI-ROSSO-92_page-0001.jpg\" alt=\"\" width=\"234\" height=\"165\" srcset=\"https:\/\/shop.oliobonamini.com\/wp-content\/uploads\/2019\/03\/DIPLOMI-ROSSO-92_page-0001.jpg 1755w, https:\/\/shop.oliobonamini.com\/wp-content\/uploads\/2019\/03\/DIPLOMI-ROSSO-92_page-0001-300x212.jpg 300w, https:\/\/shop.oliobonamini.com\/wp-content\/uploads\/2019\/03\/DIPLOMI-ROSSO-92_page-0001-1024x724.jpg 1024w, https:\/\/shop.oliobonamini.com\/wp-content\/uploads\/2019\/03\/DIPLOMI-ROSSO-92_page-0001-768x543.jpg 768w, https:\/\/shop.oliobonamini.com\/wp-content\/uploads\/2019\/03\/DIPLOMI-ROSSO-92_page-0001-1536x1085.jpg 1536w, https:\/\/shop.oliobonamini.com\/wp-content\/uploads\/2019\/03\/DIPLOMI-ROSSO-92_page-0001-16x12.jpg 16w\" sizes=\"(max-width: 234px) 100vw, 234px\" \/><\/p>\n<p><strong>Sorte<\/strong>: Casaliva, Frantoio, Leccino<br \/>\n<strong>Produktionsbereich<\/strong>: Gardasee (\u00f6stlich Garda)<br \/>\n<strong>Produktionszeitraum<\/strong>: Ende Oktober \u2013Amfang November<br \/>\n<strong>Pressung<\/strong>: Kaltpressung<br \/>\n<strong>S\u00e4uregehalt<\/strong>: max 0,5%<br \/>\n<strong>Farbe<\/strong>: von gr\u00fcn bis gelb<br \/>\n<strong>Geschmack<\/strong>: Die Aromen von frischem Gras, aromatischen Kr\u00e4utern, Heu und Artischocken, kombiniert mit dem typischen Mandel-Nachgeschmack, machen es einzigartig.<br \/>\n<strong>Kochtipps<\/strong>: Mit seiner Leichtigkeit passt er gut zu vielen Gerichten und Rezepten auf der Basis von Seefisch, aber auch Fleisch, Carpaccio von Fleisch und Fisch, gesalzenem Fleisch, Pinzimoni, rohem und gekochtem Gem\u00fcse, Bruschetta und Mager- oder Stracchino-K\u00e4se.<br \/>\nHervorragend geeignet f\u00fcr die Zubereitung von Desserts mit Schokolade, f\u00fcr Sorbets und Eiscreme.<\/p>","protected":false},"excerpt":{"rendered":"<p>Das native Oliven\u00f6l Extra Garda DOP zeichnet sich durch seinen nat\u00fcrlich delikaten Geschmack und seine Eleganz aus. Oliven\u00f6l-Kampagne 2024\/2025 Sorte: Casaliva, Frantoio, Leccino Produktionsbereich: Gardasee (\u00f6stlich Garda) Produktionszeitraum: Ende Oktober \u2013Amfang November Pressung: Kaltpressung S\u00e4uregehalt: max 0,5% Farbe: von gr\u00fcn bis gelb Geschmack: Die Aromen von frischem Gras, aromatischen Kr\u00e4utern, Heu und Artischocken, kombiniert mit [&hellip;]<\/p>\n","protected":false},"featured_media":37,"comment_status":"closed","ping_status":"closed","template":"","meta":{"_acf_changed":false},"product_brand":[],"product_cat":[18],"product_tag":[],"class_list":{"0":"post-30","1":"product","2":"type-product","3":"status-publish","4":"has-post-thumbnail","6":"product_cat-i-certificati","8":"first","9":"outofstock","10":"taxable","11":"shipping-taxable","12":"purchasable","13":"product-type-variable"},"acf":[],"_links":{"self":[{"href":"https:\/\/shop.oliobonamini.com\/de\/wp-json\/wp\/v2\/product\/30","targetHints":{"allow":["GET"]}}],"collection":[{"href":"https:\/\/shop.oliobonamini.com\/de\/wp-json\/wp\/v2\/product"}],"about":[{"href":"https:\/\/shop.oliobonamini.com\/de\/wp-json\/wp\/v2\/types\/product"}],"replies":[{"embeddable":true,"href":"https:\/\/shop.oliobonamini.com\/de\/wp-json\/wp\/v2\/comments?post=30"}],"wp:featuredmedia":[{"embeddable":true,"href":"https:\/\/shop.oliobonamini.com\/de\/wp-json\/wp\/v2\/media\/37"}],"wp:attachment":[{"href":"https:\/\/shop.oliobonamini.com\/de\/wp-json\/wp\/v2\/media?parent=30"}],"wp:term":[{"taxonomy":"product_brand","embeddable":true,"href":"https:\/\/shop.oliobonamini.com\/de\/wp-json\/wp\/v2\/product_brand?post=30"},{"taxonomy":"product_cat","embeddable":true,"href":"https:\/\/shop.oliobonamini.com\/de\/wp-json\/wp\/v2\/product_cat?post=30"},{"taxonomy":"product_tag","embeddable":true,"href":"https:\/\/shop.oliobonamini.com\/de\/wp-json\/wp\/v2\/product_tag?post=30"}],"curies":[{"name":"wp","href":"https:\/\/api.w.org\/{rel}","templated":true}]}}