{"id":291,"date":"2019-05-07T15:09:29","date_gmt":"2019-05-07T13:09:29","guid":{"rendered":"https:\/\/shop.oliobonamini.com\/?post_type=product&#038;p=291"},"modified":"2026-01-07T11:25:12","modified_gmt":"2026-01-07T10:25:12","slug":"valsecca-non-filtrato-100-italiano-500l","status":"publish","type":"product","link":"https:\/\/shop.oliobonamini.com\/de\/prodotto\/valsecca-non-filtrato-100-italiano-500l\/","title":{"rendered":"Nicht filtriert Valsecca 100% Italienisch 5,00L"},"content":{"rendered":"<p><\/p>\n<h3>Valsecca ist das \u00d6l, das aus nat\u00fcrlich zarten Olivensorten wie Grignano, Gentile und Leccino hergestellt wird. Das in Norditalien gesch\u00e4tzte klassische \u00d6l mit einem zarten, harmonischen und ausgewogenen Geschmack, ohne bitter-w\u00fcrzig zu werden.<br \/>\nUNGEFILTERTE Version<\/h3>\n<p><strong><em>Olivenernte 2025-2026<\/em><\/strong><\/p>\n<p><strong>Sorte<\/strong>: Grignano, Favarol, Frantoio, Leccino und Gentile<br \/>\n<strong>Produktionsbereich<\/strong>: Verona Provinz<br \/>\n<strong>Produktionszeitraum<\/strong>: Anfang November<br \/>\n<strong>Pressung<\/strong>: Kaltpressung<br \/>\n<strong>S\u00e4uregehalt<\/strong>: 0,2% max<br \/>\n<strong>Farbe<\/strong>: Goldgelb mit Nuancen, die zu Gr\u00fcn tendieren<br \/>\n<strong>Geschmack<\/strong>: mittlere Fruchtigkeit , die an die urspr\u00fcngliche Frucht erinnert, ausgewogener Geschmack<br \/>\n<strong>Anwendungsempfehlung<\/strong>: Empfohlen roh w\u00e4hrend der gesamten Mahlzeit und zur t\u00e4glichen Verwendung zu Fisch- und wei\u00dfen Fleischgerichten, hervorragend zu gekochtem und frischem Gem\u00fcse<\/p>","protected":false},"excerpt":{"rendered":"<p>Valsecca ist das \u00d6l, das aus nat\u00fcrlich zarten Olivensorten wie Grignano, Gentile und Leccino hergestellt wird. Das in Norditalien gesch\u00e4tzte klassische \u00d6l mit einem zarten, harmonischen und ausgewogenen Geschmack, ohne bitter-w\u00fcrzig zu werden. UNGEFILTERTE Version Olivenernte 2025-2026 Sorte: Grignano, Favarol, Frantoio, Leccino und Gentile Produktionsbereich: Verona Provinz Produktionszeitraum: Anfang November Pressung: Kaltpressung S\u00e4uregehalt: 0,2% max [&hellip;]<\/p>\n","protected":false},"featured_media":95694,"comment_status":"closed","ping_status":"closed","template":"","meta":{"_acf_changed":false},"product_brand":[],"product_cat":[20],"product_tag":[],"class_list":{"0":"post-291","1":"product","2":"type-product","3":"status-publish","4":"has-post-thumbnail","6":"product_cat-le-selezioni","8":"first","9":"outofstock","10":"taxable","11":"shipping-taxable","12":"purchasable","13":"product-type-variable"},"acf":[],"_links":{"self":[{"href":"https:\/\/shop.oliobonamini.com\/de\/wp-json\/wp\/v2\/product\/291","targetHints":{"allow":["GET"]}}],"collection":[{"href":"https:\/\/shop.oliobonamini.com\/de\/wp-json\/wp\/v2\/product"}],"about":[{"href":"https:\/\/shop.oliobonamini.com\/de\/wp-json\/wp\/v2\/types\/product"}],"replies":[{"embeddable":true,"href":"https:\/\/shop.oliobonamini.com\/de\/wp-json\/wp\/v2\/comments?post=291"}],"wp:featuredmedia":[{"embeddable":true,"href":"https:\/\/shop.oliobonamini.com\/de\/wp-json\/wp\/v2\/media\/95694"}],"wp:attachment":[{"href":"https:\/\/shop.oliobonamini.com\/de\/wp-json\/wp\/v2\/media?parent=291"}],"wp:term":[{"taxonomy":"product_brand","embeddable":true,"href":"https:\/\/shop.oliobonamini.com\/de\/wp-json\/wp\/v2\/product_brand?post=291"},{"taxonomy":"product_cat","embeddable":true,"href":"https:\/\/shop.oliobonamini.com\/de\/wp-json\/wp\/v2\/product_cat?post=291"},{"taxonomy":"product_tag","embeddable":true,"href":"https:\/\/shop.oliobonamini.com\/de\/wp-json\/wp\/v2\/product_tag?post=291"}],"curies":[{"name":"wp","href":"https:\/\/api.w.org\/{rel}","templated":true}]}}