{"id":23,"date":"2019-03-07T10:11:27","date_gmt":"2019-03-07T09:11:27","guid":{"rendered":"http:\/\/shop.oliobonamini.com\/?post_type=product&#038;p=23"},"modified":"2026-03-05T08:51:35","modified_gmt":"2026-03-05T07:51:35","slug":"olio-biologico-100-italiano","status":"publish","type":"product","link":"https:\/\/shop.oliobonamini.com\/de\/prodotto\/olio-biologico-100-italiano\/","title":{"rendered":"100% italienisches natives Bio-Oliven\u00f6l extra \u00d6l"},"content":{"rendered":"<p><\/p>\n<h3>Umweltschutz ist kein Slogan. In diesem Fall ist es die Gewissheit, dass es m\u00f6glich ist, in der Landwirtschaft in Harmonie mit den verf\u00fcgbaren Ressourcen zu produzieren, die eine Zukunft f\u00fcr die Fruchtbarkeit der Erde garantieren.<\/h3>\n<p><em><strong>Oliven\u00f6lkampagne 2024\/2025 f\u00fcr 0,50L Flaschen<br \/>\nOliven\u00f6lkampagne 2025\/2026 <\/strong><strong>f\u00fcr 0,75L Flaschen<\/strong><\/em><\/p>\n<p><strong>Sorte<\/strong>: typischen Olivensorten aus Italien<br \/>\n<strong>Produktionsbereich<\/strong>: in Verona<br \/>\n<strong>Produktionszeitraum<\/strong>: H\u00e4lfte November<br \/>\n<strong>Pressung<\/strong>: Kaltpressung<br \/>\n<strong>S\u00e4uregehalt<\/strong>: max 0,3%<br \/>\n<strong>Farbe<\/strong>: goldgelbe Farbe mit gr\u00fcnen Reflexen<br \/>\n<strong>Geschmack<\/strong>: durchschnittlichen fruchtigen Geschmack<br \/>\n<strong>Kochtipps<\/strong>: Wir empfehlen die Verwendung von Nudeln oder Reis und zweiten G\u00e4nge von wei\u00dfem Fleisch<\/p>\n<p><em>Kontrolliert vom ICEA-Institut f\u00fcr Ethik- und Umweltzertifizierung &#8211; Betreibercode: IT BIO 006 E1464<\/em><\/p>\n<p>&nbsp;<\/p>","protected":false},"excerpt":{"rendered":"<p>Umweltschutz ist kein Slogan. In diesem Fall ist es die Gewissheit, dass es m\u00f6glich ist, in der Landwirtschaft in Harmonie mit den verf\u00fcgbaren Ressourcen zu produzieren, die eine Zukunft f\u00fcr die Fruchtbarkeit der Erde garantieren. Oliven\u00f6lkampagne 2024\/2025 f\u00fcr 0,50L Flaschen Oliven\u00f6lkampagne 2025\/2026 f\u00fcr 0,75L Flaschen Sorte: typischen Olivensorten aus Italien Produktionsbereich: in Verona Produktionszeitraum: H\u00e4lfte [&hellip;]<\/p>\n","protected":false},"featured_media":34,"comment_status":"closed","ping_status":"closed","template":"","meta":{"_acf_changed":false},"product_brand":[],"product_cat":[18],"product_tag":[],"class_list":{"0":"post-23","1":"product","2":"type-product","3":"status-publish","4":"has-post-thumbnail","6":"product_cat-i-certificati","8":"first","9":"instock","10":"sale","11":"taxable","12":"shipping-taxable","13":"purchasable","14":"product-type-variable","15":"has-default-attributes"},"acf":[],"_links":{"self":[{"href":"https:\/\/shop.oliobonamini.com\/de\/wp-json\/wp\/v2\/product\/23","targetHints":{"allow":["GET"]}}],"collection":[{"href":"https:\/\/shop.oliobonamini.com\/de\/wp-json\/wp\/v2\/product"}],"about":[{"href":"https:\/\/shop.oliobonamini.com\/de\/wp-json\/wp\/v2\/types\/product"}],"replies":[{"embeddable":true,"href":"https:\/\/shop.oliobonamini.com\/de\/wp-json\/wp\/v2\/comments?post=23"}],"wp:featuredmedia":[{"embeddable":true,"href":"https:\/\/shop.oliobonamini.com\/de\/wp-json\/wp\/v2\/media\/34"}],"wp:attachment":[{"href":"https:\/\/shop.oliobonamini.com\/de\/wp-json\/wp\/v2\/media?parent=23"}],"wp:term":[{"taxonomy":"product_brand","embeddable":true,"href":"https:\/\/shop.oliobonamini.com\/de\/wp-json\/wp\/v2\/product_brand?post=23"},{"taxonomy":"product_cat","embeddable":true,"href":"https:\/\/shop.oliobonamini.com\/de\/wp-json\/wp\/v2\/product_cat?post=23"},{"taxonomy":"product_tag","embeddable":true,"href":"https:\/\/shop.oliobonamini.com\/de\/wp-json\/wp\/v2\/product_tag?post=23"}],"curies":[{"name":"wp","href":"https:\/\/api.w.org\/{rel}","templated":true}]}}