{"id":207,"date":"2019-03-25T10:21:34","date_gmt":"2019-03-25T09:21:34","guid":{"rendered":"https:\/\/shop.oliobonamini.com\/?post_type=product&#038;p=207"},"modified":"2025-07-28T14:06:24","modified_gmt":"2025-07-28T12:06:24","slug":"veneto-valpolicella-d-o-p-passioni-di-verona-050l","status":"publish","type":"product","link":"https:\/\/shop.oliobonamini.com\/de\/prodotto\/veneto-valpolicella-d-o-p-passioni-di-verona-050l\/","title":{"rendered":"Veneto Valpolicella DOP Passioni di Verona \u00d6l"},"content":{"rendered":"<p><\/p>\n<h3 id=\"tw-target-text\" class=\"tw-data-text tw-text-large tw-ta\" dir=\"ltr\" data-placeholder=\"Traduzione\" data-ved=\"2ahUKEwi_6L2bmeiKAxWt2QIHHavKA4YQ3ewLegQIChAU\" aria-label=\"Testo tradotto: Venetien Valpolicella D.O.P. Passioni di Verona ist ein sensibles, feinzartes und s\u00fc\u00dfes \u00d6l, das den kulinarischen Genuss schon bei der ersten Anwendung erneuert.\"><span class=\"Y2IQFc\" lang=\"de\">Veneto Valpolicella D.O.P. Passioni di Verona ist ein sensibles, feinzartes und s\u00fc\u00dfes \u00d6l, das den kulinarischen Genuss schon bei der ersten Anwendung erneuert.<\/span><\/h3>\n<p><em><strong>Oliven\u00f6lkampagne 2024\/2025<\/strong><\/em><\/p>\n<p><strong>Sorten<\/strong>: Favarol und Grignano<br \/>\n<strong>Olivenanbaugebiet<\/strong>: D.O.P. Provinz Valpolicella in Verona<br \/>\n<strong>Produktionszeitraum<\/strong>: Anfang November<br \/>\n<strong>Pressverfahren<\/strong>: kalt mit Durchlaufsystem<br \/>\n<strong>S\u00e4uregehalt<\/strong>: max. 0,3 %<br \/>\n<strong>Farbe<\/strong>: goldgelb<br \/>\n<strong>Geschmack<\/strong>: feinfruchtig, s\u00fc\u00df und zart<br \/>\n<strong>Empfohlene Verwendung:<\/strong> roh zu leichten Gerichten mit gekochtem oder gegrilltem Fisch, zu wei\u00dfem Fleisch, frischem K\u00e4se und wei\u00dfen Saucen<\/p>","protected":false},"excerpt":{"rendered":"<p>Veneto Valpolicella D.O.P. Passioni di Verona ist ein sensibles, feinzartes und s\u00fc\u00dfes \u00d6l, das den kulinarischen Genuss schon bei der ersten Anwendung erneuert. Oliven\u00f6lkampagne 2024\/2025 Sorten: Favarol und Grignano Olivenanbaugebiet: D.O.P. Provinz Valpolicella in Verona Produktionszeitraum: Anfang November Pressverfahren: kalt mit Durchlaufsystem S\u00e4uregehalt: max. 0,3 % Farbe: goldgelb Geschmack: feinfruchtig, s\u00fc\u00df und zart Empfohlene Verwendung: [&hellip;]<\/p>\n","protected":false},"featured_media":40,"comment_status":"closed","ping_status":"closed","template":"","meta":{"_acf_changed":false},"product_brand":[],"product_cat":[18],"product_tag":[],"class_list":{"0":"post-207","1":"product","2":"type-product","3":"status-publish","4":"has-post-thumbnail","6":"product_cat-i-certificati","8":"first","9":"instock","10":"taxable","11":"shipping-taxable","12":"purchasable","13":"product-type-variable"},"acf":[],"_links":{"self":[{"href":"https:\/\/shop.oliobonamini.com\/de\/wp-json\/wp\/v2\/product\/207","targetHints":{"allow":["GET"]}}],"collection":[{"href":"https:\/\/shop.oliobonamini.com\/de\/wp-json\/wp\/v2\/product"}],"about":[{"href":"https:\/\/shop.oliobonamini.com\/de\/wp-json\/wp\/v2\/types\/product"}],"replies":[{"embeddable":true,"href":"https:\/\/shop.oliobonamini.com\/de\/wp-json\/wp\/v2\/comments?post=207"}],"wp:featuredmedia":[{"embeddable":true,"href":"https:\/\/shop.oliobonamini.com\/de\/wp-json\/wp\/v2\/media\/40"}],"wp:attachment":[{"href":"https:\/\/shop.oliobonamini.com\/de\/wp-json\/wp\/v2\/media?parent=207"}],"wp:term":[{"taxonomy":"product_brand","embeddable":true,"href":"https:\/\/shop.oliobonamini.com\/de\/wp-json\/wp\/v2\/product_brand?post=207"},{"taxonomy":"product_cat","embeddable":true,"href":"https:\/\/shop.oliobonamini.com\/de\/wp-json\/wp\/v2\/product_cat?post=207"},{"taxonomy":"product_tag","embeddable":true,"href":"https:\/\/shop.oliobonamini.com\/de\/wp-json\/wp\/v2\/product_tag?post=207"}],"curies":[{"name":"wp","href":"https:\/\/api.w.org\/{rel}","templated":true}]}}