{"id":204979,"date":"2026-01-07T15:49:54","date_gmt":"2026-01-07T14:49:54","guid":{"rendered":"https:\/\/shop.oliobonamini.com\/?post_type=product&#038;p=204979"},"modified":"2026-04-17T10:15:36","modified_gmt":"2026-04-17T08:15:36","slug":"olio-primilia-prestige-050l","status":"publish","type":"product","link":"https:\/\/shop.oliobonamini.com\/de\/prodotto\/olio-primilia-prestige-050l\/","title":{"rendered":"Natives Oliven\u00f6l Extra Primilia Prestige 0,50L"},"content":{"rendered":"<p><\/p>\n<h3>Primilia ist ein Gew\u00fcrz, das aus frischen und perfekt reifen Fr\u00fcchten hergestellt wird, die zu 100 % aus unseren Olivenhainen stammen und ein duftendes, volles und entschieden aromatisches Erlebnis bieten.<\/h3>\n<h3>Die ganze Meisterschaft von Giancarlo Bonamini vereint in einer eleganten Geschenkbox mit authentischem Geschmack.<\/h3>\n<p><strong>Olivenanbaukampagne 2025\/2026<\/strong><\/p>\n<p><strong>Olivenanbaugebiet:<\/strong> Olivenhaine, die vom Agrarunternehmen Giancarlo Bonamini verwaltet werden<br \/>\n<strong>Pressverfahren:<\/strong> kalt mit Durchlaufsystem<br \/>\n<strong>S\u00e4uregehalt:<\/strong> max. 0,8 %<br \/>\n<strong>Farbe<\/strong>: leuchtend gr\u00fcn<br \/>\n<strong>Geschmack:<\/strong> voll und duftend, mit einem angenehmen, reichen und kr\u00e4ftigen Aroma<br \/>\n<strong>Empfohlene Verwendung:<\/strong> auf Bruschetta, aber auch auf gegrilltem rotem Fleisch, H\u00fclsenfruchtsuppen, Wildragout, gekochtem Gem\u00fcse mit bitterem Nachgeschmack wie Radicchio, Chicor\u00e9e, Rucola<\/p>","protected":false},"excerpt":{"rendered":"<p>Primilia ist ein Gew\u00fcrz, das aus frischen und perfekt reifen Fr\u00fcchten hergestellt wird, die zu 100 % aus unseren Olivenhainen stammen und ein duftendes, volles und entschieden aromatisches Erlebnis bieten. Die ganze Meisterschaft von Giancarlo Bonamini vereint in einer eleganten Geschenkbox mit authentischem Geschmack. Olivenanbaukampagne 2025\/2026 Olivenanbaugebiet: Olivenhaine, die vom Agrarunternehmen Giancarlo Bonamini verwaltet werden [&hellip;]<\/p>\n","protected":false},"featured_media":204981,"comment_status":"open","ping_status":"closed","template":"","meta":{"_acf_changed":false},"product_brand":[],"product_cat":[19,28,40],"product_tag":[],"class_list":{"0":"post-204979","1":"product","2":"type-product","3":"status-publish","4":"has-post-thumbnail","6":"product_cat-i-cru","7":"product_cat-confezioni-regalo","8":"product_cat-confezioni-speciali","10":"first","11":"instock","12":"taxable","13":"shipping-taxable","14":"product-type-variable"},"acf":[],"_links":{"self":[{"href":"https:\/\/shop.oliobonamini.com\/de\/wp-json\/wp\/v2\/product\/204979","targetHints":{"allow":["GET"]}}],"collection":[{"href":"https:\/\/shop.oliobonamini.com\/de\/wp-json\/wp\/v2\/product"}],"about":[{"href":"https:\/\/shop.oliobonamini.com\/de\/wp-json\/wp\/v2\/types\/product"}],"replies":[{"embeddable":true,"href":"https:\/\/shop.oliobonamini.com\/de\/wp-json\/wp\/v2\/comments?post=204979"}],"wp:featuredmedia":[{"embeddable":true,"href":"https:\/\/shop.oliobonamini.com\/de\/wp-json\/wp\/v2\/media\/204981"}],"wp:attachment":[{"href":"https:\/\/shop.oliobonamini.com\/de\/wp-json\/wp\/v2\/media?parent=204979"}],"wp:term":[{"taxonomy":"product_brand","embeddable":true,"href":"https:\/\/shop.oliobonamini.com\/de\/wp-json\/wp\/v2\/product_brand?post=204979"},{"taxonomy":"product_cat","embeddable":true,"href":"https:\/\/shop.oliobonamini.com\/de\/wp-json\/wp\/v2\/product_cat?post=204979"},{"taxonomy":"product_tag","embeddable":true,"href":"https:\/\/shop.oliobonamini.com\/de\/wp-json\/wp\/v2\/product_tag?post=204979"}],"curies":[{"name":"wp","href":"https:\/\/api.w.org\/{rel}","templated":true}]}}