{"id":204043,"date":"2025-01-10T16:11:55","date_gmt":"2025-01-10T15:11:55","guid":{"rendered":"https:\/\/shop.oliobonamini.com\/?post_type=product&#038;p=204043"},"modified":"2026-04-03T16:54:13","modified_gmt":"2026-04-03T14:54:13","slug":"olio-primilia-100-italiano","status":"publish","type":"product","link":"https:\/\/shop.oliobonamini.com\/de\/prodotto\/olio-primilia-100-italiano\/","title":{"rendered":"Natives Oliven\u00f6l Extra Primilia, 100 % italienisch"},"content":{"rendered":"<p><\/p>\n<h3>Primilia ist ein Gew\u00fcrz, das aus frischen und perfekt reifen Fr\u00fcchten hergestellt wird, die zu 100 % aus unseren Olivenhainen stammen und ein duftendes, volles und entschieden aromatisches Erlebnis bieten.<\/h3>\n<p><strong>Olivenanbaukampagne 2025\/2026<\/strong><\/p>\n<p><strong>Olivenanbaugebiet:<\/strong> Olivenhaine, die vom Agrarunternehmen Giancarlo Bonamini verwaltet werden<br \/>\n<strong>Pressverfahren:<\/strong> kalt mit Durchlaufsystem<br \/>\n<strong>S\u00e4uregehalt:<\/strong> max. 0,8 %<br \/>\n<strong>Farbe<\/strong>: leuchtend gr\u00fcn<br \/>\n<strong>Geschmack:<\/strong> voll und duftend, mit einem angenehmen, reichen und kr\u00e4ftigen Aroma<br \/>\n<strong>Empfohlene Verwendung:<\/strong> auf Bruschetta, aber auch auf gegrilltem rotem Fleisch, H\u00fclsenfruchtsuppen, Wildragout, gekochtem Gem\u00fcse mit bitterem Nachgeschmack wie Radicchio, Chicor\u00e9e, Rucola<\/p>","protected":false},"excerpt":{"rendered":"<p>Primilia ist ein Gew\u00fcrz, das aus frischen und perfekt reifen Fr\u00fcchten hergestellt wird, die zu 100 % aus unseren Olivenhainen stammen und ein duftendes, volles und entschieden aromatisches Erlebnis bieten. Olivenanbaukampagne 2025\/2026 Olivenanbaugebiet: Olivenhaine, die vom Agrarunternehmen Giancarlo Bonamini verwaltet werden Pressverfahren: kalt mit Durchlaufsystem S\u00e4uregehalt: max. 0,8 % Farbe: leuchtend gr\u00fcn Geschmack: voll und [&hellip;]<\/p>\n","protected":false},"featured_media":204045,"comment_status":"open","ping_status":"closed","template":"","meta":{"_acf_changed":false},"product_brand":[],"product_cat":[19,17],"product_tag":[],"class_list":{"0":"post-204043","1":"product","2":"type-product","3":"status-publish","4":"has-post-thumbnail","6":"product_cat-i-cru","7":"product_cat-olio-extravergine","9":"first","10":"instock","11":"taxable","12":"shipping-taxable","13":"purchasable","14":"product-type-variable"},"acf":[],"_links":{"self":[{"href":"https:\/\/shop.oliobonamini.com\/de\/wp-json\/wp\/v2\/product\/204043","targetHints":{"allow":["GET"]}}],"collection":[{"href":"https:\/\/shop.oliobonamini.com\/de\/wp-json\/wp\/v2\/product"}],"about":[{"href":"https:\/\/shop.oliobonamini.com\/de\/wp-json\/wp\/v2\/types\/product"}],"replies":[{"embeddable":true,"href":"https:\/\/shop.oliobonamini.com\/de\/wp-json\/wp\/v2\/comments?post=204043"}],"wp:featuredmedia":[{"embeddable":true,"href":"https:\/\/shop.oliobonamini.com\/de\/wp-json\/wp\/v2\/media\/204045"}],"wp:attachment":[{"href":"https:\/\/shop.oliobonamini.com\/de\/wp-json\/wp\/v2\/media?parent=204043"}],"wp:term":[{"taxonomy":"product_brand","embeddable":true,"href":"https:\/\/shop.oliobonamini.com\/de\/wp-json\/wp\/v2\/product_brand?post=204043"},{"taxonomy":"product_cat","embeddable":true,"href":"https:\/\/shop.oliobonamini.com\/de\/wp-json\/wp\/v2\/product_cat?post=204043"},{"taxonomy":"product_tag","embeddable":true,"href":"https:\/\/shop.oliobonamini.com\/de\/wp-json\/wp\/v2\/product_tag?post=204043"}],"curies":[{"name":"wp","href":"https:\/\/api.w.org\/{rel}","templated":true}]}}