{"id":203926,"date":"2024-11-27T15:00:33","date_gmt":"2024-11-27T14:00:33","guid":{"rendered":"https:\/\/shop.oliobonamini.com\/?post_type=product&#038;p=203926"},"modified":"2025-05-26T16:39:49","modified_gmt":"2025-05-26T14:39:49","slug":"panettolio","status":"publish","type":"product","link":"https:\/\/shop.oliobonamini.com\/de\/prodotto\/panettolio\/","title":{"rendered":"PanettOlio"},"content":{"rendered":"<p>Das aus der Zusammenarbeit zwischen <strong>Frantoio Bonamini<\/strong> und der <strong>Pasticceria Zerbato<\/strong> von Vago di Lavagno (VR) entstandene PanettOlio stellt eine perfekte Kombination aus Tradition und Innovation dar. Dieses Dessert wird mit besonderem Augenmerk auf die Nachhaltigkeit des Produktionsprozesses handgefertigt.<\/p>\n<p>PanettOlio wird aus<strong> Natursauerteig, kaltextrahiertem Oliven\u00f6l extra vergine, Rosinen und nat\u00fcrlichen Zutaten h\u00f6chster Qualit\u00e4t zubereitet<\/strong>, ohne jegliche Verwendung von Konservierungsmitteln und synthetischen Aromen. In dieser s\u00fc\u00dfen handwerklichen K\u00f6stlichkeit treffen Konditorkunst und Oliven\u00f6ltradition perfekt aufeinander und erwecken eine k\u00f6stliche Neuinterpretation des Weihnachts-Panettone zum Leben, die nicht nur den Gaumen, sondern auch die Suche nach einer ges\u00fcnderen Ern\u00e4hrung befriedigen soll.<\/p>\n<p><strong>Zutaten<\/strong>: Weichweizenmehl Typ 0, Natursauerteig, kalt extrahiertes EVO, Sultaninen (getrocknete Weintrauben, Sonnenblumen\u00f6l), Eigelb, Wasser, Zucker, Vollmilchpulver, Milch, Fruktose, frische Tiersahne, Kakaobutter, Honig, Salz, Vanille.<\/p>\n<p>Gewicht gr. 750 unterliegen einem nat\u00fcrlichen R\u00fcckgang<\/p>","protected":false},"excerpt":{"rendered":"<p>Das aus der Zusammenarbeit zwischen Frantoio Bonamini und der Pasticceria Zerbato von Vago di Lavagno (VR) entstandene PanettOlio stellt eine perfekte Kombination aus Tradition und Innovation dar. Dieses Dessert wird mit besonderem Augenmerk auf die Nachhaltigkeit des Produktionsprozesses handgefertigt. PanettOlio wird aus Natursauerteig, kaltextrahiertem Oliven\u00f6l extra vergine, Rosinen und nat\u00fcrlichen Zutaten h\u00f6chster Qualit\u00e4t zubereitet, ohne [&hellip;]<\/p>\n","protected":false},"featured_media":203927,"comment_status":"open","ping_status":"closed","template":"","meta":{"_acf_changed":false},"product_brand":[],"product_cat":[33,28,40],"product_tag":[],"class_list":{"0":"post-203926","1":"product","2":"type-product","3":"status-publish","4":"has-post-thumbnail","6":"product_cat-le-specialita","7":"product_cat-confezioni-regalo","8":"product_cat-confezioni-speciali","10":"first","11":"outofstock","12":"taxable","13":"shipping-taxable","14":"purchasable","15":"product-type-simple"},"acf":[],"_links":{"self":[{"href":"https:\/\/shop.oliobonamini.com\/de\/wp-json\/wp\/v2\/product\/203926","targetHints":{"allow":["GET"]}}],"collection":[{"href":"https:\/\/shop.oliobonamini.com\/de\/wp-json\/wp\/v2\/product"}],"about":[{"href":"https:\/\/shop.oliobonamini.com\/de\/wp-json\/wp\/v2\/types\/product"}],"replies":[{"embeddable":true,"href":"https:\/\/shop.oliobonamini.com\/de\/wp-json\/wp\/v2\/comments?post=203926"}],"wp:featuredmedia":[{"embeddable":true,"href":"https:\/\/shop.oliobonamini.com\/de\/wp-json\/wp\/v2\/media\/203927"}],"wp:attachment":[{"href":"https:\/\/shop.oliobonamini.com\/de\/wp-json\/wp\/v2\/media?parent=203926"}],"wp:term":[{"taxonomy":"product_brand","embeddable":true,"href":"https:\/\/shop.oliobonamini.com\/de\/wp-json\/wp\/v2\/product_brand?post=203926"},{"taxonomy":"product_cat","embeddable":true,"href":"https:\/\/shop.oliobonamini.com\/de\/wp-json\/wp\/v2\/product_cat?post=203926"},{"taxonomy":"product_tag","embeddable":true,"href":"https:\/\/shop.oliobonamini.com\/de\/wp-json\/wp\/v2\/product_tag?post=203926"}],"curies":[{"name":"wp","href":"https:\/\/api.w.org\/{rel}","templated":true}]}}