{"id":175,"date":"2019-03-12T17:13:50","date_gmt":"2019-03-12T16:13:50","guid":{"rendered":"http:\/\/shop.oliobonamini.com\/?post_type=product&#038;p=175"},"modified":"2025-03-24T08:54:04","modified_gmt":"2025-03-24T07:54:04","slug":"confezione-15","status":"publish","type":"product","link":"https:\/\/shop.oliobonamini.com\/de\/prodotto\/confezione-15\/","title":{"rendered":"1 Flasche e.v.o. Valsecca 1,00L, 1 Flasche Wein Prosecco 0,75L, 2 aromatisierte \u00d6le und 3 Gl\u00e4ser"},"content":{"rendered":"<p>KOMBINATION VON ENOGASTRONYMISCHEN SPEZIALIT\u00c4TEN!<br \/>\nEs hei\u00dft, wenn du ein St\u00fcck deines Ursprungslandes gibst, ist es, als ob du dir ein St\u00fcck deines Herzens gibst. Wenn Sie danach suchen, ist diese Bonamini-Kombination genau das Richtige f\u00fcr Sie: exquisites natives Oliven\u00f6l Valsecca, exquisiter trockener Prosecco Cort&#8217;Emilia Bonamini-Wein, mit Oregano und Knoblauch aromatisierte \u00d6le sowie k\u00f6stliche Champignons und gef\u00fcllte Paprikaschoten mit Thunfisch und eingelegtem Gem\u00fcse in \u00d6l.<\/p>\n<p><img fetchpriority=\"high\" decoding=\"async\" class=\"alignnone size-medium wp-image-328\" src=\"https:\/\/shop.oliobonamini.com\/wp-content\/uploads\/2019\/03\/Immagine-scatole-300x296.jpg\" alt=\"\" width=\"300\" height=\"296\" srcset=\"https:\/\/shop.oliobonamini.com\/wp-content\/uploads\/2019\/03\/Immagine-scatole-300x296.jpg 300w, https:\/\/shop.oliobonamini.com\/wp-content\/uploads\/2019\/03\/Immagine-scatole-768x759.jpg 768w, https:\/\/shop.oliobonamini.com\/wp-content\/uploads\/2019\/03\/Immagine-scatole-1024x1011.jpg 1024w, https:\/\/shop.oliobonamini.com\/wp-content\/uploads\/2019\/03\/Immagine-scatole-100x100.jpg 100w\" sizes=\"(max-width: 300px) 100vw, 300px\" \/><\/p>","protected":false},"excerpt":{"rendered":"<p>KOMBINATION VON ENOGASTRONYMISCHEN SPEZIALIT\u00c4TEN! Es hei\u00dft, wenn du ein St\u00fcck deines Ursprungslandes gibst, ist es, als ob du dir ein St\u00fcck deines Herzens gibst. Wenn Sie danach suchen, ist diese Bonamini-Kombination genau das Richtige f\u00fcr Sie: exquisites natives Oliven\u00f6l Valsecca, exquisiter trockener Prosecco Cort&#8217;Emilia Bonamini-Wein, mit Oregano und Knoblauch aromatisierte \u00d6le sowie k\u00f6stliche Champignons und [&hellip;]<\/p>\n","protected":false},"featured_media":134388,"comment_status":"closed","ping_status":"closed","template":"","meta":{"_acf_changed":false},"product_brand":[],"product_cat":[28],"product_tag":[],"class_list":{"0":"post-175","1":"product","2":"type-product","3":"status-publish","4":"has-post-thumbnail","6":"product_cat-confezioni-regalo","8":"first","9":"outofstock","10":"taxable","11":"shipping-taxable","12":"purchasable","13":"product-type-simple"},"acf":[],"_links":{"self":[{"href":"https:\/\/shop.oliobonamini.com\/de\/wp-json\/wp\/v2\/product\/175","targetHints":{"allow":["GET"]}}],"collection":[{"href":"https:\/\/shop.oliobonamini.com\/de\/wp-json\/wp\/v2\/product"}],"about":[{"href":"https:\/\/shop.oliobonamini.com\/de\/wp-json\/wp\/v2\/types\/product"}],"replies":[{"embeddable":true,"href":"https:\/\/shop.oliobonamini.com\/de\/wp-json\/wp\/v2\/comments?post=175"}],"wp:featuredmedia":[{"embeddable":true,"href":"https:\/\/shop.oliobonamini.com\/de\/wp-json\/wp\/v2\/media\/134388"}],"wp:attachment":[{"href":"https:\/\/shop.oliobonamini.com\/de\/wp-json\/wp\/v2\/media?parent=175"}],"wp:term":[{"taxonomy":"product_brand","embeddable":true,"href":"https:\/\/shop.oliobonamini.com\/de\/wp-json\/wp\/v2\/product_brand?post=175"},{"taxonomy":"product_cat","embeddable":true,"href":"https:\/\/shop.oliobonamini.com\/de\/wp-json\/wp\/v2\/product_cat?post=175"},{"taxonomy":"product_tag","embeddable":true,"href":"https:\/\/shop.oliobonamini.com\/de\/wp-json\/wp\/v2\/product_tag?post=175"}],"curies":[{"name":"wp","href":"https:\/\/api.w.org\/{rel}","templated":true}]}}