{"id":174,"date":"2019-03-12T17:13:15","date_gmt":"2019-03-12T16:13:15","guid":{"rendered":"http:\/\/shop.oliobonamini.com\/?post_type=product&#038;p=174"},"modified":"2026-01-27T14:58:42","modified_gmt":"2026-01-27T13:58:42","slug":"confezione-14","status":"publish","type":"product","link":"https:\/\/shop.oliobonamini.com\/de\/prodotto\/confezione-14\/","title":{"rendered":"2 Flaschen e.v.o. Santa Giustina und San Felice 1,00L, 1 Flasche Wein Prosecco 0,75L und Balsamico-Essig 0,50L"},"content":{"rendered":"<p>BILD &#8230; SIE K\u00d6NNEN!<br \/>\nStellen Sie sich vor, Sie k\u00f6nnten zwischen zwei der besten nativen Oliven\u00f6le der Region, Santa Giustina und San Felice, w\u00e4hlen, um Ihre Gerichte zu w\u00fcrzen. Dazu trinken Sie ein Glas Cort&#8217;Emilia Bonamini Prosecco Extra Dry und ein paar Tropfen unseres Balsamico-Essigs aus Modena IGP auf Ihrem Teller mit Bresaola, Rucola und Parmesan.<\/p>\n<p><img fetchpriority=\"high\" decoding=\"async\" class=\"alignnone size-medium wp-image-328\" src=\"https:\/\/shop.oliobonamini.com\/wp-content\/uploads\/2019\/03\/Immagine-scatole-300x296.jpg\" alt=\"\" width=\"300\" height=\"296\" srcset=\"https:\/\/shop.oliobonamini.com\/wp-content\/uploads\/2019\/03\/Immagine-scatole-300x296.jpg 300w, https:\/\/shop.oliobonamini.com\/wp-content\/uploads\/2019\/03\/Immagine-scatole-768x759.jpg 768w, https:\/\/shop.oliobonamini.com\/wp-content\/uploads\/2019\/03\/Immagine-scatole-1024x1011.jpg 1024w, https:\/\/shop.oliobonamini.com\/wp-content\/uploads\/2019\/03\/Immagine-scatole-100x100.jpg 100w\" sizes=\"(max-width: 300px) 100vw, 300px\" \/><\/p>","protected":false},"excerpt":{"rendered":"<p>BILD &#8230; SIE K\u00d6NNEN! Stellen Sie sich vor, Sie k\u00f6nnten zwischen zwei der besten nativen Oliven\u00f6le der Region, Santa Giustina und San Felice, w\u00e4hlen, um Ihre Gerichte zu w\u00fcrzen. Dazu trinken Sie ein Glas Cort&#8217;Emilia Bonamini Prosecco Extra Dry und ein paar Tropfen unseres Balsamico-Essigs aus Modena IGP auf Ihrem Teller mit Bresaola, Rucola und [&hellip;]<\/p>\n","protected":false},"featured_media":134387,"comment_status":"closed","ping_status":"closed","template":"","meta":{"_acf_changed":false},"product_brand":[],"product_cat":[28],"product_tag":[],"class_list":{"0":"post-174","1":"product","2":"type-product","3":"status-publish","4":"has-post-thumbnail","6":"product_cat-confezioni-regalo","8":"first","9":"instock","10":"taxable","11":"shipping-taxable","12":"purchasable","13":"product-type-simple"},"acf":[],"_links":{"self":[{"href":"https:\/\/shop.oliobonamini.com\/de\/wp-json\/wp\/v2\/product\/174","targetHints":{"allow":["GET"]}}],"collection":[{"href":"https:\/\/shop.oliobonamini.com\/de\/wp-json\/wp\/v2\/product"}],"about":[{"href":"https:\/\/shop.oliobonamini.com\/de\/wp-json\/wp\/v2\/types\/product"}],"replies":[{"embeddable":true,"href":"https:\/\/shop.oliobonamini.com\/de\/wp-json\/wp\/v2\/comments?post=174"}],"wp:featuredmedia":[{"embeddable":true,"href":"https:\/\/shop.oliobonamini.com\/de\/wp-json\/wp\/v2\/media\/134387"}],"wp:attachment":[{"href":"https:\/\/shop.oliobonamini.com\/de\/wp-json\/wp\/v2\/media?parent=174"}],"wp:term":[{"taxonomy":"product_brand","embeddable":true,"href":"https:\/\/shop.oliobonamini.com\/de\/wp-json\/wp\/v2\/product_brand?post=174"},{"taxonomy":"product_cat","embeddable":true,"href":"https:\/\/shop.oliobonamini.com\/de\/wp-json\/wp\/v2\/product_cat?post=174"},{"taxonomy":"product_tag","embeddable":true,"href":"https:\/\/shop.oliobonamini.com\/de\/wp-json\/wp\/v2\/product_tag?post=174"}],"curies":[{"name":"wp","href":"https:\/\/api.w.org\/{rel}","templated":true}]}}