{"id":173323,"date":"2023-07-28T10:51:59","date_gmt":"2023-07-28T08:51:59","guid":{"rendered":"https:\/\/shop.oliobonamini.com\/?post_type=product&#038;p=173323"},"modified":"2026-04-07T14:58:07","modified_gmt":"2026-04-07T12:58:07","slug":"condimento-allarancia-025l","status":"publish","type":"product","link":"https:\/\/shop.oliobonamini.com\/de\/prodotto\/condimento-allarancia-025l\/","title":{"rendered":"Orangendressing 0,25L &#8211; Riserva"},"content":{"rendered":"<p>Orangendressing 0,25L<br \/>\nHergestellt durch gleichzeitiges Pressen von Oliven und frischen Orangen.<br \/>\n100 % italienisch<\/p>\n<p>Ideales Dressing f\u00fcr Salate, auch im Winter mit Radicchio und Gem\u00fcse mit bitterem Nachgeschmack, wei\u00dfem Fleisch oder zum W\u00fcrzen von ersten und zweiten G\u00e4ngen von gekochtem oder rohem Fisch und Schalentieren. Hervorragend geeignet f\u00fcr die Zubereitung s\u00fc\u00df-saurer So\u00dfen, Marinaden und Desserts, insbesondere in Kombination mit dunkler Schokolade.<\/p>","protected":false},"excerpt":{"rendered":"<p>Orangendressing 0,25L Hergestellt durch gleichzeitiges Pressen von Oliven und frischen Orangen. 100 % italienisch Ideales Dressing f\u00fcr Salate, auch im Winter mit Radicchio und Gem\u00fcse mit bitterem Nachgeschmack, wei\u00dfem Fleisch oder zum W\u00fcrzen von ersten und zweiten G\u00e4ngen von gekochtem oder rohem Fisch und Schalentieren. Hervorragend geeignet f\u00fcr die Zubereitung s\u00fc\u00df-saurer So\u00dfen, Marinaden und Desserts, [&hellip;]<\/p>\n","protected":false},"featured_media":173326,"comment_status":"open","ping_status":"closed","template":"","meta":{"_acf_changed":false},"product_brand":[],"product_cat":[23],"product_tag":[],"class_list":{"0":"post-173323","1":"product","2":"type-product","3":"status-publish","4":"has-post-thumbnail","6":"product_cat-aceti-condimenti","8":"first","9":"instock","10":"taxable","11":"shipping-taxable","12":"purchasable","13":"product-type-simple"},"acf":[],"_links":{"self":[{"href":"https:\/\/shop.oliobonamini.com\/de\/wp-json\/wp\/v2\/product\/173323","targetHints":{"allow":["GET"]}}],"collection":[{"href":"https:\/\/shop.oliobonamini.com\/de\/wp-json\/wp\/v2\/product"}],"about":[{"href":"https:\/\/shop.oliobonamini.com\/de\/wp-json\/wp\/v2\/types\/product"}],"replies":[{"embeddable":true,"href":"https:\/\/shop.oliobonamini.com\/de\/wp-json\/wp\/v2\/comments?post=173323"}],"wp:featuredmedia":[{"embeddable":true,"href":"https:\/\/shop.oliobonamini.com\/de\/wp-json\/wp\/v2\/media\/173326"}],"wp:attachment":[{"href":"https:\/\/shop.oliobonamini.com\/de\/wp-json\/wp\/v2\/media?parent=173323"}],"wp:term":[{"taxonomy":"product_brand","embeddable":true,"href":"https:\/\/shop.oliobonamini.com\/de\/wp-json\/wp\/v2\/product_brand?post=173323"},{"taxonomy":"product_cat","embeddable":true,"href":"https:\/\/shop.oliobonamini.com\/de\/wp-json\/wp\/v2\/product_cat?post=173323"},{"taxonomy":"product_tag","embeddable":true,"href":"https:\/\/shop.oliobonamini.com\/de\/wp-json\/wp\/v2\/product_tag?post=173323"}],"curies":[{"name":"wp","href":"https:\/\/api.w.org\/{rel}","templated":true}]}}