{"id":173316,"date":"2023-07-28T10:32:06","date_gmt":"2023-07-28T08:32:06","guid":{"rendered":"https:\/\/shop.oliobonamini.com\/?post_type=product&#038;p=173316"},"modified":"2026-04-07T14:56:40","modified_gmt":"2026-04-07T12:56:40","slug":"condimento-al-limone-025l","status":"publish","type":"product","link":"https:\/\/shop.oliobonamini.com\/de\/prodotto\/condimento-al-limone-025l\/","title":{"rendered":"Zitronendressing 0,25L &#8211; RISERVA"},"content":{"rendered":"<p>Zitronendressing 0,25L<br \/>\nHergestellt durch gleichzeitiges Pressen von Oliven und frischen Zitronen.<br \/>\n100 % italienisch<\/p>\n<p>Ideale W\u00fcrze f\u00fcr gekochtes und rohes Gem\u00fcse, delikate erste G\u00e4nge wie wei\u00dfe Risottos und Fischsaucen, Frischk\u00e4se, wei\u00dfes Fleisch oder Tatar und rohes Carpaccio. Probieren Sie es auch als Ersatz f\u00fcr Zitronenschale in s\u00fc\u00dfen Rezepten!<\/p>","protected":false},"excerpt":{"rendered":"<p>Zitronendressing 0,25L Hergestellt durch gleichzeitiges Pressen von Oliven und frischen Zitronen. 100 % italienisch Ideale W\u00fcrze f\u00fcr gekochtes und rohes Gem\u00fcse, delikate erste G\u00e4nge wie wei\u00dfe Risottos und Fischsaucen, Frischk\u00e4se, wei\u00dfes Fleisch oder Tatar und rohes Carpaccio. Probieren Sie es auch als Ersatz f\u00fcr Zitronenschale in s\u00fc\u00dfen Rezepten!<\/p>\n","protected":false},"featured_media":173320,"comment_status":"open","ping_status":"closed","template":"","meta":{"_acf_changed":false},"product_brand":[],"product_cat":[23],"product_tag":[],"class_list":{"0":"post-173316","1":"product","2":"type-product","3":"status-publish","4":"has-post-thumbnail","6":"product_cat-aceti-condimenti","8":"first","9":"instock","10":"taxable","11":"shipping-taxable","12":"purchasable","13":"product-type-simple"},"acf":[],"_links":{"self":[{"href":"https:\/\/shop.oliobonamini.com\/de\/wp-json\/wp\/v2\/product\/173316","targetHints":{"allow":["GET"]}}],"collection":[{"href":"https:\/\/shop.oliobonamini.com\/de\/wp-json\/wp\/v2\/product"}],"about":[{"href":"https:\/\/shop.oliobonamini.com\/de\/wp-json\/wp\/v2\/types\/product"}],"replies":[{"embeddable":true,"href":"https:\/\/shop.oliobonamini.com\/de\/wp-json\/wp\/v2\/comments?post=173316"}],"wp:featuredmedia":[{"embeddable":true,"href":"https:\/\/shop.oliobonamini.com\/de\/wp-json\/wp\/v2\/media\/173320"}],"wp:attachment":[{"href":"https:\/\/shop.oliobonamini.com\/de\/wp-json\/wp\/v2\/media?parent=173316"}],"wp:term":[{"taxonomy":"product_brand","embeddable":true,"href":"https:\/\/shop.oliobonamini.com\/de\/wp-json\/wp\/v2\/product_brand?post=173316"},{"taxonomy":"product_cat","embeddable":true,"href":"https:\/\/shop.oliobonamini.com\/de\/wp-json\/wp\/v2\/product_cat?post=173316"},{"taxonomy":"product_tag","embeddable":true,"href":"https:\/\/shop.oliobonamini.com\/de\/wp-json\/wp\/v2\/product_tag?post=173316"}],"curies":[{"name":"wp","href":"https:\/\/api.w.org\/{rel}","templated":true}]}}