{"id":173,"date":"2019-03-12T17:12:41","date_gmt":"2019-03-12T16:12:41","guid":{"rendered":"http:\/\/shop.oliobonamini.com\/?post_type=product&#038;p=173"},"modified":"2025-04-16T10:51:08","modified_gmt":"2025-04-16T08:51:08","slug":"confezione-13","status":"publish","type":"product","link":"https:\/\/shop.oliobonamini.com\/de\/prodotto\/confezione-13\/","title":{"rendered":"1 Flasche e.v.o. Santa Giustina 1,00L, 1 Flasche Wein Valpolicella 0,75L, 1 Spaghetti Pasta und 4 Gl\u00e4ser"},"content":{"rendered":"<p>WER MEHR ERH\u00c4LT, NIMM MEHR!<br \/>\nLieben Sie alle Bonamini-Produkte und wissen nicht, was Sie w\u00e4hlen sollen? Keine Sorge, wir haben dar\u00fcber nachgedacht! Ein Paket, das eine Auswahl der besten Produkte unseres Frantoio vereint. Zwischen \u00d6l, Wein, hausgemachten Nudeln und K\u00f6stlichkeiten im Glas wissen wir nicht mehr, wo wir suchen sollen.<\/p>\n<p><img fetchpriority=\"high\" decoding=\"async\" class=\"alignnone size-medium wp-image-328\" src=\"https:\/\/shop.oliobonamini.com\/wp-content\/uploads\/2019\/03\/Immagine-scatole-300x296.jpg\" alt=\"\" width=\"300\" height=\"296\" srcset=\"https:\/\/shop.oliobonamini.com\/wp-content\/uploads\/2019\/03\/Immagine-scatole-300x296.jpg 300w, https:\/\/shop.oliobonamini.com\/wp-content\/uploads\/2019\/03\/Immagine-scatole-768x759.jpg 768w, https:\/\/shop.oliobonamini.com\/wp-content\/uploads\/2019\/03\/Immagine-scatole-1024x1011.jpg 1024w, https:\/\/shop.oliobonamini.com\/wp-content\/uploads\/2019\/03\/Immagine-scatole-100x100.jpg 100w\" sizes=\"(max-width: 300px) 100vw, 300px\" \/><\/p>","protected":false},"excerpt":{"rendered":"<p>WER MEHR ERH\u00c4LT, NIMM MEHR! Lieben Sie alle Bonamini-Produkte und wissen nicht, was Sie w\u00e4hlen sollen? Keine Sorge, wir haben dar\u00fcber nachgedacht! Ein Paket, das eine Auswahl der besten Produkte unseres Frantoio vereint. Zwischen \u00d6l, Wein, hausgemachten Nudeln und K\u00f6stlichkeiten im Glas wissen wir nicht mehr, wo wir suchen sollen.<\/p>\n","protected":false},"featured_media":134386,"comment_status":"closed","ping_status":"closed","template":"","meta":{"_acf_changed":false},"product_brand":[],"product_cat":[28],"product_tag":[],"class_list":{"0":"post-173","1":"product","2":"type-product","3":"status-publish","4":"has-post-thumbnail","6":"product_cat-confezioni-regalo","8":"first","9":"outofstock","10":"taxable","11":"shipping-taxable","12":"purchasable","13":"product-type-simple"},"acf":[],"_links":{"self":[{"href":"https:\/\/shop.oliobonamini.com\/de\/wp-json\/wp\/v2\/product\/173","targetHints":{"allow":["GET"]}}],"collection":[{"href":"https:\/\/shop.oliobonamini.com\/de\/wp-json\/wp\/v2\/product"}],"about":[{"href":"https:\/\/shop.oliobonamini.com\/de\/wp-json\/wp\/v2\/types\/product"}],"replies":[{"embeddable":true,"href":"https:\/\/shop.oliobonamini.com\/de\/wp-json\/wp\/v2\/comments?post=173"}],"wp:featuredmedia":[{"embeddable":true,"href":"https:\/\/shop.oliobonamini.com\/de\/wp-json\/wp\/v2\/media\/134386"}],"wp:attachment":[{"href":"https:\/\/shop.oliobonamini.com\/de\/wp-json\/wp\/v2\/media?parent=173"}],"wp:term":[{"taxonomy":"product_brand","embeddable":true,"href":"https:\/\/shop.oliobonamini.com\/de\/wp-json\/wp\/v2\/product_brand?post=173"},{"taxonomy":"product_cat","embeddable":true,"href":"https:\/\/shop.oliobonamini.com\/de\/wp-json\/wp\/v2\/product_cat?post=173"},{"taxonomy":"product_tag","embeddable":true,"href":"https:\/\/shop.oliobonamini.com\/de\/wp-json\/wp\/v2\/product_tag?post=173"}],"curies":[{"name":"wp","href":"https:\/\/api.w.org\/{rel}","templated":true}]}}