{"id":172,"date":"2019-03-12T17:11:58","date_gmt":"2019-03-12T16:11:58","guid":{"rendered":"http:\/\/shop.oliobonamini.com\/?post_type=product&#038;p=172"},"modified":"2026-01-27T14:57:48","modified_gmt":"2026-01-27T13:57:48","slug":"confezione-12","status":"publish","type":"product","link":"https:\/\/shop.oliobonamini.com\/de\/prodotto\/confezione-12\/","title":{"rendered":"3 Flaschen e.v.o. 1,00L Santa Giustina, Valsecca e San Felice und 3 Gl\u00e4ser"},"content":{"rendered":"<p>VOM ANTIPASTO BIS ZUM S\u00dcSSEN!<br \/>\nDrei \u00d6le f\u00fcr drei verschiedene Zwecke. Valsecca f\u00fcr Ihr wei\u00dfes Fleisch und gekochtes Gem\u00fcse, Santa Giustina f\u00fcr Ihre ersten G\u00e4nge oder rotes Fleisch und San Felice f\u00fcr die Zubereitung von einfachen und weichen Kuchen zum Fr\u00fchst\u00fcck. Und fragst du dich, wie vor dem Abendessen? Ebenfalls erh\u00e4ltlich in dieser Packung sind die leckere Bonamini-Pastete und die Oliven in nativem Oliven\u00f6l extra, um einen gro\u00dfartigen Eindruck von Vorspeisen bis zu Desserts zu hinterlassen.<\/p>\n<p><img fetchpriority=\"high\" decoding=\"async\" class=\"alignnone size-medium wp-image-328\" src=\"https:\/\/shop.oliobonamini.com\/wp-content\/uploads\/2019\/03\/Immagine-scatole-300x296.jpg\" alt=\"\" width=\"300\" height=\"296\" srcset=\"https:\/\/shop.oliobonamini.com\/wp-content\/uploads\/2019\/03\/Immagine-scatole-300x296.jpg 300w, https:\/\/shop.oliobonamini.com\/wp-content\/uploads\/2019\/03\/Immagine-scatole-768x759.jpg 768w, https:\/\/shop.oliobonamini.com\/wp-content\/uploads\/2019\/03\/Immagine-scatole-1024x1011.jpg 1024w, https:\/\/shop.oliobonamini.com\/wp-content\/uploads\/2019\/03\/Immagine-scatole-100x100.jpg 100w\" sizes=\"(max-width: 300px) 100vw, 300px\" \/><\/p>","protected":false},"excerpt":{"rendered":"<p>VOM ANTIPASTO BIS ZUM S\u00dcSSEN! Drei \u00d6le f\u00fcr drei verschiedene Zwecke. Valsecca f\u00fcr Ihr wei\u00dfes Fleisch und gekochtes Gem\u00fcse, Santa Giustina f\u00fcr Ihre ersten G\u00e4nge oder rotes Fleisch und San Felice f\u00fcr die Zubereitung von einfachen und weichen Kuchen zum Fr\u00fchst\u00fcck. Und fragst du dich, wie vor dem Abendessen? Ebenfalls erh\u00e4ltlich in dieser Packung sind [&hellip;]<\/p>\n","protected":false},"featured_media":134385,"comment_status":"closed","ping_status":"closed","template":"","meta":{"_acf_changed":false},"product_brand":[],"product_cat":[28],"product_tag":[],"class_list":{"0":"post-172","1":"product","2":"type-product","3":"status-publish","4":"has-post-thumbnail","6":"product_cat-confezioni-regalo","8":"first","9":"instock","10":"taxable","11":"shipping-taxable","12":"purchasable","13":"product-type-simple"},"acf":[],"_links":{"self":[{"href":"https:\/\/shop.oliobonamini.com\/de\/wp-json\/wp\/v2\/product\/172","targetHints":{"allow":["GET"]}}],"collection":[{"href":"https:\/\/shop.oliobonamini.com\/de\/wp-json\/wp\/v2\/product"}],"about":[{"href":"https:\/\/shop.oliobonamini.com\/de\/wp-json\/wp\/v2\/types\/product"}],"replies":[{"embeddable":true,"href":"https:\/\/shop.oliobonamini.com\/de\/wp-json\/wp\/v2\/comments?post=172"}],"wp:featuredmedia":[{"embeddable":true,"href":"https:\/\/shop.oliobonamini.com\/de\/wp-json\/wp\/v2\/media\/134385"}],"wp:attachment":[{"href":"https:\/\/shop.oliobonamini.com\/de\/wp-json\/wp\/v2\/media?parent=172"}],"wp:term":[{"taxonomy":"product_brand","embeddable":true,"href":"https:\/\/shop.oliobonamini.com\/de\/wp-json\/wp\/v2\/product_brand?post=172"},{"taxonomy":"product_cat","embeddable":true,"href":"https:\/\/shop.oliobonamini.com\/de\/wp-json\/wp\/v2\/product_cat?post=172"},{"taxonomy":"product_tag","embeddable":true,"href":"https:\/\/shop.oliobonamini.com\/de\/wp-json\/wp\/v2\/product_tag?post=172"}],"curies":[{"name":"wp","href":"https:\/\/api.w.org\/{rel}","templated":true}]}}