{"id":170,"date":"2019-03-12T17:10:41","date_gmt":"2019-03-12T16:10:41","guid":{"rendered":"http:\/\/shop.oliobonamini.com\/?post_type=product&#038;p=170"},"modified":"2024-11-04T08:51:47","modified_gmt":"2024-11-04T07:51:47","slug":"confezione-10","status":"publish","type":"product","link":"https:\/\/shop.oliobonamini.com\/de\/prodotto\/confezione-10\/","title":{"rendered":"3 Wein Flaschen 0,75L (Soave, Valpolicella, Prosecco Cort&#8217;Emilia)"},"content":{"rendered":"<p>NICHT NUR \u00d6L!<br \/>\nEine Packung, die drei verschiedene Cort&#8217;Emilia Bonamini-Weine enth\u00e4lt: den harmonischen Geschmack von Soave und Valpolicella zu den ersten G\u00e4ngen, den zweiten G\u00e4ngen von Schalentieren oder wei\u00dfem Fleisch und den harmonischen Geschmack von Prosecco, der hervorragend zu trockenem handwerklichem Geb\u00e4ck passt.<\/p>\n<p><img fetchpriority=\"high\" decoding=\"async\" class=\"alignnone size-medium wp-image-328\" src=\"https:\/\/shop.oliobonamini.com\/wp-content\/uploads\/2019\/03\/Immagine-scatole-300x296.jpg\" alt=\"\" width=\"300\" height=\"296\" srcset=\"https:\/\/shop.oliobonamini.com\/wp-content\/uploads\/2019\/03\/Immagine-scatole-300x296.jpg 300w, https:\/\/shop.oliobonamini.com\/wp-content\/uploads\/2019\/03\/Immagine-scatole-768x759.jpg 768w, https:\/\/shop.oliobonamini.com\/wp-content\/uploads\/2019\/03\/Immagine-scatole-1024x1011.jpg 1024w, https:\/\/shop.oliobonamini.com\/wp-content\/uploads\/2019\/03\/Immagine-scatole-100x100.jpg 100w\" sizes=\"(max-width: 300px) 100vw, 300px\" \/><\/p>","protected":false},"excerpt":{"rendered":"<p>NICHT NUR \u00d6L! Eine Packung, die drei verschiedene Cort&#8217;Emilia Bonamini-Weine enth\u00e4lt: den harmonischen Geschmack von Soave und Valpolicella zu den ersten G\u00e4ngen, den zweiten G\u00e4ngen von Schalentieren oder wei\u00dfem Fleisch und den harmonischen Geschmack von Prosecco, der hervorragend zu trockenem handwerklichem Geb\u00e4ck passt.<\/p>\n","protected":false},"featured_media":153,"comment_status":"closed","ping_status":"closed","template":"","meta":{"_acf_changed":false},"product_brand":[],"product_cat":[28],"product_tag":[],"class_list":{"0":"post-170","1":"product","2":"type-product","3":"status-publish","4":"has-post-thumbnail","6":"product_cat-confezioni-regalo","8":"first","9":"outofstock","10":"taxable","11":"shipping-taxable","12":"purchasable","13":"product-type-simple"},"acf":[],"_links":{"self":[{"href":"https:\/\/shop.oliobonamini.com\/de\/wp-json\/wp\/v2\/product\/170","targetHints":{"allow":["GET"]}}],"collection":[{"href":"https:\/\/shop.oliobonamini.com\/de\/wp-json\/wp\/v2\/product"}],"about":[{"href":"https:\/\/shop.oliobonamini.com\/de\/wp-json\/wp\/v2\/types\/product"}],"replies":[{"embeddable":true,"href":"https:\/\/shop.oliobonamini.com\/de\/wp-json\/wp\/v2\/comments?post=170"}],"wp:featuredmedia":[{"embeddable":true,"href":"https:\/\/shop.oliobonamini.com\/de\/wp-json\/wp\/v2\/media\/153"}],"wp:attachment":[{"href":"https:\/\/shop.oliobonamini.com\/de\/wp-json\/wp\/v2\/media?parent=170"}],"wp:term":[{"taxonomy":"product_brand","embeddable":true,"href":"https:\/\/shop.oliobonamini.com\/de\/wp-json\/wp\/v2\/product_brand?post=170"},{"taxonomy":"product_cat","embeddable":true,"href":"https:\/\/shop.oliobonamini.com\/de\/wp-json\/wp\/v2\/product_cat?post=170"},{"taxonomy":"product_tag","embeddable":true,"href":"https:\/\/shop.oliobonamini.com\/de\/wp-json\/wp\/v2\/product_tag?post=170"}],"curies":[{"name":"wp","href":"https:\/\/api.w.org\/{rel}","templated":true}]}}