{"id":169,"date":"2019-03-12T17:08:02","date_gmt":"2019-03-12T16:08:02","guid":{"rendered":"http:\/\/shop.oliobonamini.com\/?post_type=product&#038;p=169"},"modified":"2025-10-01T10:55:35","modified_gmt":"2025-10-01T08:55:35","slug":"confezione-9","status":"publish","type":"product","link":"https:\/\/shop.oliobonamini.com\/de\/prodotto\/confezione-9\/","title":{"rendered":"4 Flaschen e.v.o. 0,50L, Veneto Valpolicella DOP, Garda DOP, Monocultivar Grignano, Campo di Casa"},"content":{"rendered":"<p>ZERTIFIKATE &amp; CRUs.<br \/>\nDie Cr\u00e8me de la Cr\u00e8me unseres Frantoio. Eine Schatulle mit zertifizierten und ausgew\u00e4hlten K\u00f6stlichkeiten f\u00fcr Sie, wenn Sie ein geschmackvolles Geschenk machen m\u00f6chten, w\u00e4hrend Sie immer die maximale Qualit\u00e4t und den territorialen Wert bewahren.<br \/>\nZwei DOPs und zwei CRUs kommen zusammen, um die Geschenkbox der Tr\u00e4ume zum Leben zu erwecken &#8230; probieren Sie es einfach aus!<\/p>\n<p><img fetchpriority=\"high\" decoding=\"async\" class=\"alignnone size-medium wp-image-328\" src=\"https:\/\/shop.oliobonamini.com\/wp-content\/uploads\/2019\/03\/Immagine-scatole-300x296.jpg\" alt=\"\" width=\"300\" height=\"296\" srcset=\"https:\/\/shop.oliobonamini.com\/wp-content\/uploads\/2019\/03\/Immagine-scatole-300x296.jpg 300w, https:\/\/shop.oliobonamini.com\/wp-content\/uploads\/2019\/03\/Immagine-scatole-768x759.jpg 768w, https:\/\/shop.oliobonamini.com\/wp-content\/uploads\/2019\/03\/Immagine-scatole-1024x1011.jpg 1024w, https:\/\/shop.oliobonamini.com\/wp-content\/uploads\/2019\/03\/Immagine-scatole-100x100.jpg 100w\" sizes=\"(max-width: 300px) 100vw, 300px\" \/><\/p>","protected":false},"excerpt":{"rendered":"<p>ZERTIFIKATE &amp; CRUs. Die Cr\u00e8me de la Cr\u00e8me unseres Frantoio. Eine Schatulle mit zertifizierten und ausgew\u00e4hlten K\u00f6stlichkeiten f\u00fcr Sie, wenn Sie ein geschmackvolles Geschenk machen m\u00f6chten, w\u00e4hrend Sie immer die maximale Qualit\u00e4t und den territorialen Wert bewahren. Zwei DOPs und zwei CRUs kommen zusammen, um die Geschenkbox der Tr\u00e4ume zum Leben zu erwecken &#8230; probieren [&hellip;]<\/p>\n","protected":false},"featured_media":134393,"comment_status":"closed","ping_status":"closed","template":"","meta":{"_acf_changed":false},"product_brand":[],"product_cat":[28],"product_tag":[],"class_list":{"0":"post-169","1":"product","2":"type-product","3":"status-publish","4":"has-post-thumbnail","6":"product_cat-confezioni-regalo","8":"first","9":"outofstock","10":"taxable","11":"shipping-taxable","12":"purchasable","13":"product-type-simple"},"acf":[],"_links":{"self":[{"href":"https:\/\/shop.oliobonamini.com\/de\/wp-json\/wp\/v2\/product\/169","targetHints":{"allow":["GET"]}}],"collection":[{"href":"https:\/\/shop.oliobonamini.com\/de\/wp-json\/wp\/v2\/product"}],"about":[{"href":"https:\/\/shop.oliobonamini.com\/de\/wp-json\/wp\/v2\/types\/product"}],"replies":[{"embeddable":true,"href":"https:\/\/shop.oliobonamini.com\/de\/wp-json\/wp\/v2\/comments?post=169"}],"wp:featuredmedia":[{"embeddable":true,"href":"https:\/\/shop.oliobonamini.com\/de\/wp-json\/wp\/v2\/media\/134393"}],"wp:attachment":[{"href":"https:\/\/shop.oliobonamini.com\/de\/wp-json\/wp\/v2\/media?parent=169"}],"wp:term":[{"taxonomy":"product_brand","embeddable":true,"href":"https:\/\/shop.oliobonamini.com\/de\/wp-json\/wp\/v2\/product_brand?post=169"},{"taxonomy":"product_cat","embeddable":true,"href":"https:\/\/shop.oliobonamini.com\/de\/wp-json\/wp\/v2\/product_cat?post=169"},{"taxonomy":"product_tag","embeddable":true,"href":"https:\/\/shop.oliobonamini.com\/de\/wp-json\/wp\/v2\/product_tag?post=169"}],"curies":[{"name":"wp","href":"https:\/\/api.w.org\/{rel}","templated":true}]}}