{"id":166,"date":"2019-03-12T17:03:45","date_gmt":"2019-03-12T16:03:45","guid":{"rendered":"http:\/\/shop.oliobonamini.com\/?post_type=product&#038;p=166"},"modified":"2026-01-27T14:55:47","modified_gmt":"2026-01-27T13:55:47","slug":"confezione-6","status":"publish","type":"product","link":"https:\/\/shop.oliobonamini.com\/de\/prodotto\/confezione-6\/","title":{"rendered":"2 Flaschen e.v.o. 1,00L Santa Giustina e Valsecca und 3 Gl\u00e4ser"},"content":{"rendered":"<p>F\u00dcR ALLE GELEGENHEITEN!<br \/>\nGeburtstage, Abschlussfeiern, besondere Jubil\u00e4en &#8230; Bonamini Santa Giustina- und Valsecca-\u00d6le sowie Olivenpastete und entkernte Oliven sind immer eine Gelegenheit, sich in Ihre Tische zu schleichen und mit Ihnen zu feiern.<\/p>\n<p><img fetchpriority=\"high\" decoding=\"async\" class=\"alignnone size-medium wp-image-328\" src=\"https:\/\/shop.oliobonamini.com\/wp-content\/uploads\/2019\/03\/Immagine-scatole-300x296.jpg\" alt=\"\" width=\"300\" height=\"296\" srcset=\"https:\/\/shop.oliobonamini.com\/wp-content\/uploads\/2019\/03\/Immagine-scatole-300x296.jpg 300w, https:\/\/shop.oliobonamini.com\/wp-content\/uploads\/2019\/03\/Immagine-scatole-768x759.jpg 768w, https:\/\/shop.oliobonamini.com\/wp-content\/uploads\/2019\/03\/Immagine-scatole-1024x1011.jpg 1024w, https:\/\/shop.oliobonamini.com\/wp-content\/uploads\/2019\/03\/Immagine-scatole-100x100.jpg 100w\" sizes=\"(max-width: 300px) 100vw, 300px\" \/><\/p>","protected":false},"excerpt":{"rendered":"<p>F\u00dcR ALLE GELEGENHEITEN! Geburtstage, Abschlussfeiern, besondere Jubil\u00e4en &#8230; Bonamini Santa Giustina- und Valsecca-\u00d6le sowie Olivenpastete und entkernte Oliven sind immer eine Gelegenheit, sich in Ihre Tische zu schleichen und mit Ihnen zu feiern.<\/p>\n","protected":false},"featured_media":134378,"comment_status":"closed","ping_status":"closed","template":"","meta":{"_acf_changed":false},"product_brand":[],"product_cat":[28],"product_tag":[],"class_list":{"0":"post-166","1":"product","2":"type-product","3":"status-publish","4":"has-post-thumbnail","6":"product_cat-confezioni-regalo","8":"first","9":"instock","10":"taxable","11":"shipping-taxable","12":"purchasable","13":"product-type-simple"},"acf":[],"_links":{"self":[{"href":"https:\/\/shop.oliobonamini.com\/de\/wp-json\/wp\/v2\/product\/166","targetHints":{"allow":["GET"]}}],"collection":[{"href":"https:\/\/shop.oliobonamini.com\/de\/wp-json\/wp\/v2\/product"}],"about":[{"href":"https:\/\/shop.oliobonamini.com\/de\/wp-json\/wp\/v2\/types\/product"}],"replies":[{"embeddable":true,"href":"https:\/\/shop.oliobonamini.com\/de\/wp-json\/wp\/v2\/comments?post=166"}],"wp:featuredmedia":[{"embeddable":true,"href":"https:\/\/shop.oliobonamini.com\/de\/wp-json\/wp\/v2\/media\/134378"}],"wp:attachment":[{"href":"https:\/\/shop.oliobonamini.com\/de\/wp-json\/wp\/v2\/media?parent=166"}],"wp:term":[{"taxonomy":"product_brand","embeddable":true,"href":"https:\/\/shop.oliobonamini.com\/de\/wp-json\/wp\/v2\/product_brand?post=166"},{"taxonomy":"product_cat","embeddable":true,"href":"https:\/\/shop.oliobonamini.com\/de\/wp-json\/wp\/v2\/product_cat?post=166"},{"taxonomy":"product_tag","embeddable":true,"href":"https:\/\/shop.oliobonamini.com\/de\/wp-json\/wp\/v2\/product_tag?post=166"}],"curies":[{"name":"wp","href":"https:\/\/api.w.org\/{rel}","templated":true}]}}