{"id":165,"date":"2019-03-12T17:02:41","date_gmt":"2019-03-12T16:02:41","guid":{"rendered":"http:\/\/shop.oliobonamini.com\/?post_type=product&#038;p=165"},"modified":"2026-01-27T14:55:08","modified_gmt":"2026-01-27T13:55:08","slug":"confezione-5b","status":"publish","type":"product","link":"https:\/\/shop.oliobonamini.com\/de\/prodotto\/confezione-5b\/","title":{"rendered":"3 Flaschen e.v.o. 1,00L Santa Giustina, Valsecca, San Felice"},"content":{"rendered":"<p>DREI, DIE PERFEKTE ZAHL!<br \/>\nLassen Sie sich von diesem alten Sprichwort mitrei\u00dfen und w\u00e4hlen Sie das Bonamini-Paket, das drei verschiedene Sorten natives Oliven\u00f6l extra enth\u00e4lt: Santa Giustina, Valsecca und San Felice. Perfekt f\u00fcr jeden Anlass. Perfekt f\u00fcr jeden Gaumen. Perfekt f\u00fcr jede Tasche. Einfach perfekt!<\/p>\n<p><img fetchpriority=\"high\" decoding=\"async\" class=\"alignnone size-medium wp-image-328\" src=\"https:\/\/shop.oliobonamini.com\/wp-content\/uploads\/2019\/03\/Immagine-scatole-300x296.jpg\" alt=\"\" width=\"300\" height=\"296\" srcset=\"https:\/\/shop.oliobonamini.com\/wp-content\/uploads\/2019\/03\/Immagine-scatole-300x296.jpg 300w, https:\/\/shop.oliobonamini.com\/wp-content\/uploads\/2019\/03\/Immagine-scatole-768x759.jpg 768w, https:\/\/shop.oliobonamini.com\/wp-content\/uploads\/2019\/03\/Immagine-scatole-1024x1011.jpg 1024w, https:\/\/shop.oliobonamini.com\/wp-content\/uploads\/2019\/03\/Immagine-scatole-100x100.jpg 100w\" sizes=\"(max-width: 300px) 100vw, 300px\" \/><\/p>","protected":false},"excerpt":{"rendered":"<p>DREI, DIE PERFEKTE ZAHL! Lassen Sie sich von diesem alten Sprichwort mitrei\u00dfen und w\u00e4hlen Sie das Bonamini-Paket, das drei verschiedene Sorten natives Oliven\u00f6l extra enth\u00e4lt: Santa Giustina, Valsecca und San Felice. Perfekt f\u00fcr jeden Anlass. Perfekt f\u00fcr jeden Gaumen. Perfekt f\u00fcr jede Tasche. Einfach perfekt!<\/p>\n","protected":false},"featured_media":134374,"comment_status":"closed","ping_status":"closed","template":"","meta":{"_acf_changed":false},"product_brand":[],"product_cat":[28],"product_tag":[],"class_list":{"0":"post-165","1":"product","2":"type-product","3":"status-publish","4":"has-post-thumbnail","6":"product_cat-confezioni-regalo","8":"first","9":"instock","10":"taxable","11":"shipping-taxable","12":"purchasable","13":"product-type-simple"},"acf":[],"_links":{"self":[{"href":"https:\/\/shop.oliobonamini.com\/de\/wp-json\/wp\/v2\/product\/165","targetHints":{"allow":["GET"]}}],"collection":[{"href":"https:\/\/shop.oliobonamini.com\/de\/wp-json\/wp\/v2\/product"}],"about":[{"href":"https:\/\/shop.oliobonamini.com\/de\/wp-json\/wp\/v2\/types\/product"}],"replies":[{"embeddable":true,"href":"https:\/\/shop.oliobonamini.com\/de\/wp-json\/wp\/v2\/comments?post=165"}],"wp:featuredmedia":[{"embeddable":true,"href":"https:\/\/shop.oliobonamini.com\/de\/wp-json\/wp\/v2\/media\/134374"}],"wp:attachment":[{"href":"https:\/\/shop.oliobonamini.com\/de\/wp-json\/wp\/v2\/media?parent=165"}],"wp:term":[{"taxonomy":"product_brand","embeddable":true,"href":"https:\/\/shop.oliobonamini.com\/de\/wp-json\/wp\/v2\/product_brand?post=165"},{"taxonomy":"product_cat","embeddable":true,"href":"https:\/\/shop.oliobonamini.com\/de\/wp-json\/wp\/v2\/product_cat?post=165"},{"taxonomy":"product_tag","embeddable":true,"href":"https:\/\/shop.oliobonamini.com\/de\/wp-json\/wp\/v2\/product_tag?post=165"}],"curies":[{"name":"wp","href":"https:\/\/api.w.org\/{rel}","templated":true}]}}