{"id":164654,"date":"2023-05-31T11:48:07","date_gmt":"2023-05-31T09:48:07","guid":{"rendered":"https:\/\/shop.oliobonamini.com\/?post_type=product&#038;p=164654"},"modified":"2023-09-28T17:11:02","modified_gmt":"2023-09-28T15:11:02","slug":"fruttato-100-italiano-075l","status":"publish","type":"product","link":"https:\/\/shop.oliobonamini.com\/de\/prodotto\/fruttato-100-italiano-075l\/","title":{"rendered":"Fruttato 100% Italienisch 0,75L"},"content":{"rendered":"<p><\/p>\n<h3>Eine W\u00fcrze, die aus reifen Fr\u00fcchten hergestellt wird, um einen frischen Geschmack zu genie\u00dfen, aber mit einem starken und klaren Geschmack.<\/h3>\n<p><strong>Sorte<\/strong>: Frantoio, Leccino, Moraiolo und Peranzana<br \/>\n<strong>Produktionsbereich<\/strong>: Verona Provinz<br \/>\n<strong>Produktionszeitraum<\/strong>: Anfang November<br \/>\n<strong>Pressung<\/strong>: Kaltpressung<br \/>\n<strong>S\u00e4uregehalt<\/strong>: 0,2% max<br \/>\n<strong>Farbe<\/strong>: Gelb- hellgr\u00fcn<br \/>\n<strong>Geschmack<\/strong>: duftender Geschmack von Bl\u00e4ttern und frischen Fr\u00fcchten mit einem entscheidenden und aromatischen Geschmack<br \/>\n<strong>Kochtipps<\/strong>: empfohlen f\u00fcr Bruschetta, aber auch f\u00fcr gegrilltes rotes Fleisch, Wintersalate und f\u00fcr gegrilltes Gem\u00fcse<\/p>","protected":false},"excerpt":{"rendered":"<p>Eine W\u00fcrze, die aus reifen Fr\u00fcchten hergestellt wird, um einen frischen Geschmack zu genie\u00dfen, aber mit einem starken und klaren Geschmack. Sorte: Frantoio, Leccino, Moraiolo und Peranzana Produktionsbereich: Verona Provinz Produktionszeitraum: Anfang November Pressung: Kaltpressung S\u00e4uregehalt: 0,2% max Farbe: Gelb- hellgr\u00fcn Geschmack: duftender Geschmack von Bl\u00e4ttern und frischen Fr\u00fcchten mit einem entscheidenden und aromatischen Geschmack [&hellip;]<\/p>\n","protected":false},"featured_media":1726,"comment_status":"closed","ping_status":"closed","template":"","meta":{"_acf_changed":false},"product_brand":[],"product_cat":[67],"product_tag":[],"class_list":{"0":"post-164654","1":"product","2":"type-product","3":"status-publish","4":"has-post-thumbnail","6":"product_cat-free-gift","8":"first","9":"outofstock","10":"taxable","11":"shipping-taxable","12":"purchasable","13":"product-type-simple"},"acf":[],"_links":{"self":[{"href":"https:\/\/shop.oliobonamini.com\/de\/wp-json\/wp\/v2\/product\/164654","targetHints":{"allow":["GET"]}}],"collection":[{"href":"https:\/\/shop.oliobonamini.com\/de\/wp-json\/wp\/v2\/product"}],"about":[{"href":"https:\/\/shop.oliobonamini.com\/de\/wp-json\/wp\/v2\/types\/product"}],"replies":[{"embeddable":true,"href":"https:\/\/shop.oliobonamini.com\/de\/wp-json\/wp\/v2\/comments?post=164654"}],"wp:featuredmedia":[{"embeddable":true,"href":"https:\/\/shop.oliobonamini.com\/de\/wp-json\/wp\/v2\/media\/1726"}],"wp:attachment":[{"href":"https:\/\/shop.oliobonamini.com\/de\/wp-json\/wp\/v2\/media?parent=164654"}],"wp:term":[{"taxonomy":"product_brand","embeddable":true,"href":"https:\/\/shop.oliobonamini.com\/de\/wp-json\/wp\/v2\/product_brand?post=164654"},{"taxonomy":"product_cat","embeddable":true,"href":"https:\/\/shop.oliobonamini.com\/de\/wp-json\/wp\/v2\/product_cat?post=164654"},{"taxonomy":"product_tag","embeddable":true,"href":"https:\/\/shop.oliobonamini.com\/de\/wp-json\/wp\/v2\/product_tag?post=164654"}],"curies":[{"name":"wp","href":"https:\/\/api.w.org\/{rel}","templated":true}]}}