{"id":163,"date":"2019-03-12T17:01:21","date_gmt":"2019-03-12T16:01:21","guid":{"rendered":"http:\/\/shop.oliobonamini.com\/?post_type=product&#038;p=163"},"modified":"2026-03-27T08:47:08","modified_gmt":"2026-03-27T07:47:08","slug":"confezione-4","status":"publish","type":"product","link":"https:\/\/shop.oliobonamini.com\/de\/prodotto\/confezione-4\/","title":{"rendered":"2 Flaschen e.v.o. 0,50 L Or De Noires und Vert De Vertes"},"content":{"rendered":"<p>AUSWAHL DER AUSWAHL!<br \/>\nOder De Noires, der nur aus den besten schwarzen Oliven hergestellt wird. Zart, s\u00fc\u00df und ausgewogen.<br \/>\nVert De Verted wird nur aus den besten gr\u00fcnen Oliven hergestellt. Geschmackvoll, lecker und charakteristisch an der richtigen Stelle.<br \/>\nEine nie gesehene Kombination f\u00fcr ein ausgew\u00e4hltes Geschenk!<\/p>\n<p><img fetchpriority=\"high\" decoding=\"async\" class=\"alignnone size-medium wp-image-328\" src=\"https:\/\/shop.oliobonamini.com\/wp-content\/uploads\/2019\/03\/Immagine-scatole-300x296.jpg\" alt=\"\" width=\"300\" height=\"296\" srcset=\"https:\/\/shop.oliobonamini.com\/wp-content\/uploads\/2019\/03\/Immagine-scatole-300x296.jpg 300w, https:\/\/shop.oliobonamini.com\/wp-content\/uploads\/2019\/03\/Immagine-scatole-768x759.jpg 768w, https:\/\/shop.oliobonamini.com\/wp-content\/uploads\/2019\/03\/Immagine-scatole-1024x1011.jpg 1024w, https:\/\/shop.oliobonamini.com\/wp-content\/uploads\/2019\/03\/Immagine-scatole-100x100.jpg 100w\" sizes=\"(max-width: 300px) 100vw, 300px\" \/><\/p>","protected":false},"excerpt":{"rendered":"<p>AUSWAHL DER AUSWAHL! Oder De Noires, der nur aus den besten schwarzen Oliven hergestellt wird. Zart, s\u00fc\u00df und ausgewogen. Vert De Verted wird nur aus den besten gr\u00fcnen Oliven hergestellt. Geschmackvoll, lecker und charakteristisch an der richtigen Stelle. Eine nie gesehene Kombination f\u00fcr ein ausgew\u00e4hltes Geschenk!<\/p>\n","protected":false},"featured_media":134389,"comment_status":"closed","ping_status":"closed","template":"","meta":{"_acf_changed":false},"product_brand":[],"product_cat":[28],"product_tag":[],"class_list":{"0":"post-163","1":"product","2":"type-product","3":"status-publish","4":"has-post-thumbnail","6":"product_cat-confezioni-regalo","8":"first","9":"instock","10":"taxable","11":"shipping-taxable","12":"purchasable","13":"product-type-simple"},"acf":[],"_links":{"self":[{"href":"https:\/\/shop.oliobonamini.com\/de\/wp-json\/wp\/v2\/product\/163","targetHints":{"allow":["GET"]}}],"collection":[{"href":"https:\/\/shop.oliobonamini.com\/de\/wp-json\/wp\/v2\/product"}],"about":[{"href":"https:\/\/shop.oliobonamini.com\/de\/wp-json\/wp\/v2\/types\/product"}],"replies":[{"embeddable":true,"href":"https:\/\/shop.oliobonamini.com\/de\/wp-json\/wp\/v2\/comments?post=163"}],"wp:featuredmedia":[{"embeddable":true,"href":"https:\/\/shop.oliobonamini.com\/de\/wp-json\/wp\/v2\/media\/134389"}],"wp:attachment":[{"href":"https:\/\/shop.oliobonamini.com\/de\/wp-json\/wp\/v2\/media?parent=163"}],"wp:term":[{"taxonomy":"product_brand","embeddable":true,"href":"https:\/\/shop.oliobonamini.com\/de\/wp-json\/wp\/v2\/product_brand?post=163"},{"taxonomy":"product_cat","embeddable":true,"href":"https:\/\/shop.oliobonamini.com\/de\/wp-json\/wp\/v2\/product_cat?post=163"},{"taxonomy":"product_tag","embeddable":true,"href":"https:\/\/shop.oliobonamini.com\/de\/wp-json\/wp\/v2\/product_tag?post=163"}],"curies":[{"name":"wp","href":"https:\/\/api.w.org\/{rel}","templated":true}]}}