{"id":16,"date":"2019-03-05T10:31:46","date_gmt":"2019-03-05T09:31:46","guid":{"rendered":"http:\/\/shop.oliobonamini.com\/?post_type=product&#038;p=16"},"modified":"2026-04-01T15:55:08","modified_gmt":"2026-04-01T13:55:08","slug":"veneto-valpolicella-d-o-p","status":"publish","type":"product","link":"https:\/\/shop.oliobonamini.com\/de\/prodotto\/veneto-valpolicella-d-o-p\/","title":{"rendered":"Veneto Valpolicella DOP \u00d6l"},"content":{"rendered":"<p><\/p>\n<h3 class=\"p1\">Mehrfach ausgezeichnet in gro\u00dfen italienischen und internationalen \u00d6lwettbewerben.<br \/>\nEs ist das Flaggschiff des Frantoio Bonamini. <span class=\"Y2IQFc\" lang=\"de\">Ein sch\u00f6nes, elegantes und raffiniertes \u00d6l, das den empfindlichen Gaumen und der Suche nach einem Produkt f\u00fcr den t\u00e4glichen Gebrauch gewidmet ist, ohne auf Qualit\u00e4t und Geschmack zu verzichten. In begrenzten Mengen hergestellt.<\/span><\/h3>\n<p id=\"tw-target-text\" class=\"tw-data-text tw-text-large tw-ta\" dir=\"ltr\" data-placeholder=\"Traduzione\" data-ved=\"2ahUKEwi_6L2bmeiKAxWt2QIHHavKA4YQ3ewLegQIChAU\" aria-label=\"Testo tradotto: Ein sch\u00f6nes, elegantes und raffiniertes \u00d6l, das den empfindlichen Gaumen und der Suche nach einem Produkt f\u00fcr den t\u00e4glichen Gebrauch gewidmet ist, ohne auf Qualit\u00e4t und Geschmack zu verzichten. In begrenzten Mengen hergestellt. Olivenkampagne 2023\/2024 (f\u00fcr das 0,25-Liter-Format) Olivenanbaukampagne 2024\/2025 (f\u00fcr das 0,50-Liter-Format)\"><em><strong><span class=\"Y2IQFc\" lang=\"de\">Olivenkampagne 2025\/2026\u00a0<\/span><\/strong><\/em><\/p>\n<p><img loading=\"lazy\" decoding=\"async\" class=\"alignnone  wp-image-205228\" src=\"https:\/\/shop.oliobonamini.com\/wp-content\/uploads\/2019\/03\/Label_Rated-by_2026-27.jpg\" alt=\"\" width=\"149\" height=\"124\" srcset=\"https:\/\/shop.oliobonamini.com\/wp-content\/uploads\/2019\/03\/Label_Rated-by_2026-27.jpg 415w, https:\/\/shop.oliobonamini.com\/wp-content\/uploads\/2019\/03\/Label_Rated-by_2026-27-300x249.jpg 300w\" sizes=\"(max-width: 149px) 100vw, 149px\" \/><img loading=\"lazy\" decoding=\"async\" class=\"alignnone wp-image-204155\" src=\"https:\/\/shop.oliobonamini.com\/wp-content\/uploads\/2019\/03\/Progetto-senza-titolo-3.png\" alt=\"\" width=\"102\" height=\"128\" srcset=\"https:\/\/shop.oliobonamini.com\/wp-content\/uploads\/2019\/03\/Progetto-senza-titolo-3.png 1080w, https:\/\/shop.oliobonamini.com\/wp-content\/uploads\/2019\/03\/Progetto-senza-titolo-3-240x300.png 240w, https:\/\/shop.oliobonamini.com\/wp-content\/uploads\/2019\/03\/Progetto-senza-titolo-3-819x1024.png 819w, https:\/\/shop.oliobonamini.com\/wp-content\/uploads\/2019\/03\/Progetto-senza-titolo-3-768x960.png 768w, https:\/\/shop.oliobonamini.com\/wp-content\/uploads\/2019\/03\/Progetto-senza-titolo-3-300x375.png 300w\" sizes=\"(max-width: 102px) 100vw, 102px\" \/><img decoding=\"async\" class=\"alignnone wp-image-204033\" src=\"https:\/\/shop.oliobonamini.com\/wp-content\/uploads\/2019\/03\/Flos-Olei-2025_attestato.php_page-0001.jpg\" alt=\"\" width=\"174\" height=\"123\" srcset=\"https:\/\/shop.oliobonamini.com\/wp-content\/uploads\/2019\/03\/Flos-Olei-2025_attestato.php_page-0001.jpg 1754w, https:\/\/shop.oliobonamini.com\/wp-content\/uploads\/2019\/03\/Flos-Olei-2025_attestato.php_page-0001-300x212.jpg 300w, https:\/\/shop.oliobonamini.com\/wp-content\/uploads\/2019\/03\/Flos-Olei-2025_attestato.php_page-0001-1024x725.jpg 1024w, https:\/\/shop.oliobonamini.com\/wp-content\/uploads\/2019\/03\/Flos-Olei-2025_attestato.php_page-0001-768x543.jpg 768w, https:\/\/shop.oliobonamini.com\/wp-content\/uploads\/2019\/03\/Flos-Olei-2025_attestato.php_page-0001-1536x1087.jpg 1536w, https:\/\/shop.oliobonamini.com\/wp-content\/uploads\/2019\/03\/Flos-Olei-2025_attestato.php_page-0001-16x12.jpg 16w\" sizes=\"(max-width: 174px) 100vw, 174px\" \/><img loading=\"lazy\" decoding=\"async\" class=\"alignnone wp-image-204025\" src=\"https:\/\/shop.oliobonamini.com\/wp-content\/uploads\/2019\/03\/FRANTOIO-BONAMINI_page-0001.jpg\" alt=\"\" width=\"172\" height=\"122\" srcset=\"https:\/\/shop.oliobonamini.com\/wp-content\/uploads\/2019\/03\/FRANTOIO-BONAMINI_page-0001.jpg 1754w, https:\/\/shop.oliobonamini.com\/wp-content\/uploads\/2019\/03\/FRANTOIO-BONAMINI_page-0001-300x212.jpg 300w, https:\/\/shop.oliobonamini.com\/wp-content\/uploads\/2019\/03\/FRANTOIO-BONAMINI_page-0001-1024x725.jpg 1024w, https:\/\/shop.oliobonamini.com\/wp-content\/uploads\/2019\/03\/FRANTOIO-BONAMINI_page-0001-768x543.jpg 768w, https:\/\/shop.oliobonamini.com\/wp-content\/uploads\/2019\/03\/FRANTOIO-BONAMINI_page-0001-1536x1087.jpg 1536w, https:\/\/shop.oliobonamini.com\/wp-content\/uploads\/2019\/03\/FRANTOIO-BONAMINI_page-0001-16x12.jpg 16w\" sizes=\"(max-width: 172px) 100vw, 172px\" \/> <img loading=\"lazy\" decoding=\"async\" class=\"alignnone wp-image-204026\" src=\"https:\/\/shop.oliobonamini.com\/wp-content\/uploads\/2019\/03\/LODE-_page-0001.jpg\" alt=\"\" width=\"167\" height=\"118\" srcset=\"https:\/\/shop.oliobonamini.com\/wp-content\/uploads\/2019\/03\/LODE-_page-0001.jpg 1754w, https:\/\/shop.oliobonamini.com\/wp-content\/uploads\/2019\/03\/LODE-_page-0001-300x212.jpg 300w, https:\/\/shop.oliobonamini.com\/wp-content\/uploads\/2019\/03\/LODE-_page-0001-1024x725.jpg 1024w, https:\/\/shop.oliobonamini.com\/wp-content\/uploads\/2019\/03\/LODE-_page-0001-768x543.jpg 768w, https:\/\/shop.oliobonamini.com\/wp-content\/uploads\/2019\/03\/LODE-_page-0001-1536x1087.jpg 1536w, https:\/\/shop.oliobonamini.com\/wp-content\/uploads\/2019\/03\/LODE-_page-0001-16x12.jpg 16w\" sizes=\"(max-width: 167px) 100vw, 167px\" \/><img loading=\"lazy\" decoding=\"async\" class=\"alignnone wp-image-204024\" src=\"https:\/\/shop.oliobonamini.com\/wp-content\/uploads\/2019\/03\/Food-GOLD-18_page-0001.jpg\" alt=\"\" width=\"171\" height=\"121\" srcset=\"https:\/\/shop.oliobonamini.com\/wp-content\/uploads\/2019\/03\/Food-GOLD-18_page-0001.jpg 1755w, https:\/\/shop.oliobonamini.com\/wp-content\/uploads\/2019\/03\/Food-GOLD-18_page-0001-300x212.jpg 300w, https:\/\/shop.oliobonamini.com\/wp-content\/uploads\/2019\/03\/Food-GOLD-18_page-0001-1024x724.jpg 1024w, https:\/\/shop.oliobonamini.com\/wp-content\/uploads\/2019\/03\/Food-GOLD-18_page-0001-768x543.jpg 768w, https:\/\/shop.oliobonamini.com\/wp-content\/uploads\/2019\/03\/Food-GOLD-18_page-0001-1536x1086.jpg 1536w, https:\/\/shop.oliobonamini.com\/wp-content\/uploads\/2019\/03\/Food-GOLD-18_page-0001-16x12.jpg 16w\" sizes=\"(max-width: 171px) 100vw, 171px\" \/><img loading=\"lazy\" decoding=\"async\" class=\"alignnone wp-image-204027\" src=\"https:\/\/shop.oliobonamini.com\/wp-content\/uploads\/2019\/03\/Flos-Olei-2022_page-0001.jpg\" alt=\"\" width=\"170\" height=\"120\" srcset=\"https:\/\/shop.oliobonamini.com\/wp-content\/uploads\/2019\/03\/Flos-Olei-2022_page-0001.jpg 1755w, https:\/\/shop.oliobonamini.com\/wp-content\/uploads\/2019\/03\/Flos-Olei-2022_page-0001-300x212.jpg 300w, https:\/\/shop.oliobonamini.com\/wp-content\/uploads\/2019\/03\/Flos-Olei-2022_page-0001-1024x724.jpg 1024w, https:\/\/shop.oliobonamini.com\/wp-content\/uploads\/2019\/03\/Flos-Olei-2022_page-0001-768x543.jpg 768w, https:\/\/shop.oliobonamini.com\/wp-content\/uploads\/2019\/03\/Flos-Olei-2022_page-0001-1536x1086.jpg 1536w, https:\/\/shop.oliobonamini.com\/wp-content\/uploads\/2019\/03\/Flos-Olei-2022_page-0001-16x12.jpg 16w\" sizes=\"(max-width: 170px) 100vw, 170px\" \/><img loading=\"lazy\" decoding=\"async\" class=\"alignnone wp-image-143159\" src=\"https:\/\/shop.oliobonamini.com\/wp-content\/uploads\/2019\/03\/BONAMINI.png\" alt=\"\" width=\"119\" height=\"119\" srcset=\"https:\/\/shop.oliobonamini.com\/wp-content\/uploads\/2019\/03\/BONAMINI.png 1080w, https:\/\/shop.oliobonamini.com\/wp-content\/uploads\/2019\/03\/BONAMINI-300x300.png 300w, https:\/\/shop.oliobonamini.com\/wp-content\/uploads\/2019\/03\/BONAMINI-1024x1024.png 1024w, https:\/\/shop.oliobonamini.com\/wp-content\/uploads\/2019\/03\/BONAMINI-150x150.png 150w, https:\/\/shop.oliobonamini.com\/wp-content\/uploads\/2019\/03\/BONAMINI-768x768.png 768w, https:\/\/shop.oliobonamini.com\/wp-content\/uploads\/2019\/03\/BONAMINI-12x12.png 12w, https:\/\/shop.oliobonamini.com\/wp-content\/uploads\/2019\/03\/BONAMINI-100x100.png 100w\" sizes=\"(max-width: 119px) 100vw, 119px\" \/><img loading=\"lazy\" decoding=\"async\" class=\"alignnone wp-image-143160\" src=\"https:\/\/shop.oliobonamini.com\/wp-content\/uploads\/2019\/03\/Flos-Olei-2021-Frantoio-Bonamini_page-0001.jpg\" alt=\"\" width=\"164\" height=\"123\" srcset=\"https:\/\/shop.oliobonamini.com\/wp-content\/uploads\/2019\/03\/Flos-Olei-2021-Frantoio-Bonamini_page-0001.jpg 2363w, https:\/\/shop.oliobonamini.com\/wp-content\/uploads\/2019\/03\/Flos-Olei-2021-Frantoio-Bonamini_page-0001-300x225.jpg 300w, https:\/\/shop.oliobonamini.com\/wp-content\/uploads\/2019\/03\/Flos-Olei-2021-Frantoio-Bonamini_page-0001-1024x768.jpg 1024w, https:\/\/shop.oliobonamini.com\/wp-content\/uploads\/2019\/03\/Flos-Olei-2021-Frantoio-Bonamini_page-0001-768x576.jpg 768w, https:\/\/shop.oliobonamini.com\/wp-content\/uploads\/2019\/03\/Flos-Olei-2021-Frantoio-Bonamini_page-0001-1536x1152.jpg 1536w, https:\/\/shop.oliobonamini.com\/wp-content\/uploads\/2019\/03\/Flos-Olei-2021-Frantoio-Bonamini_page-0001-2048x1536.jpg 2048w, https:\/\/shop.oliobonamini.com\/wp-content\/uploads\/2019\/03\/Flos-Olei-2021-Frantoio-Bonamini_page-0001-16x12.jpg 16w\" sizes=\"(max-width: 164px) 100vw, 164px\" \/><img loading=\"lazy\" decoding=\"async\" class=\"alignnone wp-image-143161\" src=\"https:\/\/shop.oliobonamini.com\/wp-content\/uploads\/2019\/03\/DIPLOMI-GOLD-54_page-0001.jpg\" alt=\"\" width=\"180\" height=\"127\" srcset=\"https:\/\/shop.oliobonamini.com\/wp-content\/uploads\/2019\/03\/DIPLOMI-GOLD-54_page-0001.jpg 1755w, https:\/\/shop.oliobonamini.com\/wp-content\/uploads\/2019\/03\/DIPLOMI-GOLD-54_page-0001-300x212.jpg 300w, https:\/\/shop.oliobonamini.com\/wp-content\/uploads\/2019\/03\/DIPLOMI-GOLD-54_page-0001-1024x724.jpg 1024w, https:\/\/shop.oliobonamini.com\/wp-content\/uploads\/2019\/03\/DIPLOMI-GOLD-54_page-0001-768x543.jpg 768w, https:\/\/shop.oliobonamini.com\/wp-content\/uploads\/2019\/03\/DIPLOMI-GOLD-54_page-0001-1536x1085.jpg 1536w, https:\/\/shop.oliobonamini.com\/wp-content\/uploads\/2019\/03\/DIPLOMI-GOLD-54_page-0001-16x12.jpg 16w\" sizes=\"(max-width: 180px) 100vw, 180px\" \/><img loading=\"lazy\" decoding=\"async\" class=\"alignnone wp-image-143164\" src=\"https:\/\/shop.oliobonamini.com\/wp-content\/uploads\/2019\/03\/NYIOOC-2021-1.jpg\" alt=\"\" width=\"174\" height=\"121\" srcset=\"https:\/\/shop.oliobonamini.com\/wp-content\/uploads\/2019\/03\/NYIOOC-2021-1.jpg 1671w, https:\/\/shop.oliobonamini.com\/wp-content\/uploads\/2019\/03\/NYIOOC-2021-1-300x208.jpg 300w, https:\/\/shop.oliobonamini.com\/wp-content\/uploads\/2019\/03\/NYIOOC-2021-1-1024x709.jpg 1024w, https:\/\/shop.oliobonamini.com\/wp-content\/uploads\/2019\/03\/NYIOOC-2021-1-768x532.jpg 768w, https:\/\/shop.oliobonamini.com\/wp-content\/uploads\/2019\/03\/NYIOOC-2021-1-1536x1064.jpg 1536w, https:\/\/shop.oliobonamini.com\/wp-content\/uploads\/2019\/03\/NYIOOC-2021-1-16x12.jpg 16w\" sizes=\"(max-width: 174px) 100vw, 174px\" \/><img loading=\"lazy\" decoding=\"async\" class=\"alignnone wp-image-143165\" src=\"https:\/\/shop.oliobonamini.com\/wp-content\/uploads\/2019\/03\/Flos-Olei-2020_page-0001.jpg\" alt=\"\" width=\"164\" height=\"116\" srcset=\"https:\/\/shop.oliobonamini.com\/wp-content\/uploads\/2019\/03\/Flos-Olei-2020_page-0001.jpg 1754w, https:\/\/shop.oliobonamini.com\/wp-content\/uploads\/2019\/03\/Flos-Olei-2020_page-0001-300x212.jpg 300w, https:\/\/shop.oliobonamini.com\/wp-content\/uploads\/2019\/03\/Flos-Olei-2020_page-0001-1024x725.jpg 1024w, https:\/\/shop.oliobonamini.com\/wp-content\/uploads\/2019\/03\/Flos-Olei-2020_page-0001-768x543.jpg 768w, https:\/\/shop.oliobonamini.com\/wp-content\/uploads\/2019\/03\/Flos-Olei-2020_page-0001-1536x1087.jpg 1536w, https:\/\/shop.oliobonamini.com\/wp-content\/uploads\/2019\/03\/Flos-Olei-2020_page-0001-16x12.jpg 16w\" sizes=\"(max-width: 164px) 100vw, 164px\" \/><\/p>\n<p class=\"p1\"><strong>Sorten<\/strong>: Favarol und Grignano<br \/>\n<strong>Olivenanbaugebiet<\/strong>: D.O.P. Provinz Valpolicella in Verona<br \/>\n<strong>Produktionszeitraum<\/strong>: Ende Oktober<br \/>\n<strong>Pressverfahren<\/strong>: kalt mit Durchlaufsystem<br \/>\n<strong>S\u00e4uregehalt<\/strong>: max. 0,2 %<br \/>\n<strong>Farbe<\/strong>: Goldgelb mit gr\u00fcnlichen Nuancen<br \/>\n<strong>Geschmack<\/strong>: feinfruchtig, s\u00fc\u00df und zart<br \/>\n<strong>Empfohlene Verwendung<\/strong>: roh zu leichten Gerichten mit gekochtem oder gegrilltem Fisch, zu wei\u00dfem Fleisch, frischem K\u00e4se und wei\u00dfen Saucen<\/p>\n<p><\/p>","protected":false},"excerpt":{"rendered":"<p>Mehrfach ausgezeichnet in gro\u00dfen italienischen und internationalen \u00d6lwettbewerben. Es ist das Flaggschiff des Frantoio Bonamini. Ein sch\u00f6nes, elegantes und raffiniertes \u00d6l, das den empfindlichen Gaumen und der Suche nach einem Produkt f\u00fcr den t\u00e4glichen Gebrauch gewidmet ist, ohne auf Qualit\u00e4t und Geschmack zu verzichten. In begrenzten Mengen hergestellt. Olivenkampagne 2025\/2026\u00a0 Sorten: Favarol und Grignano Olivenanbaugebiet: [&hellip;]<\/p>\n","protected":false},"featured_media":44,"comment_status":"closed","ping_status":"closed","template":"","meta":{"_acf_changed":false},"product_brand":[],"product_cat":[18],"product_tag":[],"class_list":{"0":"post-16","1":"product","2":"type-product","3":"status-publish","4":"has-post-thumbnail","6":"product_cat-i-certificati","8":"first","9":"instock","10":"taxable","11":"shipping-taxable","12":"purchasable","13":"product-type-variable","14":"has-default-attributes"},"acf":[],"_links":{"self":[{"href":"https:\/\/shop.oliobonamini.com\/de\/wp-json\/wp\/v2\/product\/16","targetHints":{"allow":["GET"]}}],"collection":[{"href":"https:\/\/shop.oliobonamini.com\/de\/wp-json\/wp\/v2\/product"}],"about":[{"href":"https:\/\/shop.oliobonamini.com\/de\/wp-json\/wp\/v2\/types\/product"}],"replies":[{"embeddable":true,"href":"https:\/\/shop.oliobonamini.com\/de\/wp-json\/wp\/v2\/comments?post=16"}],"wp:featuredmedia":[{"embeddable":true,"href":"https:\/\/shop.oliobonamini.com\/de\/wp-json\/wp\/v2\/media\/44"}],"wp:attachment":[{"href":"https:\/\/shop.oliobonamini.com\/de\/wp-json\/wp\/v2\/media?parent=16"}],"wp:term":[{"taxonomy":"product_brand","embeddable":true,"href":"https:\/\/shop.oliobonamini.com\/de\/wp-json\/wp\/v2\/product_brand?post=16"},{"taxonomy":"product_cat","embeddable":true,"href":"https:\/\/shop.oliobonamini.com\/de\/wp-json\/wp\/v2\/product_cat?post=16"},{"taxonomy":"product_tag","embeddable":true,"href":"https:\/\/shop.oliobonamini.com\/de\/wp-json\/wp\/v2\/product_tag?post=16"}],"curies":[{"name":"wp","href":"https:\/\/api.w.org\/{rel}","templated":true}]}}