{"id":139,"date":"2019-03-11T12:28:10","date_gmt":"2019-03-11T11:28:10","guid":{"rendered":"http:\/\/shop.oliobonamini.com\/?post_type=product&#038;p=139"},"modified":"2026-03-06T16:50:47","modified_gmt":"2026-03-06T15:50:47","slug":"olive-snocciolate","status":"publish","type":"product","link":"https:\/\/shop.oliobonamini.com\/de\/prodotto\/olive-snocciolate\/","title":{"rendered":"Oliven ohne kern in natives Oliven\u00f6l extra"},"content":{"rendered":"<p>Kostbares Oliven\u00f6l, das sich durch einen intensiven und anhaltenden Geschmack auszeichnet. Entkernt und in extra nativem Oliven\u00f6l konserviert, sind sie der ideale Begleiter zu So\u00dfen und Salaten aber auch zu gebackenem Fleisch und Fisch.<\/p>\n<p><strong>Zutaten<\/strong>: Entkertnte schwarze Oliven, natives Olivenn\u00f6l extra Bonamini, Salz und Kr\u00e4uter (Thymian, Lorbeer, Rosmarin).<\/p>\n<p>Beh\u00e4lter: 180 gr.\/950 gr.<\/p>\n<p>&nbsp;<\/p>","protected":false},"excerpt":{"rendered":"<p>Kostbares Oliven\u00f6l, das sich durch einen intensiven und anhaltenden Geschmack auszeichnet. Entkernt und in extra nativem Oliven\u00f6l konserviert, sind sie der ideale Begleiter zu So\u00dfen und Salaten aber auch zu gebackenem Fleisch und Fisch. Zutaten: Entkertnte schwarze Oliven, natives Olivenn\u00f6l extra Bonamini, Salz und Kr\u00e4uter (Thymian, Lorbeer, Rosmarin). Beh\u00e4lter: 180 gr.\/950 gr. &nbsp;<\/p>\n","protected":false},"featured_media":51738,"comment_status":"closed","ping_status":"closed","template":"","meta":{"_acf_changed":false},"product_brand":[],"product_cat":[34],"product_tag":[],"class_list":{"0":"post-139","1":"product","2":"type-product","3":"status-publish","4":"has-post-thumbnail","6":"product_cat-olive","8":"first","9":"instock","10":"taxable","11":"shipping-taxable","12":"purchasable","13":"product-type-variable"},"acf":[],"_links":{"self":[{"href":"https:\/\/shop.oliobonamini.com\/de\/wp-json\/wp\/v2\/product\/139","targetHints":{"allow":["GET"]}}],"collection":[{"href":"https:\/\/shop.oliobonamini.com\/de\/wp-json\/wp\/v2\/product"}],"about":[{"href":"https:\/\/shop.oliobonamini.com\/de\/wp-json\/wp\/v2\/types\/product"}],"replies":[{"embeddable":true,"href":"https:\/\/shop.oliobonamini.com\/de\/wp-json\/wp\/v2\/comments?post=139"}],"wp:featuredmedia":[{"embeddable":true,"href":"https:\/\/shop.oliobonamini.com\/de\/wp-json\/wp\/v2\/media\/51738"}],"wp:attachment":[{"href":"https:\/\/shop.oliobonamini.com\/de\/wp-json\/wp\/v2\/media?parent=139"}],"wp:term":[{"taxonomy":"product_brand","embeddable":true,"href":"https:\/\/shop.oliobonamini.com\/de\/wp-json\/wp\/v2\/product_brand?post=139"},{"taxonomy":"product_cat","embeddable":true,"href":"https:\/\/shop.oliobonamini.com\/de\/wp-json\/wp\/v2\/product_cat?post=139"},{"taxonomy":"product_tag","embeddable":true,"href":"https:\/\/shop.oliobonamini.com\/de\/wp-json\/wp\/v2\/product_tag?post=139"}],"curies":[{"name":"wp","href":"https:\/\/api.w.org\/{rel}","templated":true}]}}