{"id":138,"date":"2019-03-11T12:25:33","date_gmt":"2019-03-11T11:25:33","guid":{"rendered":"http:\/\/shop.oliobonamini.com\/?post_type=product&#038;p=138"},"modified":"2025-12-16T16:26:18","modified_gmt":"2025-12-16T15:26:18","slug":"olive-bella-di-cerignola-schiacciate-piccanti","status":"publish","type":"product","link":"https:\/\/shop.oliobonamini.com\/de\/prodotto\/olive-bella-di-cerignola-schiacciate-piccanti\/","title":{"rendered":"Bella Di Cerignola w\u00fcrzige Oliven"},"content":{"rendered":"<p>Die besten ausgew\u00e4hlten Oliven, zerkleinert und mit nativem Oliven\u00f6l extra und Peperoni gew\u00fcrzt.<\/p>\n<p><strong>Zutaten<\/strong>: Bella Di Cerignola gr\u00fcne Oliven, natives Oliven\u00f6l extra, Salz, Chili, Wei\u00dfweinessig und Kr\u00e4uter.<\/p>\n<p>Beh\u00e4lter: 500 gr.<\/p>\n<p>&nbsp;<\/p>","protected":false},"excerpt":{"rendered":"<p>Die besten ausgew\u00e4hlten Oliven, zerkleinert und mit nativem Oliven\u00f6l extra und Peperoni gew\u00fcrzt. Zutaten: Bella Di Cerignola gr\u00fcne Oliven, natives Oliven\u00f6l extra, Salz, Chili, Wei\u00dfweinessig und Kr\u00e4uter. Beh\u00e4lter: 500 gr. &nbsp;<\/p>\n","protected":false},"featured_media":134,"comment_status":"closed","ping_status":"closed","template":"","meta":{"_acf_changed":false},"product_brand":[],"product_cat":[34],"product_tag":[],"class_list":{"0":"post-138","1":"product","2":"type-product","3":"status-publish","4":"has-post-thumbnail","6":"product_cat-olive","8":"first","9":"instock","10":"taxable","11":"shipping-taxable","12":"purchasable","13":"product-type-simple"},"acf":[],"_links":{"self":[{"href":"https:\/\/shop.oliobonamini.com\/de\/wp-json\/wp\/v2\/product\/138","targetHints":{"allow":["GET"]}}],"collection":[{"href":"https:\/\/shop.oliobonamini.com\/de\/wp-json\/wp\/v2\/product"}],"about":[{"href":"https:\/\/shop.oliobonamini.com\/de\/wp-json\/wp\/v2\/types\/product"}],"replies":[{"embeddable":true,"href":"https:\/\/shop.oliobonamini.com\/de\/wp-json\/wp\/v2\/comments?post=138"}],"wp:featuredmedia":[{"embeddable":true,"href":"https:\/\/shop.oliobonamini.com\/de\/wp-json\/wp\/v2\/media\/134"}],"wp:attachment":[{"href":"https:\/\/shop.oliobonamini.com\/de\/wp-json\/wp\/v2\/media?parent=138"}],"wp:term":[{"taxonomy":"product_brand","embeddable":true,"href":"https:\/\/shop.oliobonamini.com\/de\/wp-json\/wp\/v2\/product_brand?post=138"},{"taxonomy":"product_cat","embeddable":true,"href":"https:\/\/shop.oliobonamini.com\/de\/wp-json\/wp\/v2\/product_cat?post=138"},{"taxonomy":"product_tag","embeddable":true,"href":"https:\/\/shop.oliobonamini.com\/de\/wp-json\/wp\/v2\/product_tag?post=138"}],"curies":[{"name":"wp","href":"https:\/\/api.w.org\/{rel}","templated":true}]}}