{"id":132,"date":"2019-03-11T12:24:04","date_gmt":"2019-03-11T11:24:04","guid":{"rendered":"http:\/\/shop.oliobonamini.com\/?post_type=product&#038;p=132"},"modified":"2025-10-01T10:52:47","modified_gmt":"2025-10-01T08:52:47","slug":"olive-bella-di-cerignola-in-salamoia","status":"publish","type":"product","link":"https:\/\/shop.oliobonamini.com\/de\/prodotto\/olive-bella-di-cerignola-in-salamoia\/","title":{"rendered":"Bella Di Cerignola Oliven in Salzlake"},"content":{"rendered":"<p>Renommierte Tafeloliven, ausgew\u00e4hlt und in Salzlake konserviert, ideal zu einem frischen Aperitif.<\/p>\n<p><strong>Zutaten<\/strong>: Bella Di Cerignola Gr\u00fcne Oliven, Wasser und Salz.<\/p>\n<p>Beh\u00e4lter: 500 gr.<\/p>","protected":false},"excerpt":{"rendered":"<p>Renommierte Tafeloliven, ausgew\u00e4hlt und in Salzlake konserviert, ideal zu einem frischen Aperitif. Zutaten: Bella Di Cerignola Gr\u00fcne Oliven, Wasser und Salz. Beh\u00e4lter: 500 gr.<\/p>\n","protected":false},"featured_media":133,"comment_status":"closed","ping_status":"closed","template":"","meta":{"_acf_changed":false},"product_brand":[],"product_cat":[34],"product_tag":[],"class_list":{"0":"post-132","1":"product","2":"type-product","3":"status-publish","4":"has-post-thumbnail","6":"product_cat-olive","8":"first","9":"instock","10":"taxable","11":"shipping-taxable","12":"purchasable","13":"product-type-simple"},"acf":[],"_links":{"self":[{"href":"https:\/\/shop.oliobonamini.com\/de\/wp-json\/wp\/v2\/product\/132","targetHints":{"allow":["GET"]}}],"collection":[{"href":"https:\/\/shop.oliobonamini.com\/de\/wp-json\/wp\/v2\/product"}],"about":[{"href":"https:\/\/shop.oliobonamini.com\/de\/wp-json\/wp\/v2\/types\/product"}],"replies":[{"embeddable":true,"href":"https:\/\/shop.oliobonamini.com\/de\/wp-json\/wp\/v2\/comments?post=132"}],"wp:featuredmedia":[{"embeddable":true,"href":"https:\/\/shop.oliobonamini.com\/de\/wp-json\/wp\/v2\/media\/133"}],"wp:attachment":[{"href":"https:\/\/shop.oliobonamini.com\/de\/wp-json\/wp\/v2\/media?parent=132"}],"wp:term":[{"taxonomy":"product_brand","embeddable":true,"href":"https:\/\/shop.oliobonamini.com\/de\/wp-json\/wp\/v2\/product_brand?post=132"},{"taxonomy":"product_cat","embeddable":true,"href":"https:\/\/shop.oliobonamini.com\/de\/wp-json\/wp\/v2\/product_cat?post=132"},{"taxonomy":"product_tag","embeddable":true,"href":"https:\/\/shop.oliobonamini.com\/de\/wp-json\/wp\/v2\/product_tag?post=132"}],"curies":[{"name":"wp","href":"https:\/\/api.w.org\/{rel}","templated":true}]}}